{"id":1651,"date":"2016-01-24T11:18:49","date_gmt":"2016-01-24T09:18:49","guid":{"rendered":"http:\/\/protectie-electromagnetica.ro\/?page_id=1651"},"modified":"2016-01-24T11:18:49","modified_gmt":"2016-01-24T09:18:49","slug":"martin-blank","status":"publish","type":"page","link":"https:\/\/protectie-electromagnetica.ro\/cmo\/cercetatori-cmo\/martin-blank\/","title":{"rendered":"Martin Blank"},"content":{"rendered":"<div class=\"uk-grid\" data-uk-grid-margin=\"\">\n<div class=\"uk-width-medium-2-3\">\n\nDr. Pr. Martin Blank este PhDs in Physical Chemistry from <a href=\"http:\/\/www.physiology.columbia.edu\/MartinBlank.html\" target=\"_blank\" rel=\"noopener noreferrer\">Columbia University<\/a>, Department of Physiology and Cellular Biophysics si expert in \u0218tiin\u021ba Coloidelor la University of Cambridge.\n\nLa initiativa Dr. Pr. Martin Blank, in data de <strong>11 mai 2015<\/strong>, un grup de 190 oameni de \u015ftiin\u0163\u0103 \u015fi cercet\u0103tori din domeniul c\u00e2mpului electromagnetic, din 39 de \u0163\u0103ri, au semnat un apel adresat Organiza\u0163iei Na\u0163iunilor Unite (ONU) \u015fi Organiza\u0163iei Mondiale a S\u0103n\u0103t\u0103\u0163ii (OMS) prin care atrag aten\u0163ia asupra efectelor negative ale c\u00e2mpurilor electromagnetice asupra s\u0103n\u0103t\u0103\u0163ii umane \u015fi solicit\u0103 revizuirea normelor de protec\u0163ie din acest domeniu.\n\n<iframe loading=\"lazy\" title=\"Apel international ONU\" width=\"500\" height=\"281\" src=\"https:\/\/www.youtube.com\/embed\/pSYw2gLOryE?feature=oembed\" frameborder=\"0\" allow=\"accelerometer; autoplay; clipboard-write; encrypted-media; gyroscope; picture-in-picture; web-share\" referrerpolicy=\"strict-origin-when-cross-origin\" allowfullscreen><\/iframe>  \n\n<\/div>\n<div class=\"uk-width-medium-2-3\"><\/div>\n<div class=\"uk-width-medium-2-3\">Cu acelasi spirit combativ, Dr Martin Blank a realizat\u00a0in anul 2003 studiul &#8222;peer review&#8221; care a confirmat remarcabila eficienta a dispozitivelor CMO:\n&#8222;<a href=\"http:\/\/protectie-electromagnetica.ro\/cmo\/wp-content\/uploads\/2016\/02\/Blank-Goodman-CMO-HSP70-DNA-Copy.pdf\" target=\"_blank\" rel=\"noopener noreferrer\">Effects of mobile phone radiation on reproduction and development in Drosophila melanogaster<\/a>&#8221;\n<blockquote>Extras: &#8222;Dispozitivele de protectie CMO* au permis restabilirea cu 100% a SRE (Serum Reponse Element ) si reducerea cu 73% a sintezei HSP70, \u00een compara\u021bie cu organismele expuse la radia\u021biile unui telefon GSM&#8221;.<\/blockquote>\n<\/div>\n<div class=\"uk-width-medium-1-3\">\n<div class=\"uk-overlay\">\n\n<img decoding=\"async\" src=\"http:\/\/protectie-electromagnetica.ro\/cmo\/wp-content\/uploads\/2016\/01\/martin-blank-cmo.jpg\" alt=\"Dr. Martin Blank\" \/>\n<div class=\"uk-thumbnail-caption\">Dr. Martin Blank<\/div>\n<\/div>\n<\/div>\n<\/div>","protected":false},"excerpt":{"rendered":"<p>Dr. Pr. Martin Blank este PhDs in Physical Chemistry from Columbia University, Department of Physiology and Cellular Biophysics si expert in \u0218tiin\u021ba Coloidelor la University of Cambridge. La initiativa Dr. Pr. Martin Blank, in data de 11 mai 2015, un grup de 190 oameni de \u015ftiin\u0163\u0103 \u015fi cercet\u0103tori din domeniul c\u00e2mpului electromagnetic, din 39 de [&hellip;]<\/p>\n","protected":false},"author":2,"featured_media":0,"parent":1434,"menu_order":0,"comment_status":"closed","ping_status":"closed","template":"","meta":{"footnotes":""},"class_list":["post-1651","page","type-page","status-publish","hentry"],"yoast_head":"<!-- This site is optimized with the Yoast SEO plugin v27.5 - https:\/\/yoast.com\/product\/yoast-seo-wordpress\/ -->\n<title>Martin Blank - Protec\u021bie electromagnetic\u0103<\/title>\n<meta name=\"robots\" content=\"index, follow, max-snippet:-1, max-image-preview:large, max-video-preview:-1\" \/>\n<link rel=\"canonical\" href=\"https:\/\/protectie-electromagnetica.ro\/cmo\/cercetatori-cmo\/martin-blank\/\" \/>\n<meta property=\"og:locale\" content=\"ro_RO\" \/>\n<meta property=\"og:type\" content=\"article\" \/>\n<meta property=\"og:title\" content=\"Martin Blank - Protec\u021bie electromagnetic\u0103\" \/>\n<meta property=\"og:description\" content=\"Dr. Pr. Martin Blank este PhDs in Physical Chemistry from Columbia University, Department of Physiology and Cellular Biophysics si expert in \u0218tiin\u021ba Coloidelor la University of Cambridge. La initiativa Dr. Pr. Martin Blank, in data de 11 mai 2015, un grup de 190 oameni de \u015ftiin\u0163\u0103 \u015fi cercet\u0103tori din domeniul c\u00e2mpului electromagnetic, din 39 de [&hellip;]\" \/>\n<meta property=\"og:url\" content=\"https:\/\/protectie-electromagnetica.ro\/cmo\/cercetatori-cmo\/martin-blank\/\" \/>\n<meta property=\"og:site_name\" content=\"Protec\u021bie electromagnetic\u0103\" \/>\n<meta property=\"article:publisher\" content=\"https:\/\/www.facebook.com\/bioscem\/\" \/>\n<meta property=\"og:image\" content=\"http:\/\/protectie-electromagnetica.ro\/cmo\/wp-content\/uploads\/2016\/01\/martin-blank-cmo.jpg\" \/>\n<meta name=\"twitter:card\" content=\"summary_large_image\" \/>\n<meta name=\"twitter:label1\" content=\"Timp estimat pentru citire\" \/>\n\t<meta name=\"twitter:data1\" content=\"1 minut\" \/>\n<script type=\"application\/ld+json\" class=\"yoast-schema-graph\">{\"@context\":\"https:\\\/\\\/schema.org\",\"@graph\":[{\"@type\":\"WebPage\",\"@id\":\"https:\\\/\\\/protectie-electromagnetica.ro\\\/cmo\\\/cercetatori-cmo\\\/martin-blank\\\/\",\"url\":\"https:\\\/\\\/protectie-electromagnetica.ro\\\/cmo\\\/cercetatori-cmo\\\/martin-blank\\\/\",\"name\":\"Martin Blank - Protec\u021bie electromagnetic\u0103\",\"isPartOf\":{\"@id\":\"https:\\\/\\\/protectie-electromagnetica.ro\\\/cmo\\\/#website\"},\"primaryImageOfPage\":{\"@id\":\"https:\\\/\\\/protectie-electromagnetica.ro\\\/cmo\\\/cercetatori-cmo\\\/martin-blank\\\/#primaryimage\"},\"image\":{\"@id\":\"https:\\\/\\\/protectie-electromagnetica.ro\\\/cmo\\\/cercetatori-cmo\\\/martin-blank\\\/#primaryimage\"},\"thumbnailUrl\":\"http:\\\/\\\/protectie-electromagnetica.ro\\\/cmo\\\/wp-content\\\/uploads\\\/2016\\\/01\\\/martin-blank-cmo.jpg\",\"datePublished\":\"2016-01-24T09:18:49+00:00\",\"breadcrumb\":{\"@id\":\"https:\\\/\\\/protectie-electromagnetica.ro\\\/cmo\\\/cercetatori-cmo\\\/martin-blank\\\/#breadcrumb\"},\"inLanguage\":\"ro-RO\",\"potentialAction\":[{\"@type\":\"ReadAction\",\"target\":[\"https:\\\/\\\/protectie-electromagnetica.ro\\\/cmo\\\/cercetatori-cmo\\\/martin-blank\\\/\"]}]},{\"@type\":\"ImageObject\",\"inLanguage\":\"ro-RO\",\"@id\":\"https:\\\/\\\/protectie-electromagnetica.ro\\\/cmo\\\/cercetatori-cmo\\\/martin-blank\\\/#primaryimage\",\"url\":\"https:\\\/\\\/protectie-electromagnetica.ro\\\/cmo\\\/wp-content\\\/uploads\\\/2016\\\/01\\\/martin-blank-cmo.jpg\",\"contentUrl\":\"https:\\\/\\\/protectie-electromagnetica.ro\\\/cmo\\\/wp-content\\\/uploads\\\/2016\\\/01\\\/martin-blank-cmo.jpg\",\"width\":220,\"height\":220},{\"@type\":\"BreadcrumbList\",\"@id\":\"https:\\\/\\\/protectie-electromagnetica.ro\\\/cmo\\\/cercetatori-cmo\\\/martin-blank\\\/#breadcrumb\",\"itemListElement\":[{\"@type\":\"ListItem\",\"position\":1,\"name\":\"Prima pagin\u0103\",\"item\":\"https:\\\/\\\/protectie-electromagnetica.ro\\\/cmo\\\/\"},{\"@type\":\"ListItem\",\"position\":2,\"name\":\"Cercet\u0103tori CMO\",\"item\":\"https:\\\/\\\/protectie-electromagnetica.ro\\\/cmo\\\/cercetatori-cmo\\\/\"},{\"@type\":\"ListItem\",\"position\":3,\"name\":\"Martin Blank\"}]},{\"@type\":\"WebSite\",\"@id\":\"https:\\\/\\\/protectie-electromagnetica.ro\\\/cmo\\\/#website\",\"url\":\"https:\\\/\\\/protectie-electromagnetica.ro\\\/cmo\\\/\",\"name\":\"Protec\u021bie electromagnetic\u0103\",\"description\":\"Protectie Electromagnetica cu dispozitive bio-compatibile CMO (Oscilator Magnetic de Compensare) cu validare stiintifica\",\"potentialAction\":[{\"@type\":\"SearchAction\",\"target\":{\"@type\":\"EntryPoint\",\"urlTemplate\":\"https:\\\/\\\/protectie-electromagnetica.ro\\\/cmo\\\/?s={search_term_string}\"},\"query-input\":{\"@type\":\"PropertyValueSpecification\",\"valueRequired\":true,\"valueName\":\"search_term_string\"}}],\"inLanguage\":\"ro-RO\"}]}<\/script>\n<!-- \/ Yoast SEO plugin. -->","yoast_head_json":{"title":"Martin Blank - Protec\u021bie electromagnetic\u0103","robots":{"index":"index","follow":"follow","max-snippet":"max-snippet:-1","max-image-preview":"max-image-preview:large","max-video-preview":"max-video-preview:-1"},"canonical":"https:\/\/protectie-electromagnetica.ro\/cmo\/cercetatori-cmo\/martin-blank\/","og_locale":"ro_RO","og_type":"article","og_title":"Martin Blank - Protec\u021bie electromagnetic\u0103","og_description":"Dr. Pr. Martin Blank este PhDs in Physical Chemistry from Columbia University, Department of Physiology and Cellular Biophysics si expert in \u0218tiin\u021ba Coloidelor la University of Cambridge. La initiativa Dr. Pr. Martin Blank, in data de 11 mai 2015, un grup de 190 oameni de \u015ftiin\u0163\u0103 \u015fi cercet\u0103tori din domeniul c\u00e2mpului electromagnetic, din 39 de [&hellip;]","og_url":"https:\/\/protectie-electromagnetica.ro\/cmo\/cercetatori-cmo\/martin-blank\/","og_site_name":"Protec\u021bie electromagnetic\u0103","article_publisher":"https:\/\/www.facebook.com\/bioscem\/","og_image":[{"url":"http:\/\/protectie-electromagnetica.ro\/cmo\/wp-content\/uploads\/2016\/01\/martin-blank-cmo.jpg","type":"","width":"","height":""}],"twitter_card":"summary_large_image","twitter_misc":{"Timp estimat pentru citire":"1 minut"},"schema":{"@context":"https:\/\/schema.org","@graph":[{"@type":"WebPage","@id":"https:\/\/protectie-electromagnetica.ro\/cmo\/cercetatori-cmo\/martin-blank\/","url":"https:\/\/protectie-electromagnetica.ro\/cmo\/cercetatori-cmo\/martin-blank\/","name":"Martin Blank - Protec\u021bie electromagnetic\u0103","isPartOf":{"@id":"https:\/\/protectie-electromagnetica.ro\/cmo\/#website"},"primaryImageOfPage":{"@id":"https:\/\/protectie-electromagnetica.ro\/cmo\/cercetatori-cmo\/martin-blank\/#primaryimage"},"image":{"@id":"https:\/\/protectie-electromagnetica.ro\/cmo\/cercetatori-cmo\/martin-blank\/#primaryimage"},"thumbnailUrl":"http:\/\/protectie-electromagnetica.ro\/cmo\/wp-content\/uploads\/2016\/01\/martin-blank-cmo.jpg","datePublished":"2016-01-24T09:18:49+00:00","breadcrumb":{"@id":"https:\/\/protectie-electromagnetica.ro\/cmo\/cercetatori-cmo\/martin-blank\/#breadcrumb"},"inLanguage":"ro-RO","potentialAction":[{"@type":"ReadAction","target":["https:\/\/protectie-electromagnetica.ro\/cmo\/cercetatori-cmo\/martin-blank\/"]}]},{"@type":"ImageObject","inLanguage":"ro-RO","@id":"https:\/\/protectie-electromagnetica.ro\/cmo\/cercetatori-cmo\/martin-blank\/#primaryimage","url":"https:\/\/protectie-electromagnetica.ro\/cmo\/wp-content\/uploads\/2016\/01\/martin-blank-cmo.jpg","contentUrl":"https:\/\/protectie-electromagnetica.ro\/cmo\/wp-content\/uploads\/2016\/01\/martin-blank-cmo.jpg","width":220,"height":220},{"@type":"BreadcrumbList","@id":"https:\/\/protectie-electromagnetica.ro\/cmo\/cercetatori-cmo\/martin-blank\/#breadcrumb","itemListElement":[{"@type":"ListItem","position":1,"name":"Prima pagin\u0103","item":"https:\/\/protectie-electromagnetica.ro\/cmo\/"},{"@type":"ListItem","position":2,"name":"Cercet\u0103tori CMO","item":"https:\/\/protectie-electromagnetica.ro\/cmo\/cercetatori-cmo\/"},{"@type":"ListItem","position":3,"name":"Martin Blank"}]},{"@type":"WebSite","@id":"https:\/\/protectie-electromagnetica.ro\/cmo\/#website","url":"https:\/\/protectie-electromagnetica.ro\/cmo\/","name":"Protec\u021bie electromagnetic\u0103","description":"Protectie Electromagnetica cu dispozitive bio-compatibile CMO (Oscilator Magnetic de Compensare) cu validare stiintifica","potentialAction":[{"@type":"SearchAction","target":{"@type":"EntryPoint","urlTemplate":"https:\/\/protectie-electromagnetica.ro\/cmo\/?s={search_term_string}"},"query-input":{"@type":"PropertyValueSpecification","valueRequired":true,"valueName":"search_term_string"}}],"inLanguage":"ro-RO"}]}},"_links":{"self":[{"href":"https:\/\/protectie-electromagnetica.ro\/cmo\/wp-json\/wp\/v2\/pages\/1651","targetHints":{"allow":["GET"]}}],"collection":[{"href":"https:\/\/protectie-electromagnetica.ro\/cmo\/wp-json\/wp\/v2\/pages"}],"about":[{"href":"https:\/\/protectie-electromagnetica.ro\/cmo\/wp-json\/wp\/v2\/types\/page"}],"author":[{"embeddable":true,"href":"https:\/\/protectie-electromagnetica.ro\/cmo\/wp-json\/wp\/v2\/users\/2"}],"replies":[{"embeddable":true,"href":"https:\/\/protectie-electromagnetica.ro\/cmo\/wp-json\/wp\/v2\/comments?post=1651"}],"version-history":[{"count":0,"href":"https:\/\/protectie-electromagnetica.ro\/cmo\/wp-json\/wp\/v2\/pages\/1651\/revisions"}],"up":[{"embeddable":true,"href":"https:\/\/protectie-electromagnetica.ro\/cmo\/wp-json\/wp\/v2\/pages\/1434"}],"wp:attachment":[{"href":"https:\/\/protectie-electromagnetica.ro\/cmo\/wp-json\/wp\/v2\/media?parent=1651"}],"curies":[{"name":"wp","href":"https:\/\/api.w.org\/{rel}","templated":true}]}}