{"id":1711,"date":"2016-01-25T10:48:20","date_gmt":"2016-01-25T08:48:20","guid":{"rendered":"http:\/\/protectie-electromagnetica.ro\/?page_id=1711"},"modified":"2016-01-25T10:48:20","modified_gmt":"2016-01-25T08:48:20","slug":"madeleine-bastide","status":"publish","type":"page","link":"https:\/\/protectie-electromagnetica.ro\/cmo\/cercetatori-cmo\/madeleine-bastide\/","title":{"rendered":"Madeleine Bastide"},"content":{"rendered":"<div class=\"uk-grid\" data-uk-grid-margin=\"\">\n<div class=\"uk-width-medium-2-3\">\n\n<p><a href=\"http:\/\/www.next-up.org\/pdf\/Madeleine_Bastide_Cem_et_Mortalite_Embryonnaire.pdf\" target=\"_blank\" rel=\"noopener noreferrer\">Prof. Madeleine Bastide <\/a>(1935- 2007), Profesor Emerit, Profesor de imunologie si Parazitologie, Facultatea de Farmacie din Montpellier. A fost Presedinte Fondator al Grupului International de Cercetare asupra Infinitezimalului <a href=\"http:\/\/www.giriweb.com\/index.php?action=1\" target=\"_blank\" rel=\"noopener noreferrer\">GIRI<\/a> \u015fi unul din cei mai prestigio\u015fi cercet\u0103tori din domeniul <a href=\"http:\/\/giriweb.com\/members\/bastide.htm\" target=\"_blank\" rel=\"noopener noreferrer\">Homeopatic<\/a>.<\/p>\n\n<p>Dr Bastide a contribuit semnificativ la perfec\u0163ionarea si validarea dispozitivelor de protec\u0163ie CMO:\n<blockquote><p>&#8222;<a href=\"http:\/\/protectie-electromagnetica.ro\/poluare-electromagnetica-si-homeopatie\/\" target=\"_blank\" rel=\"noopener noreferrer\">Noi am constatat o restabilire integral\u0103 a dezvolt\u0103rii embrionului de g\u0103in\u0103, gratie utiliz\u0103rii dispozitivelor de protectie CMO.&#8221;<\/a><\/p><\/blockquote> <\/p>\n\n<p>-De-a lungul carierei sale \u015ftiin\u0163ifice a publicat<a href=\"http:\/\/www.ncbi.nlm.nih.gov\/pubmed\/?term=Bastide%20M%5BAuthor %5D&#038;cauthor=true&#038;cauthor_uid=16813505\" target=\"_blank\" rel=\"noopener noreferrer\"> 91 de articole peer-rewiev <\/a>\u015fi a \u0163inut numeroase conferin\u0163e.<\/p>\n\n<p>Studii de validare a dispozitivelor de protec\u0163ie CMO realizate de Dr Bastide:<br \/>\n&#8211; Bastide M., Youbicier-Simo BJ, Boudard F, <br \/>\n<a href=\"http:\/\/protectie-electromagnetica.ro\/cmo\/wp-content\/uploads\/2016\/02\/Bastide-Nancy-.png\" target=\"_blank\" rel=\"noopener noreferrer\">Bioeffects of continuous exposure of embryos and young chickens to ELF displayed by desk computers<\/a>: protective effect of Tecno AO antenna. Third International Congress of the European Bio Electromagnetics Association. Nancy, France: 29 F\u00e9vrier-3 Mars 1996.  <br \/>\n &#8211; Bastide M. ; Youbicier-Simo B.J., Lebecq J.C. , 1998, Damage of chicken embryos by\n EMFs from mobile phones: protection by a compensation antenna (TecnoAO). Abstract Book of 20th BEMS Ann. Meeting, St.-Petersburg, Florida<br \/>\n &#8211; Youbicier-Simo B; Lebecq J.C, Giaimis J and Bastide M, 2000, Interference from GSM cellular phones with the production of stress hormones in Lewis Lung carcinoma-bearing mice: effectiveness of a  protective device, Proceedings of International Conference on Cell Tower Siting, Land Salzburg, Austria.<br \/>\n &#8211; Hyland, G.J; M. Bastide &#038; all 1999, Electromagnetic biocompatibility in the workplace: Protection principles, assessment and tests. <br \/>\nResults of an EMF protective compensation technology in humans and in animals. <br \/>\nIn Nichtionisierene Strahlung: mit ihr Leben in Arbeit und Umwelt, IRPA, pp. 213\u2013240.<br \/>\n &#8211; Youbicier-Simo B.J; Boudard,F., Cabaner C. and Bastide M., 1997, Biological effects of continuous exposure of embryos and young chickens to ELF emitted byvideo display units. Bioelectromagnetics 18, pp. 514\u2013523.<\/p>\n\n<\/div>\n<div class=\"uk-width-medium-1-3\">\n<div class=\"uk-overlay\">\n\n<img decoding=\"async\" src=\"http:\/\/protectie-electromagnetica.ro\/cmo\/wp-content\/uploads\/2016\/02\/madeleine-bastide.jpg\" alt=\"Madeleine Bastide\" \/>\n<div class=\"uk-thumbnail-caption\">Prof. Madeleine Bastide<\/div>\n<\/div>\n<\/div>\n<\/div>\n","protected":false},"excerpt":{"rendered":"<p>Prof. Madeleine Bastide (1935- 2007), Profesor Emerit, Profesor de imunologie si Parazitologie, Facultatea de Farmacie din Montpellier. A fost Presedinte Fondator al Grupului International de Cercetare asupra Infinitezimalului GIRI \u015fi unul din cei mai prestigio\u015fi cercet\u0103tori din domeniul Homeopatic. Dr Bastide a contribuit semnificativ la perfec\u0163ionarea si validarea dispozitivelor de protec\u0163ie CMO: &#8222;Noi am constatat [&hellip;]<\/p>\n","protected":false},"author":2,"featured_media":0,"parent":1434,"menu_order":0,"comment_status":"closed","ping_status":"closed","template":"","meta":{"footnotes":""},"class_list":["post-1711","page","type-page","status-publish","hentry"],"yoast_head":"<!-- This site is optimized with the Yoast SEO plugin v27.4 - https:\/\/yoast.com\/product\/yoast-seo-wordpress\/ -->\n<title>Madeleine Bastide - Protec\u021bie electromagnetic\u0103<\/title>\n<meta name=\"robots\" content=\"index, follow, max-snippet:-1, max-image-preview:large, max-video-preview:-1\" \/>\n<link rel=\"canonical\" href=\"https:\/\/protectie-electromagnetica.ro\/cmo\/cercetatori-cmo\/madeleine-bastide\/\" \/>\n<meta property=\"og:locale\" content=\"ro_RO\" \/>\n<meta property=\"og:type\" content=\"article\" \/>\n<meta property=\"og:title\" content=\"Madeleine Bastide - Protec\u021bie electromagnetic\u0103\" \/>\n<meta property=\"og:description\" content=\"Prof. Madeleine Bastide (1935- 2007), Profesor Emerit, Profesor de imunologie si Parazitologie, Facultatea de Farmacie din Montpellier. A fost Presedinte Fondator al Grupului International de Cercetare asupra Infinitezimalului GIRI \u015fi unul din cei mai prestigio\u015fi cercet\u0103tori din domeniul Homeopatic. Dr Bastide a contribuit semnificativ la perfec\u0163ionarea si validarea dispozitivelor de protec\u0163ie CMO: &#8222;Noi am constatat [&hellip;]\" \/>\n<meta property=\"og:url\" content=\"https:\/\/protectie-electromagnetica.ro\/cmo\/cercetatori-cmo\/madeleine-bastide\/\" \/>\n<meta property=\"og:site_name\" content=\"Protec\u021bie electromagnetic\u0103\" \/>\n<meta property=\"article:publisher\" content=\"https:\/\/www.facebook.com\/bioscem\/\" \/>\n<meta property=\"og:image\" content=\"http:\/\/protectie-electromagnetica.ro\/cmo\/wp-content\/uploads\/2016\/02\/madeleine-bastide.jpg\" \/>\n<meta name=\"twitter:card\" content=\"summary_large_image\" \/>\n<meta name=\"twitter:label1\" content=\"Timp estimat pentru citire\" \/>\n\t<meta name=\"twitter:data1\" content=\"1 minut\" \/>\n<script type=\"application\/ld+json\" class=\"yoast-schema-graph\">{\"@context\":\"https:\\\/\\\/schema.org\",\"@graph\":[{\"@type\":\"WebPage\",\"@id\":\"https:\\\/\\\/protectie-electromagnetica.ro\\\/cmo\\\/cercetatori-cmo\\\/madeleine-bastide\\\/\",\"url\":\"https:\\\/\\\/protectie-electromagnetica.ro\\\/cmo\\\/cercetatori-cmo\\\/madeleine-bastide\\\/\",\"name\":\"Madeleine Bastide - Protec\u021bie electromagnetic\u0103\",\"isPartOf\":{\"@id\":\"https:\\\/\\\/protectie-electromagnetica.ro\\\/cmo\\\/#website\"},\"primaryImageOfPage\":{\"@id\":\"https:\\\/\\\/protectie-electromagnetica.ro\\\/cmo\\\/cercetatori-cmo\\\/madeleine-bastide\\\/#primaryimage\"},\"image\":{\"@id\":\"https:\\\/\\\/protectie-electromagnetica.ro\\\/cmo\\\/cercetatori-cmo\\\/madeleine-bastide\\\/#primaryimage\"},\"thumbnailUrl\":\"http:\\\/\\\/protectie-electromagnetica.ro\\\/cmo\\\/wp-content\\\/uploads\\\/2016\\\/02\\\/madeleine-bastide.jpg\",\"datePublished\":\"2016-01-25T08:48:20+00:00\",\"breadcrumb\":{\"@id\":\"https:\\\/\\\/protectie-electromagnetica.ro\\\/cmo\\\/cercetatori-cmo\\\/madeleine-bastide\\\/#breadcrumb\"},\"inLanguage\":\"ro-RO\",\"potentialAction\":[{\"@type\":\"ReadAction\",\"target\":[\"https:\\\/\\\/protectie-electromagnetica.ro\\\/cmo\\\/cercetatori-cmo\\\/madeleine-bastide\\\/\"]}]},{\"@type\":\"ImageObject\",\"inLanguage\":\"ro-RO\",\"@id\":\"https:\\\/\\\/protectie-electromagnetica.ro\\\/cmo\\\/cercetatori-cmo\\\/madeleine-bastide\\\/#primaryimage\",\"url\":\"https:\\\/\\\/protectie-electromagnetica.ro\\\/cmo\\\/wp-content\\\/uploads\\\/2016\\\/02\\\/madeleine-bastide.jpg\",\"contentUrl\":\"https:\\\/\\\/protectie-electromagnetica.ro\\\/cmo\\\/wp-content\\\/uploads\\\/2016\\\/02\\\/madeleine-bastide.jpg\",\"width\":200,\"height\":200},{\"@type\":\"BreadcrumbList\",\"@id\":\"https:\\\/\\\/protectie-electromagnetica.ro\\\/cmo\\\/cercetatori-cmo\\\/madeleine-bastide\\\/#breadcrumb\",\"itemListElement\":[{\"@type\":\"ListItem\",\"position\":1,\"name\":\"Prima pagin\u0103\",\"item\":\"https:\\\/\\\/protectie-electromagnetica.ro\\\/cmo\\\/\"},{\"@type\":\"ListItem\",\"position\":2,\"name\":\"Cercet\u0103tori CMO\",\"item\":\"https:\\\/\\\/protectie-electromagnetica.ro\\\/cmo\\\/cercetatori-cmo\\\/\"},{\"@type\":\"ListItem\",\"position\":3,\"name\":\"Madeleine Bastide\"}]},{\"@type\":\"WebSite\",\"@id\":\"https:\\\/\\\/protectie-electromagnetica.ro\\\/cmo\\\/#website\",\"url\":\"https:\\\/\\\/protectie-electromagnetica.ro\\\/cmo\\\/\",\"name\":\"Protec\u021bie electromagnetic\u0103\",\"description\":\"Protectie Electromagnetica cu dispozitive bio-compatibile CMO (Oscilator Magnetic de Compensare) cu validare stiintifica\",\"potentialAction\":[{\"@type\":\"SearchAction\",\"target\":{\"@type\":\"EntryPoint\",\"urlTemplate\":\"https:\\\/\\\/protectie-electromagnetica.ro\\\/cmo\\\/?s={search_term_string}\"},\"query-input\":{\"@type\":\"PropertyValueSpecification\",\"valueRequired\":true,\"valueName\":\"search_term_string\"}}],\"inLanguage\":\"ro-RO\"}]}<\/script>\n<!-- \/ Yoast SEO plugin. -->","yoast_head_json":{"title":"Madeleine Bastide - Protec\u021bie electromagnetic\u0103","robots":{"index":"index","follow":"follow","max-snippet":"max-snippet:-1","max-image-preview":"max-image-preview:large","max-video-preview":"max-video-preview:-1"},"canonical":"https:\/\/protectie-electromagnetica.ro\/cmo\/cercetatori-cmo\/madeleine-bastide\/","og_locale":"ro_RO","og_type":"article","og_title":"Madeleine Bastide - Protec\u021bie electromagnetic\u0103","og_description":"Prof. Madeleine Bastide (1935- 2007), Profesor Emerit, Profesor de imunologie si Parazitologie, Facultatea de Farmacie din Montpellier. A fost Presedinte Fondator al Grupului International de Cercetare asupra Infinitezimalului GIRI \u015fi unul din cei mai prestigio\u015fi cercet\u0103tori din domeniul Homeopatic. Dr Bastide a contribuit semnificativ la perfec\u0163ionarea si validarea dispozitivelor de protec\u0163ie CMO: &#8222;Noi am constatat [&hellip;]","og_url":"https:\/\/protectie-electromagnetica.ro\/cmo\/cercetatori-cmo\/madeleine-bastide\/","og_site_name":"Protec\u021bie electromagnetic\u0103","article_publisher":"https:\/\/www.facebook.com\/bioscem\/","og_image":[{"url":"http:\/\/protectie-electromagnetica.ro\/cmo\/wp-content\/uploads\/2016\/02\/madeleine-bastide.jpg","type":"","width":"","height":""}],"twitter_card":"summary_large_image","twitter_misc":{"Timp estimat pentru citire":"1 minut"},"schema":{"@context":"https:\/\/schema.org","@graph":[{"@type":"WebPage","@id":"https:\/\/protectie-electromagnetica.ro\/cmo\/cercetatori-cmo\/madeleine-bastide\/","url":"https:\/\/protectie-electromagnetica.ro\/cmo\/cercetatori-cmo\/madeleine-bastide\/","name":"Madeleine Bastide - Protec\u021bie electromagnetic\u0103","isPartOf":{"@id":"https:\/\/protectie-electromagnetica.ro\/cmo\/#website"},"primaryImageOfPage":{"@id":"https:\/\/protectie-electromagnetica.ro\/cmo\/cercetatori-cmo\/madeleine-bastide\/#primaryimage"},"image":{"@id":"https:\/\/protectie-electromagnetica.ro\/cmo\/cercetatori-cmo\/madeleine-bastide\/#primaryimage"},"thumbnailUrl":"http:\/\/protectie-electromagnetica.ro\/cmo\/wp-content\/uploads\/2016\/02\/madeleine-bastide.jpg","datePublished":"2016-01-25T08:48:20+00:00","breadcrumb":{"@id":"https:\/\/protectie-electromagnetica.ro\/cmo\/cercetatori-cmo\/madeleine-bastide\/#breadcrumb"},"inLanguage":"ro-RO","potentialAction":[{"@type":"ReadAction","target":["https:\/\/protectie-electromagnetica.ro\/cmo\/cercetatori-cmo\/madeleine-bastide\/"]}]},{"@type":"ImageObject","inLanguage":"ro-RO","@id":"https:\/\/protectie-electromagnetica.ro\/cmo\/cercetatori-cmo\/madeleine-bastide\/#primaryimage","url":"https:\/\/protectie-electromagnetica.ro\/cmo\/wp-content\/uploads\/2016\/02\/madeleine-bastide.jpg","contentUrl":"https:\/\/protectie-electromagnetica.ro\/cmo\/wp-content\/uploads\/2016\/02\/madeleine-bastide.jpg","width":200,"height":200},{"@type":"BreadcrumbList","@id":"https:\/\/protectie-electromagnetica.ro\/cmo\/cercetatori-cmo\/madeleine-bastide\/#breadcrumb","itemListElement":[{"@type":"ListItem","position":1,"name":"Prima pagin\u0103","item":"https:\/\/protectie-electromagnetica.ro\/cmo\/"},{"@type":"ListItem","position":2,"name":"Cercet\u0103tori CMO","item":"https:\/\/protectie-electromagnetica.ro\/cmo\/cercetatori-cmo\/"},{"@type":"ListItem","position":3,"name":"Madeleine Bastide"}]},{"@type":"WebSite","@id":"https:\/\/protectie-electromagnetica.ro\/cmo\/#website","url":"https:\/\/protectie-electromagnetica.ro\/cmo\/","name":"Protec\u021bie electromagnetic\u0103","description":"Protectie Electromagnetica cu dispozitive bio-compatibile CMO (Oscilator Magnetic de Compensare) cu validare stiintifica","potentialAction":[{"@type":"SearchAction","target":{"@type":"EntryPoint","urlTemplate":"https:\/\/protectie-electromagnetica.ro\/cmo\/?s={search_term_string}"},"query-input":{"@type":"PropertyValueSpecification","valueRequired":true,"valueName":"search_term_string"}}],"inLanguage":"ro-RO"}]}},"_links":{"self":[{"href":"https:\/\/protectie-electromagnetica.ro\/cmo\/wp-json\/wp\/v2\/pages\/1711","targetHints":{"allow":["GET"]}}],"collection":[{"href":"https:\/\/protectie-electromagnetica.ro\/cmo\/wp-json\/wp\/v2\/pages"}],"about":[{"href":"https:\/\/protectie-electromagnetica.ro\/cmo\/wp-json\/wp\/v2\/types\/page"}],"author":[{"embeddable":true,"href":"https:\/\/protectie-electromagnetica.ro\/cmo\/wp-json\/wp\/v2\/users\/2"}],"replies":[{"embeddable":true,"href":"https:\/\/protectie-electromagnetica.ro\/cmo\/wp-json\/wp\/v2\/comments?post=1711"}],"version-history":[{"count":0,"href":"https:\/\/protectie-electromagnetica.ro\/cmo\/wp-json\/wp\/v2\/pages\/1711\/revisions"}],"up":[{"embeddable":true,"href":"https:\/\/protectie-electromagnetica.ro\/cmo\/wp-json\/wp\/v2\/pages\/1434"}],"wp:attachment":[{"href":"https:\/\/protectie-electromagnetica.ro\/cmo\/wp-json\/wp\/v2\/media?parent=1711"}],"curies":[{"name":"wp","href":"https:\/\/api.w.org\/{rel}","templated":true}]}}