{"id":1937,"date":"2016-02-15T11:35:13","date_gmt":"2016-02-15T09:35:13","guid":{"rendered":"http:\/\/protectie-electromagnetica.ro\/?page_id=1937"},"modified":"2016-02-15T11:35:13","modified_gmt":"2016-02-15T09:35:13","slug":"laurence-bonhomme-faivre","status":"publish","type":"page","link":"https:\/\/protectie-electromagnetica.ro\/cmo\/cercetatori-cmo\/laurence-bonhomme-faivre\/","title":{"rendered":"Laurence Bonhomme-Faivre"},"content":{"rendered":"<div class=\"uk-grid\" data-uk-grid-margin>\n\n<div class=\"uk-width-medium-2-3\">\n<p><a href=\"https:\/\/www.researchgate.net\/profile\/Laurence_Bonhomme-Faivre\" target=\"_blank\" title=\"Dr. Laurence BONHOMME-FAIVRE\" rel=\"noopener noreferrer\">Dr. Laurence BONHOMME-FAIVRE<\/a><br \/>\nDoctor \u00een Stiinte Farmaceutice<br \/>\nSpecialist \u00een Oncologie, <br \/>\nSef al serviciului de Farmacologie <br \/>\nH\u00f4pital Paul Brousse, Paris, France.<br \/>\n<\/p><p>A publicat <a href=\"https:\/\/www.researchgate.net\/profile\/Laurence_Bonhomme-Faivre\" target=\"_blank\" rel=\"noopener noreferrer\">64 de articole<\/a> \u00een periodice internationale. <br \/>\nPublicatii non-periodice internationale: 6 ( 1992-93).<br \/>\nA publicat 3 articole peer-reviewed despre CEM: \u00een 1995, 98 et 2000.<br \/>\nEfectul frecventei de 50Hz la cobai si la oameni;  Efecte pe cobai expusi la emisiile EM ale unui televizor; Cancerul uman si ELFs.<\/p>\n\n<p>Este membru \u00een Consiliu stintific al <a href=\"http:\/\/www.artac.info\/fr\/conseil-scientifique_000013.html\" target=\"_blank\" rel=\"noopener noreferrer\">ARTAC <\/a>si Maistru de Conferinte la Universitatea  PARIS XI, Paris, France.<\/p>\n\n<p>A scris in anul 2000 un articol dedicat sensibilizarii publicului larg: <a href=\"http:\/\/www.ncbi.nlm.nih.gov\/pubmed\/10965528\" target=\"_blank\" rel=\"noopener noreferrer\">&#8222;Pericolul telefoanelor celulare si cel al antenelor de telefonie mobila&#8221; <\/a>(Sympt\u00f4mes rapport\u00e9s par des utilasateurs de t\u00e9l\u00e9phones mobiles cellulaires. Santini R, Seigne M, Bonhomme-Faivre L, et al.Pathol Biol (Paris) 2001;49:222\u20136) ).<\/p>\n\n<p><strong>Studiul de validare al dispozitivelor de protec\u0163ie CMO<\/strong>:<br \/>\nA publicat \u00een 1999 un studiu asupra influentei radiatiilor EM asupra productiei de Cortizol a glandele suprarenale si metoda de protectie oferita de dispozitivele CMO:<\/p>\n\n\u00ab <a href=\"http:\/\/protectie-electromagnetica.ro\/cmo\/wp-content\/uploads\/2016\/02\/Dr.-Laurance.png\" target=\"_blank\" title=\"Dr. Laurence Bonhomme-Faivre\" rel=\"noopener noreferrer\">Cortisol variations observed in mice placed in front of colour TV screen: a feed back control<\/a> \u00bb<br \/>\n\u00ab Hemathological effects of low doses of television emitted-radiation in mice: a parallel study with a\nprotective equipment \u00bb<br \/>\nL. Bonhomme-Faivre(1), R. Santini(3),  S. Marion(2), E. Bizi(1)<br \/>\nH. Auclair(2), L. Bottius(1), S. Orbach-Arbouys(6), N.L. Bui(7).<br \/>\n1 &#8211; Service de Pharmacie, Laboratoire de Pharmacologie<br \/>\nLaboratoire d\u2019H\u00e9matologie, H\u00f4pital Paul Brousse (Paris)<br \/>\n2 &#8211; Institut National des Sciences Appliqu\u00e9es (INSA),<br \/>\n3 &#8211; Laboratoire de Biochimie-Pharmacologie (Lyon-France)\n<\/div>\n\n<div class=\"uk-width-medium-1-3\">\n<div class=\"uk-overlay uk-border-circle\">\n<img decoding=\"async\" src=\"http:\/\/protectie-electromagnetica.ro\/cmo\/wp-content\/uploads\/2016\/02\/Laurence-BONHOMME-FAIVRE.png\" alt=\"Dr. Laurence Bonhomme-Faivre\" \/>\n<\/div>\n<\/div>\n\n<\/div>","protected":false},"excerpt":{"rendered":"<p>Dr. Laurence BONHOMME-FAIVRE Doctor \u00een Stiinte Farmaceutice Specialist \u00een Oncologie, Sef al serviciului de Farmacologie H\u00f4pital Paul Brousse, Paris, France. A publicat 64 de articole \u00een periodice internationale. Publicatii non-periodice internationale: 6 ( 1992-93). A publicat 3 articole peer-reviewed despre CEM: \u00een 1995, 98 et 2000. Efectul frecventei de 50Hz la cobai si la oameni; [&hellip;]<\/p>\n","protected":false},"author":2,"featured_media":0,"parent":1434,"menu_order":0,"comment_status":"closed","ping_status":"closed","template":"","meta":{"footnotes":""},"class_list":["post-1937","page","type-page","status-publish","hentry"],"yoast_head":"<!-- This site is optimized with the Yoast SEO plugin v27.4 - https:\/\/yoast.com\/product\/yoast-seo-wordpress\/ -->\n<title>Laurence Bonhomme-Faivre - Protec\u021bie electromagnetic\u0103<\/title>\n<meta name=\"robots\" content=\"index, follow, max-snippet:-1, max-image-preview:large, max-video-preview:-1\" \/>\n<link rel=\"canonical\" href=\"https:\/\/protectie-electromagnetica.ro\/cmo\/cercetatori-cmo\/laurence-bonhomme-faivre\/\" \/>\n<meta property=\"og:locale\" content=\"ro_RO\" \/>\n<meta property=\"og:type\" content=\"article\" \/>\n<meta property=\"og:title\" content=\"Laurence Bonhomme-Faivre - Protec\u021bie electromagnetic\u0103\" \/>\n<meta property=\"og:description\" content=\"Dr. Laurence BONHOMME-FAIVRE Doctor \u00een Stiinte Farmaceutice Specialist \u00een Oncologie, Sef al serviciului de Farmacologie H\u00f4pital Paul Brousse, Paris, France. A publicat 64 de articole \u00een periodice internationale. Publicatii non-periodice internationale: 6 ( 1992-93). A publicat 3 articole peer-reviewed despre CEM: \u00een 1995, 98 et 2000. Efectul frecventei de 50Hz la cobai si la oameni; [&hellip;]\" \/>\n<meta property=\"og:url\" content=\"https:\/\/protectie-electromagnetica.ro\/cmo\/cercetatori-cmo\/laurence-bonhomme-faivre\/\" \/>\n<meta property=\"og:site_name\" content=\"Protec\u021bie electromagnetic\u0103\" \/>\n<meta property=\"article:publisher\" content=\"https:\/\/www.facebook.com\/bioscem\/\" \/>\n<meta property=\"og:image\" content=\"http:\/\/protectie-electromagnetica.ro\/cmo\/wp-content\/uploads\/2016\/02\/Laurence-BONHOMME-FAIVRE.png\" \/>\n<meta name=\"twitter:card\" content=\"summary_large_image\" \/>\n<meta name=\"twitter:label1\" content=\"Timp estimat pentru citire\" \/>\n\t<meta name=\"twitter:data1\" content=\"1 minut\" \/>\n<script type=\"application\/ld+json\" class=\"yoast-schema-graph\">{\"@context\":\"https:\\\/\\\/schema.org\",\"@graph\":[{\"@type\":\"WebPage\",\"@id\":\"https:\\\/\\\/protectie-electromagnetica.ro\\\/cmo\\\/cercetatori-cmo\\\/laurence-bonhomme-faivre\\\/\",\"url\":\"https:\\\/\\\/protectie-electromagnetica.ro\\\/cmo\\\/cercetatori-cmo\\\/laurence-bonhomme-faivre\\\/\",\"name\":\"Laurence Bonhomme-Faivre - Protec\u021bie electromagnetic\u0103\",\"isPartOf\":{\"@id\":\"https:\\\/\\\/protectie-electromagnetica.ro\\\/cmo\\\/#website\"},\"primaryImageOfPage\":{\"@id\":\"https:\\\/\\\/protectie-electromagnetica.ro\\\/cmo\\\/cercetatori-cmo\\\/laurence-bonhomme-faivre\\\/#primaryimage\"},\"image\":{\"@id\":\"https:\\\/\\\/protectie-electromagnetica.ro\\\/cmo\\\/cercetatori-cmo\\\/laurence-bonhomme-faivre\\\/#primaryimage\"},\"thumbnailUrl\":\"http:\\\/\\\/protectie-electromagnetica.ro\\\/cmo\\\/wp-content\\\/uploads\\\/2016\\\/02\\\/Laurence-BONHOMME-FAIVRE.png\",\"datePublished\":\"2016-02-15T09:35:13+00:00\",\"breadcrumb\":{\"@id\":\"https:\\\/\\\/protectie-electromagnetica.ro\\\/cmo\\\/cercetatori-cmo\\\/laurence-bonhomme-faivre\\\/#breadcrumb\"},\"inLanguage\":\"ro-RO\",\"potentialAction\":[{\"@type\":\"ReadAction\",\"target\":[\"https:\\\/\\\/protectie-electromagnetica.ro\\\/cmo\\\/cercetatori-cmo\\\/laurence-bonhomme-faivre\\\/\"]}]},{\"@type\":\"ImageObject\",\"inLanguage\":\"ro-RO\",\"@id\":\"https:\\\/\\\/protectie-electromagnetica.ro\\\/cmo\\\/cercetatori-cmo\\\/laurence-bonhomme-faivre\\\/#primaryimage\",\"url\":\"https:\\\/\\\/protectie-electromagnetica.ro\\\/cmo\\\/wp-content\\\/uploads\\\/2016\\\/02\\\/Laurence-BONHOMME-FAIVRE.png\",\"contentUrl\":\"https:\\\/\\\/protectie-electromagnetica.ro\\\/cmo\\\/wp-content\\\/uploads\\\/2016\\\/02\\\/Laurence-BONHOMME-FAIVRE.png\",\"width\":138,\"height\":180},{\"@type\":\"BreadcrumbList\",\"@id\":\"https:\\\/\\\/protectie-electromagnetica.ro\\\/cmo\\\/cercetatori-cmo\\\/laurence-bonhomme-faivre\\\/#breadcrumb\",\"itemListElement\":[{\"@type\":\"ListItem\",\"position\":1,\"name\":\"Prima pagin\u0103\",\"item\":\"https:\\\/\\\/protectie-electromagnetica.ro\\\/cmo\\\/\"},{\"@type\":\"ListItem\",\"position\":2,\"name\":\"Cercet\u0103tori CMO\",\"item\":\"https:\\\/\\\/protectie-electromagnetica.ro\\\/cmo\\\/cercetatori-cmo\\\/\"},{\"@type\":\"ListItem\",\"position\":3,\"name\":\"Laurence Bonhomme-Faivre\"}]},{\"@type\":\"WebSite\",\"@id\":\"https:\\\/\\\/protectie-electromagnetica.ro\\\/cmo\\\/#website\",\"url\":\"https:\\\/\\\/protectie-electromagnetica.ro\\\/cmo\\\/\",\"name\":\"Protec\u021bie electromagnetic\u0103\",\"description\":\"Protectie Electromagnetica cu dispozitive bio-compatibile CMO (Oscilator Magnetic de Compensare) cu validare stiintifica\",\"potentialAction\":[{\"@type\":\"SearchAction\",\"target\":{\"@type\":\"EntryPoint\",\"urlTemplate\":\"https:\\\/\\\/protectie-electromagnetica.ro\\\/cmo\\\/?s={search_term_string}\"},\"query-input\":{\"@type\":\"PropertyValueSpecification\",\"valueRequired\":true,\"valueName\":\"search_term_string\"}}],\"inLanguage\":\"ro-RO\"}]}<\/script>\n<!-- \/ Yoast SEO plugin. -->","yoast_head_json":{"title":"Laurence Bonhomme-Faivre - Protec\u021bie electromagnetic\u0103","robots":{"index":"index","follow":"follow","max-snippet":"max-snippet:-1","max-image-preview":"max-image-preview:large","max-video-preview":"max-video-preview:-1"},"canonical":"https:\/\/protectie-electromagnetica.ro\/cmo\/cercetatori-cmo\/laurence-bonhomme-faivre\/","og_locale":"ro_RO","og_type":"article","og_title":"Laurence Bonhomme-Faivre - Protec\u021bie electromagnetic\u0103","og_description":"Dr. Laurence BONHOMME-FAIVRE Doctor \u00een Stiinte Farmaceutice Specialist \u00een Oncologie, Sef al serviciului de Farmacologie H\u00f4pital Paul Brousse, Paris, France. A publicat 64 de articole \u00een periodice internationale. Publicatii non-periodice internationale: 6 ( 1992-93). A publicat 3 articole peer-reviewed despre CEM: \u00een 1995, 98 et 2000. Efectul frecventei de 50Hz la cobai si la oameni; [&hellip;]","og_url":"https:\/\/protectie-electromagnetica.ro\/cmo\/cercetatori-cmo\/laurence-bonhomme-faivre\/","og_site_name":"Protec\u021bie electromagnetic\u0103","article_publisher":"https:\/\/www.facebook.com\/bioscem\/","og_image":[{"url":"http:\/\/protectie-electromagnetica.ro\/cmo\/wp-content\/uploads\/2016\/02\/Laurence-BONHOMME-FAIVRE.png","type":"","width":"","height":""}],"twitter_card":"summary_large_image","twitter_misc":{"Timp estimat pentru citire":"1 minut"},"schema":{"@context":"https:\/\/schema.org","@graph":[{"@type":"WebPage","@id":"https:\/\/protectie-electromagnetica.ro\/cmo\/cercetatori-cmo\/laurence-bonhomme-faivre\/","url":"https:\/\/protectie-electromagnetica.ro\/cmo\/cercetatori-cmo\/laurence-bonhomme-faivre\/","name":"Laurence Bonhomme-Faivre - Protec\u021bie electromagnetic\u0103","isPartOf":{"@id":"https:\/\/protectie-electromagnetica.ro\/cmo\/#website"},"primaryImageOfPage":{"@id":"https:\/\/protectie-electromagnetica.ro\/cmo\/cercetatori-cmo\/laurence-bonhomme-faivre\/#primaryimage"},"image":{"@id":"https:\/\/protectie-electromagnetica.ro\/cmo\/cercetatori-cmo\/laurence-bonhomme-faivre\/#primaryimage"},"thumbnailUrl":"http:\/\/protectie-electromagnetica.ro\/cmo\/wp-content\/uploads\/2016\/02\/Laurence-BONHOMME-FAIVRE.png","datePublished":"2016-02-15T09:35:13+00:00","breadcrumb":{"@id":"https:\/\/protectie-electromagnetica.ro\/cmo\/cercetatori-cmo\/laurence-bonhomme-faivre\/#breadcrumb"},"inLanguage":"ro-RO","potentialAction":[{"@type":"ReadAction","target":["https:\/\/protectie-electromagnetica.ro\/cmo\/cercetatori-cmo\/laurence-bonhomme-faivre\/"]}]},{"@type":"ImageObject","inLanguage":"ro-RO","@id":"https:\/\/protectie-electromagnetica.ro\/cmo\/cercetatori-cmo\/laurence-bonhomme-faivre\/#primaryimage","url":"https:\/\/protectie-electromagnetica.ro\/cmo\/wp-content\/uploads\/2016\/02\/Laurence-BONHOMME-FAIVRE.png","contentUrl":"https:\/\/protectie-electromagnetica.ro\/cmo\/wp-content\/uploads\/2016\/02\/Laurence-BONHOMME-FAIVRE.png","width":138,"height":180},{"@type":"BreadcrumbList","@id":"https:\/\/protectie-electromagnetica.ro\/cmo\/cercetatori-cmo\/laurence-bonhomme-faivre\/#breadcrumb","itemListElement":[{"@type":"ListItem","position":1,"name":"Prima pagin\u0103","item":"https:\/\/protectie-electromagnetica.ro\/cmo\/"},{"@type":"ListItem","position":2,"name":"Cercet\u0103tori CMO","item":"https:\/\/protectie-electromagnetica.ro\/cmo\/cercetatori-cmo\/"},{"@type":"ListItem","position":3,"name":"Laurence Bonhomme-Faivre"}]},{"@type":"WebSite","@id":"https:\/\/protectie-electromagnetica.ro\/cmo\/#website","url":"https:\/\/protectie-electromagnetica.ro\/cmo\/","name":"Protec\u021bie electromagnetic\u0103","description":"Protectie Electromagnetica cu dispozitive bio-compatibile CMO (Oscilator Magnetic de Compensare) cu validare stiintifica","potentialAction":[{"@type":"SearchAction","target":{"@type":"EntryPoint","urlTemplate":"https:\/\/protectie-electromagnetica.ro\/cmo\/?s={search_term_string}"},"query-input":{"@type":"PropertyValueSpecification","valueRequired":true,"valueName":"search_term_string"}}],"inLanguage":"ro-RO"}]}},"_links":{"self":[{"href":"https:\/\/protectie-electromagnetica.ro\/cmo\/wp-json\/wp\/v2\/pages\/1937","targetHints":{"allow":["GET"]}}],"collection":[{"href":"https:\/\/protectie-electromagnetica.ro\/cmo\/wp-json\/wp\/v2\/pages"}],"about":[{"href":"https:\/\/protectie-electromagnetica.ro\/cmo\/wp-json\/wp\/v2\/types\/page"}],"author":[{"embeddable":true,"href":"https:\/\/protectie-electromagnetica.ro\/cmo\/wp-json\/wp\/v2\/users\/2"}],"replies":[{"embeddable":true,"href":"https:\/\/protectie-electromagnetica.ro\/cmo\/wp-json\/wp\/v2\/comments?post=1937"}],"version-history":[{"count":0,"href":"https:\/\/protectie-electromagnetica.ro\/cmo\/wp-json\/wp\/v2\/pages\/1937\/revisions"}],"up":[{"embeddable":true,"href":"https:\/\/protectie-electromagnetica.ro\/cmo\/wp-json\/wp\/v2\/pages\/1434"}],"wp:attachment":[{"href":"https:\/\/protectie-electromagnetica.ro\/cmo\/wp-json\/wp\/v2\/media?parent=1937"}],"curies":[{"name":"wp","href":"https:\/\/api.w.org\/{rel}","templated":true}]}}