{"id":2134,"date":"2016-02-17T13:51:34","date_gmt":"2016-02-17T11:51:34","guid":{"rendered":"http:\/\/protectie-electromagnetica.ro\/?page_id=2134"},"modified":"2019-05-29T09:14:54","modified_gmt":"2019-05-29T06:14:54","slug":"studii-validare-cmo","status":"publish","type":"page","link":"https:\/\/protectie-electromagnetica.ro\/cmo\/studii-validare-cmo\/","title":{"rendered":"Studii stiintifice de validare CMO"},"content":{"rendered":"<div class=\"wk-scope\">\n<ul class=\"wk-accordion wk-accordion-default wk-text-left \" wk-accordion=\"multiple: true\">\n\n        <li class=\"wk-open\">\n\n    \n        <a href class=\"wk-accordion-title\">Abraziune corneean\u0103<span wk-accordion-icon><\/span><\/a>\n\n        <div class=\"wk-accordion-content\">\n\n            \n            \n            \n                        <div class=\"wk-margin\"><p><strong>Leziuni corneene. Capacitatea de acomodare a ochiului.<\/strong> <\/p>\r\n\r\n<p>Studiul a fost realizat de <a href=\"\/cmo\/cercetatori-cmo\/mikio-miyata\/\" target=\"_blank\" rel=\"noopener noreferrer\">Prof. Mikio Miyata <\/a>, profesor de medicina si oftalmologie la Universitatea de Medecina din  Kitasato, Japon si Cercetator la Environmental Medical Center, Kitasato Institute Hospital, Japon. Studiul a analizat efectele campurilor electromagnetice asupra corneei si asupra capacitatii de acomodare a ochiului pentru utilizatorii monitoarelor PC\/TV. Patologiile detectate au fost corelate precis cu emisia electromagnetica (EM) a acestor aparate si doar \u00eentr-o m\u0103sura redusa cu luminozitatea si constrastul ecranului. Ca atare, sticla de protectia folosita la unele monitoare nu protejeaz\u0103 fa\u0163\u0103 de emisiile EM, ci doar aduce un oarecare confort vizual. <\/p>\r\n<\/div>\n            \n            \n                        <p><a class=\"wk-button wk-button-primary\" href=\"https:\/\/protectie-electromagnetica.ro\/cmo\/abraziune-corneeana-video-lcd\/\">Cite\u015fte mai mult<\/a><\/p>\n            \n            \n        <\/div>\n\n    <\/li>\n        <li >\n\n    \n        <a href class=\"wk-accordion-title\">Melatonina\/ Antioxidant<span wk-accordion-icon><\/span><\/a>\n\n        <div class=\"wk-accordion-content\">\n\n            \n            \n            \n                        <div class=\"wk-margin\"><p>Acest studiu a fost realizat de <a href=\"\/cmo\/cercetatori-cmo\/madeleine-bastide\/\" target=\"_blank\" rel=\"noopener noreferrer\">Prof. Madeleine Bastide<\/a>, Profesor Emerit in Imunologie si fondator al <a href=\"http:\/\/www.giriweb.com\/index.php?action=1\" target=\"_blank\" rel=\"noopener noreferrer\">GIRI<\/a>.<\/p>\r<\/div>\n            \n            \n                        <p><a class=\"wk-button wk-button-primary\" href=\"https:\/\/protectie-electromagnetica.ro\/cmo\/melatonina-antioxidant-hormoni\/\">Cite\u015fte mai mult<\/a><\/p>\n            \n            \n        <\/div>\n\n    <\/li>\n        <li >\n\n    \n        <a href class=\"wk-accordion-title\">Micronuclee ADN<span wk-accordion-icon><\/span><\/a>\n\n        <div class=\"wk-accordion-content\">\n\n            \n            \n            \n                        <div class=\"wk-margin\"><p>Formarea \u00een exces a micronucleelor de ADN \u00een celulele imunitare (limfocite, macrofagi) poate fi semnul unei disfunc\u0163ionalit\u0103\u0163i a ciclurilor celulare, al <abbr title=\"Moarte celular\u0103 programat\u0103 genetic ca r\u0103spuns la un anumit semnal.\"> apoptozei<\/abbr>, deci a ini\u0163ierii unui proces cancerigen. Studiul de fa\u0163\u0103 const\u0103 \u00een num\u0103rarea sub microscop a num\u0103rului de fragmente ADN prezente \u00een macrofagiile din peritoneul animalelor expuse.<\/p>\r<\/div>\n            \n            \n                        <p><a class=\"wk-button wk-button-primary\" href=\"https:\/\/protectie-electromagnetica.ro\/cmo\/studiu-micronuclee-adn\/\">Cite\u015fte mai mult<\/a><\/p>\n            \n            \n        <\/div>\n\n    <\/li>\n        <li >\n\n    \n        <a href class=\"wk-accordion-title\">Mortalitatea embrionar\u0103<span wk-accordion-icon><\/span><\/a>\n\n        <div class=\"wk-accordion-content\">\n\n            \n            \n            \n                        <div class=\"wk-margin\"><p>Studiul mortalit\u0103\u0163ii embrionare la o specie animal\u0103 este un indice revelator al anomaliilor ap\u0103rute in cursul dezvolt\u0103rii sale, p\u00e2n\u0103 la moartea sa prematur\u0103. Embrionii puilor de g\u0103in\u0103 sunt considerati ca f\u0103c\u00e2nd parte din cele mai sensibile organisme vii la poluarea ambientalaa, inclusiv cea electromagnetic\u0103 artificiala.<\/p>\r<\/div>\n            \n            \n                        <p><a class=\"wk-button wk-button-primary\" href=\"https:\/\/protectie-electromagnetica.ro\/cmo\/foetus-adn-gsm\/\">Cite\u015fte mai mult<\/a><\/p>\n            \n            \n        <\/div>\n\n    <\/li>\n        <li >\n\n    \n        <a href class=\"wk-accordion-title\">Motiva\u021bia \u00een munca de birou<span wk-accordion-icon><\/span><\/a>\n\n        <div class=\"wk-accordion-content\">\n\n            \n            \n            \n                        <div class=\"wk-margin\"> \r\n<p>Campurile electromagnetice de slaba intensitate emise de ecranele de vizualizare( PC, Tv, etc.) modifica ambientul de lucru al personalului lucr\u0103tor, prin perturbarea func\u021biilor cognitive si o alterare a st\u0103rilor psihologice.<br \/> \r\nProfesorul <a href=\"\/cmo\/cercetatori-cmo\/anthony-canavan\/\" target=\"_blank\" rel=\"noopener noreferrer\">Anthony Canavan <\/a>neuropsihiatru la Universitatea din Luton - UK, a evaluat cu ajutorului testului \"Mood Test\" (Bun\u0103-dispozi\u0163ie) starea psihologica si emo\u0163ional\u0103 pe un grup de 100 de studen\u0163i ai Universit\u0103\u0163ii sale care lucrau expu\u015fi la monitoare de tip catodic.<\/p> \r\n<\/div>\n            \n            \n                        <p><a class=\"wk-button wk-button-primary\" href=\"https:\/\/protectie-electromagnetica.ro\/cmo\/motivatie-birou-radiatii\/\">Cite\u015fte mai mult<\/a><\/p>\n            \n            \n        <\/div>\n\n    <\/li>\n        <li >\n\n    \n        <a href class=\"wk-accordion-title\">Neurogeneza \/ Hipocamp<span wk-accordion-icon><\/span><\/a>\n\n        <div class=\"wk-accordion-content\">\n\n            \n            \n            \n                        <div class=\"wk-margin\"><p> Hipocampul este implicat \u00een mecanismele de memorizare pe termen scurt \u015fi \u00een cele de \u00eenv\u0103\u0163are. O sc\u0103dere sau o dezechilibrare a regener\u0103rii neuronale (neogenez\u0103) la nivelul hipocampului, provoac\u0103 apari\u0163ia bolilor neuronale degenerative.<br \/> \r\nIn cazul unei anomalii neuronale ap\u0103rut\u0103 \u00een faza de dezvoltare a unui organism, se poate developa o atrofie a hipocampului \u00een faza adult\u0103.<br \/> \r\n<\/div>\n            \n            \n                        <p><a class=\"wk-button wk-button-primary\" href=\"https:\/\/protectie-electromagnetica.ro\/cmo\/hipocamp-alzheimer-gsm\/\">Cite\u015fte mai mult<\/a><\/p>\n            \n            \n        <\/div>\n\n    <\/li>\n        <li >\n\n    \n        <a href class=\"wk-accordion-title\">Performante  \u00een munca de birou<span wk-accordion-icon><\/span><\/a>\n\n        <div class=\"wk-accordion-content\">\n\n            \n            \n            \n                        <div class=\"wk-margin\"><p>Testul <strong><a href=\"\/cmo\/wp-content\/uploads\/2016\/02\/Stroop-Color-Word-Test.txt\" target=\"_blank\" rel=\"noopener noreferrer\">Stroop Color Word Test<\/a><\/strong> este conceput pentru a determina performantele pe durata muncii de birou: rapiditate, vigilen\u0163\u0103, concentra\u021bie. Este utilizat la nivel interna\u021bional de c\u0103tre marile companii \u015fi de c\u0103tre institu\u021biile militare pentru a stabili capacitatea persoanelor de a rezista la un stres generat de prelucrarea rapida a informa\u021biilor contradictorii. Aceast\u0103 capacitate implica factori de rapiditate, vigilen\u0163\u0103 \u0219i  concentrare. <\/p>\r<\/div>\n            \n            \n                        <p><a class=\"wk-button wk-button-primary\" href=\"https:\/\/protectie-electromagnetica.ro\/cmo\/performanta-birou\/\">Cite\u015fte mai mult<\/a><\/p>\n            \n            \n        <\/div>\n\n    <\/li>\n        <li >\n\n    \n        <a href class=\"wk-accordion-title\">Radicalii liberi<span wk-accordion-icon><\/span><\/a>\n\n        <div class=\"wk-accordion-content\">\n\n            \n            \n            \n                        <div class=\"wk-margin\"><p>Oxidul nitric (NO), de\u015fi nu este un radical liber al oxigenului, reprezinta o important\u0103 molecul\u0103 semnal, implicat\u0103 \u00een diferite procese fiziologice \u015fi fiziopatologice. Un exces de NO da nastere unui elecment deosebit de toxic: radicalul peroxinitrit. <br \/>\r\nAcest compus activeaz\u0103 enzime mari consumatoare de energie, produce alter\u0103ri ale ADN-ului, particip\u0103 la oxidarea hemoglobinei \u015fi mioglobinei.<br \/>\r\nIn general, un exces de oxid nitric prezent \u00een expira\u0163ia unei persoane este un indicator al inflama\u0163iei \u0163esuturilor vii, al deregl\u0103rilor celulare si stresului biologic.<br \/>\r\n<\/div>\n            \n            \n                        <p><a class=\"wk-button wk-button-primary\" href=\"https:\/\/protectie-electromagnetica.ro\/cmo\/radicali-liberi-oxidare-no\/\">Cite\u015fte mai mult<\/a><\/p>\n            \n            \n        <\/div>\n\n    <\/li>\n        <li >\n\n    \n        <a href class=\"wk-accordion-title\">Sistemul hormonal \/ Corticosteron<span wk-accordion-icon><\/span><\/a>\n\n        <div class=\"wk-accordion-content\">\n\n            \n            \n            \n                        <div class=\"wk-margin\"><p>Corticosteronul este un hormon suprarenal, regulator al sistemului imunitar. Productia sa este stimulata de hipofiza, o glanda a creierului, la intersec\u0163ia a numeroase regl\u0103ri hormonale interdependente. Posibile consecin\u0163e patologice ale excesului de corticosteron:<br \/>\r\n-Dereglarea sistemului imunitar, sc\u0103derea protec\u0163iei bacteriene si virale.<br \/>\r\n-Dereglarea sistemului nervos si muscular, instabilitatea, frica, crampe.<\/p>\r\n<\/div>\n            \n            \n                        <p><a class=\"wk-button wk-button-primary\" href=\"https:\/\/protectie-electromagnetica.ro\/cmo\/imunitar-corticosteron-lcd\/\">Cite\u015fte mai mult<\/a><\/p>\n            \n            \n        <\/div>\n\n    <\/li>\n        <li >\n\n    \n        <a href class=\"wk-accordion-title\">Sistemul hormonal \/ Cortizol<span wk-accordion-icon><\/span><\/a>\n\n        <div class=\"wk-accordion-content\">\n\n            \n            \n            \n                        <div class=\"wk-margin\"><p>Cortizolul este un hormon suprarenal, regulator al sistemului imunitar. Produc\u0163ia sa este stimulata de hipofiz\u0103, o gland\u0103 a creierului, care reprezint\u0103 o intersec\u0163ie a numeroase activit\u0103\u0163i hormonale interdependente.<\/p>\r<\/div>\n            \n            \n                        <p><a class=\"wk-button wk-button-primary\" href=\"https:\/\/protectie-electromagnetica.ro\/cmo\/cortizol-imunitar-metabolism\/\">Cite\u015fte mai mult<\/a><\/p>\n            \n            \n        <\/div>\n\n    <\/li>\n        <li >\n\n    \n        <a href class=\"wk-accordion-title\">Sistemul imunitar \/ ACTH<span wk-accordion-icon><\/span><\/a>\n\n        <div class=\"wk-accordion-content\">\n\n            \n            \n            \n                        <div class=\"wk-margin\"><p>ACTH (hormonul adrenocorticotrop) este un hormon de stres. Este secretat de antehipofiza, in func\u0163ie de informa\u0163iile primite de la sistemul nervos central. Are rolul de a stimula alti hormoni, in particular cortizonul. <\/p><p>Varia\u0163iile anormale ale nivelului sanguin al hormonului ACTH si al glucocorticoizilor (Corticosteron, Cortizol) sunt simptomele unei st\u0103ri de stres.<\/p>\r<\/div>\n            \n            \n                        <p><a class=\"wk-button wk-button-primary\" href=\"https:\/\/protectie-electromagnetica.ro\/cmo\/sistemul-imunitar-acth\/\">Cite\u015fte mai mult<\/a><\/p>\n            \n            \n        <\/div>\n\n    <\/li>\n        <li >\n\n    \n        <a href class=\"wk-accordion-title\">Sistemul imunitar \/ IgG<span wk-accordion-icon><\/span><\/a>\n\n        <div class=\"wk-accordion-content\">\n\n            \n            \n            \n                        <div class=\"wk-margin\"><p>Anticorpii (Imunoglobulina G - IgG) sunt produ\u015fi de organism pentru a contracara moleculele str\u0103ine. O \u015fubrezire a sistemului imunitar favorizeaz\u0103 apari\u0163ia infec\u0163iilor cronice sau recidivante, benigne, mai ales in situa\u0163ia in care s\u0103n\u0103tatea este deja fragilizat\u0103 de factori exteriori.<br \/>\r<\/div>\n            \n            \n                        <p><a class=\"wk-button wk-button-primary\" href=\"https:\/\/protectie-electromagnetica.ro\/cmo\/sistemul-igg-anticorpi\/\">Cite\u015fte mai mult<\/a><\/p>\n            \n            \n        <\/div>\n\n    <\/li>\n        <li >\n\n    \n        <a href class=\"wk-accordion-title\">Sistemul Imunitar \/ Macrofagele<span wk-accordion-icon><\/span><\/a>\n\n        <div class=\"wk-accordion-content\">\n\n            \n            \n            \n                        <div class=\"wk-margin\"><p>Monocitele sunt globulele albe ale s\u00e2ngelui. Ele traverseaz\u0103 diferite \u0163esuturi \u00een organism transform\u00e2ndu-se, dup\u0103 caz, \u00een macrofage. Macrofagele au rolul de a devora bacteriile din focarul infec\u0163ios, in repararea \u0163esuturilor, in contracararea viru\u015filor si ajuta la eliminarea tesuturilor moarte si canceroase. <\/p>\r<\/div>\n            \n            \n                        <p><a class=\"wk-button wk-button-primary\" href=\"https:\/\/protectie-electromagnetica.ro\/cmo\/imunitar-macrofagele-virus\/\">Cite\u015fte mai mult<\/a><\/p>\n            \n            \n        <\/div>\n\n    <\/li>\n        <li >\n\n    \n        <a href class=\"wk-accordion-title\">SRE \/ Cancerogeneza<span wk-accordion-icon><\/span><\/a>\n\n        <div class=\"wk-accordion-content\">\n\n            \n            \n            \n                        <div class=\"wk-margin\"><p>Supra-exprimarea secven\u021bei SRE in ADN este deci semnul major\u0103rii sintezei HSP 70, de unde rezulta o stare de stres celular.<br \/>\r\nGenele c-myc, c-fos si c-jun joaca un rol important in gestionarea unei dezvoltari  echilibrate a organismului, si au un rol important in contracararea proceselor canceroase. Aceste gene controleaz\u0103 cresterea celulara prin intermediul secven\u021belor regulatoare ale ADN-ului numite SRE (Serum Response Element).<\/p>\r\n<\/div>\n            \n            \n                        <p><a class=\"wk-button wk-button-primary\" href=\"https:\/\/protectie-electromagnetica.ro\/cmo\/sre-cancer-adn\/\">Cite\u015fte mai mult<\/a><\/p>\n            \n            \n        <\/div>\n\n    <\/li>\n        <li >\n\n    \n        <a href class=\"wk-accordion-title\">Stres celular\/  HSP70<span wk-accordion-icon><\/span><\/a>\n\n        <div class=\"wk-accordion-content\">\n\n            \n            \n            \n                        <div class=\"wk-margin\"><p>O majorare a sintezei proteinelor de stress  HSP70 este semnul unui stres celular (precum si supra-activarea secventei SRE in ADN). Acesta este un indicator al prezentei unui factor toxic pentru organism. Proteina de stres HSP 70 este considerata un indicator principal al prezentei unei poluari exogene.<\/p>\r<\/div>\n            \n            \n                        <p><a class=\"wk-button wk-button-primary\" href=\"https:\/\/protectie-electromagnetica.ro\/cmo\/stres-celular-hsp70\/\">Cite\u015fte mai mult<\/a><\/p>\n            \n            \n        <\/div>\n\n    <\/li>\n        <li >\n\n    \n        <a href class=\"wk-accordion-title\">Stres Celular\/ Ca++<span wk-accordion-icon><\/span><\/a>\n\n        <div class=\"wk-accordion-content\">\n\n            \n            \n            \n                        <div class=\"wk-margin\"><p><a href=\"\/cmo\/..\/1509-2\/\" target=\"_blank\" rel=\"noopener noreferrer\">Concentra\u0163ia Calciului<\/a> in celulele hipofizei <\/p>\r\n\r\n<p>Studiu realizat de Prof. Dr. Govindan Dayanithi, Laboratoarele de Neurofiziologie Senzoriala, U432 INSERM - 2. Fran\u0163a. <\/p>\r\n<\/div>\n            \n            \n                        <p><a class=\"wk-button wk-button-primary\" href=\"https:\/\/protectie-electromagnetica.ro\/cmo\/stres-celular-calciu-gsm\/\">Cite\u015fte mai mult<\/a><\/p>\n            \n            \n        <\/div>\n\n    <\/li>\n        <li >\n\n    \n        <a href class=\"wk-accordion-title\">Stresul la birou \/ GSM<span wk-accordion-icon><\/span><\/a>\n\n        <div class=\"wk-accordion-content\">\n\n            \n            \n            \n                        <div class=\"wk-margin\"><p>Acest studiu a fost realizat de <a href=\"http:\/\/www.derekcroome.com\/biography.html\" target=\"_blank\" rel=\"noopener noreferrer\">Prof. Derek Clements-Croome<\/a>, ca urmare a colabor\u0103rii cu cercet\u0103torii si colaboratorii de la Comosystems (Dr. Gerald Hyland, Dr. Vladimir Binhi si Prof. Maurice Fillon) la \u00eentocmirea prestigioasei lucrari \"<a href=\"https:\/\/drive.google.com\/open?id=0B8n67znSnhoYRXB0VzNQU1VPWnM\" target=\"_blank\" rel=\"noopener noreferrer\">Electromagnetic Environments and Health in Buildings<\/a>\". La sfarsitul acestui articol este afisata lista cu ceilal\u021bi co-autori ai lucr\u0103ri.<\/p>\r\n<p><\/div>\n            \n            \n                        <p><a class=\"wk-button wk-button-primary\" href=\"https:\/\/protectie-electromagnetica.ro\/cmo\/stres-gsm-birou\/\">Cite\u015fte mai mult<\/a><\/p>\n            \n            \n        <\/div>\n\n    <\/li>\n        <li >\n\n    \n        <a href class=\"wk-accordion-title\">Stresul la birou\/ Monitor CRT<span wk-accordion-icon><\/span><\/a>\n\n        <div class=\"wk-accordion-content\">\n\n            \n            \n            \n                        <div class=\"wk-margin\"><p>Simptomele de stres analizate \u00een studiul \"Building Sickness Syndrome\" (Sindromul \"Cl\u0103dirii nocive\") sunt legate \u00een general de factori ergonomici, ambientali \u015fi de responsabilit\u0103\u021bile cresc\u00e2nde ale muncii de birou. Pe l\u00e2ng\u0103 to\u021bi ace\u0219ti factori, s-a constatat c\u0103 \u00een era informatica a ap\u0103rut o noua perturbare: poluarea electromagnetica cauzata de aparatura \u015fi tehnologiile arhiprezente \u00een birotica tuturor societ\u0103\u021bilor \u015fi marilor companiilor. In acest studiu s-a monitorizat \u00eendeosebi expunerea cronic\u0103 a personalului (ingineri, juristi, informaticieni) la emisiile CEM ale unui monitor cu tub catodic, \u015fi s-a constatat ca provoac\u0103 o simptomatologie de tip neuropsihic, disfunc\u021bional \u015fi inflamatoriu. Studiul a fost realizat \u00een dublu-orb (cu placebo) \u015fi cu alternarea subiec\u0163ilor (cu sau f\u0103r\u0103 CMO).<\/p>\r<\/div>\n            \n            \n                        <p><a class=\"wk-button wk-button-primary\" href=\"https:\/\/protectie-electromagnetica.ro\/cmo\/stresul-la-birou-monitor\/\">Cite\u015fte mai mult<\/a><\/p>\n            \n            \n        <\/div>\n\n    <\/li>\n    \n<\/ul>\n<\/div>","protected":false},"excerpt":{"rendered":"","protected":false},"author":2,"featured_media":0,"parent":0,"menu_order":0,"comment_status":"closed","ping_status":"closed","template":"","meta":{"footnotes":""},"class_list":["post-2134","page","type-page","status-publish","hentry"],"yoast_head":"<!-- This site is optimized with the Yoast SEO plugin v27.5 - https:\/\/yoast.com\/product\/yoast-seo-wordpress\/ -->\n<title>Studii stiintifice de validare CMO - Protec\u021bie electromagnetic\u0103<\/title>\n<meta name=\"robots\" content=\"index, follow, max-snippet:-1, max-image-preview:large, max-video-preview:-1\" \/>\n<link rel=\"canonical\" href=\"https:\/\/protectie-electromagnetica.ro\/cmo\/studii-validare-cmo\/\" \/>\n<meta property=\"og:locale\" content=\"ro_RO\" \/>\n<meta property=\"og:type\" content=\"article\" \/>\n<meta property=\"og:title\" content=\"Studii stiintifice de validare CMO - Protec\u021bie electromagnetic\u0103\" \/>\n<meta property=\"og:url\" content=\"https:\/\/protectie-electromagnetica.ro\/cmo\/studii-validare-cmo\/\" \/>\n<meta property=\"og:site_name\" content=\"Protec\u021bie electromagnetic\u0103\" \/>\n<meta property=\"article:publisher\" content=\"https:\/\/www.facebook.com\/bioscem\/\" \/>\n<meta property=\"article:modified_time\" content=\"2019-05-29T06:14:54+00:00\" \/>\n<meta name=\"twitter:card\" content=\"summary_large_image\" \/>\n<script type=\"application\/ld+json\" class=\"yoast-schema-graph\">{\"@context\":\"https:\\\/\\\/schema.org\",\"@graph\":[{\"@type\":\"WebPage\",\"@id\":\"https:\\\/\\\/protectie-electromagnetica.ro\\\/cmo\\\/studii-validare-cmo\\\/\",\"url\":\"https:\\\/\\\/protectie-electromagnetica.ro\\\/cmo\\\/studii-validare-cmo\\\/\",\"name\":\"Studii stiintifice de validare CMO - Protec\u021bie electromagnetic\u0103\",\"isPartOf\":{\"@id\":\"https:\\\/\\\/protectie-electromagnetica.ro\\\/cmo\\\/#website\"},\"datePublished\":\"2016-02-17T11:51:34+00:00\",\"dateModified\":\"2019-05-29T06:14:54+00:00\",\"breadcrumb\":{\"@id\":\"https:\\\/\\\/protectie-electromagnetica.ro\\\/cmo\\\/studii-validare-cmo\\\/#breadcrumb\"},\"inLanguage\":\"ro-RO\",\"potentialAction\":[{\"@type\":\"ReadAction\",\"target\":[\"https:\\\/\\\/protectie-electromagnetica.ro\\\/cmo\\\/studii-validare-cmo\\\/\"]}]},{\"@type\":\"BreadcrumbList\",\"@id\":\"https:\\\/\\\/protectie-electromagnetica.ro\\\/cmo\\\/studii-validare-cmo\\\/#breadcrumb\",\"itemListElement\":[{\"@type\":\"ListItem\",\"position\":1,\"name\":\"Prima pagin\u0103\",\"item\":\"https:\\\/\\\/protectie-electromagnetica.ro\\\/cmo\\\/\"},{\"@type\":\"ListItem\",\"position\":2,\"name\":\"Studii stiintifice de validare CMO\"}]},{\"@type\":\"WebSite\",\"@id\":\"https:\\\/\\\/protectie-electromagnetica.ro\\\/cmo\\\/#website\",\"url\":\"https:\\\/\\\/protectie-electromagnetica.ro\\\/cmo\\\/\",\"name\":\"Protec\u021bie electromagnetic\u0103\",\"description\":\"Protectie Electromagnetica cu dispozitive bio-compatibile CMO (Oscilator Magnetic de Compensare) cu validare stiintifica\",\"potentialAction\":[{\"@type\":\"SearchAction\",\"target\":{\"@type\":\"EntryPoint\",\"urlTemplate\":\"https:\\\/\\\/protectie-electromagnetica.ro\\\/cmo\\\/?s={search_term_string}\"},\"query-input\":{\"@type\":\"PropertyValueSpecification\",\"valueRequired\":true,\"valueName\":\"search_term_string\"}}],\"inLanguage\":\"ro-RO\"}]}<\/script>\n<!-- \/ Yoast SEO plugin. -->","yoast_head_json":{"title":"Studii stiintifice de validare CMO - Protec\u021bie electromagnetic\u0103","robots":{"index":"index","follow":"follow","max-snippet":"max-snippet:-1","max-image-preview":"max-image-preview:large","max-video-preview":"max-video-preview:-1"},"canonical":"https:\/\/protectie-electromagnetica.ro\/cmo\/studii-validare-cmo\/","og_locale":"ro_RO","og_type":"article","og_title":"Studii stiintifice de validare CMO - Protec\u021bie electromagnetic\u0103","og_url":"https:\/\/protectie-electromagnetica.ro\/cmo\/studii-validare-cmo\/","og_site_name":"Protec\u021bie electromagnetic\u0103","article_publisher":"https:\/\/www.facebook.com\/bioscem\/","article_modified_time":"2019-05-29T06:14:54+00:00","twitter_card":"summary_large_image","schema":{"@context":"https:\/\/schema.org","@graph":[{"@type":"WebPage","@id":"https:\/\/protectie-electromagnetica.ro\/cmo\/studii-validare-cmo\/","url":"https:\/\/protectie-electromagnetica.ro\/cmo\/studii-validare-cmo\/","name":"Studii stiintifice de validare CMO - Protec\u021bie electromagnetic\u0103","isPartOf":{"@id":"https:\/\/protectie-electromagnetica.ro\/cmo\/#website"},"datePublished":"2016-02-17T11:51:34+00:00","dateModified":"2019-05-29T06:14:54+00:00","breadcrumb":{"@id":"https:\/\/protectie-electromagnetica.ro\/cmo\/studii-validare-cmo\/#breadcrumb"},"inLanguage":"ro-RO","potentialAction":[{"@type":"ReadAction","target":["https:\/\/protectie-electromagnetica.ro\/cmo\/studii-validare-cmo\/"]}]},{"@type":"BreadcrumbList","@id":"https:\/\/protectie-electromagnetica.ro\/cmo\/studii-validare-cmo\/#breadcrumb","itemListElement":[{"@type":"ListItem","position":1,"name":"Prima pagin\u0103","item":"https:\/\/protectie-electromagnetica.ro\/cmo\/"},{"@type":"ListItem","position":2,"name":"Studii stiintifice de validare CMO"}]},{"@type":"WebSite","@id":"https:\/\/protectie-electromagnetica.ro\/cmo\/#website","url":"https:\/\/protectie-electromagnetica.ro\/cmo\/","name":"Protec\u021bie electromagnetic\u0103","description":"Protectie Electromagnetica cu dispozitive bio-compatibile CMO (Oscilator Magnetic de Compensare) cu validare stiintifica","potentialAction":[{"@type":"SearchAction","target":{"@type":"EntryPoint","urlTemplate":"https:\/\/protectie-electromagnetica.ro\/cmo\/?s={search_term_string}"},"query-input":{"@type":"PropertyValueSpecification","valueRequired":true,"valueName":"search_term_string"}}],"inLanguage":"ro-RO"}]}},"_links":{"self":[{"href":"https:\/\/protectie-electromagnetica.ro\/cmo\/wp-json\/wp\/v2\/pages\/2134","targetHints":{"allow":["GET"]}}],"collection":[{"href":"https:\/\/protectie-electromagnetica.ro\/cmo\/wp-json\/wp\/v2\/pages"}],"about":[{"href":"https:\/\/protectie-electromagnetica.ro\/cmo\/wp-json\/wp\/v2\/types\/page"}],"author":[{"embeddable":true,"href":"https:\/\/protectie-electromagnetica.ro\/cmo\/wp-json\/wp\/v2\/users\/2"}],"replies":[{"embeddable":true,"href":"https:\/\/protectie-electromagnetica.ro\/cmo\/wp-json\/wp\/v2\/comments?post=2134"}],"version-history":[{"count":1,"href":"https:\/\/protectie-electromagnetica.ro\/cmo\/wp-json\/wp\/v2\/pages\/2134\/revisions"}],"predecessor-version":[{"id":4498,"href":"https:\/\/protectie-electromagnetica.ro\/cmo\/wp-json\/wp\/v2\/pages\/2134\/revisions\/4498"}],"wp:attachment":[{"href":"https:\/\/protectie-electromagnetica.ro\/cmo\/wp-json\/wp\/v2\/media?parent=2134"}],"curies":[{"name":"wp","href":"https:\/\/api.w.org\/{rel}","templated":true}]}}