{"id":3069,"date":"2016-05-11T12:42:15","date_gmt":"2016-05-11T09:42:15","guid":{"rendered":"http:\/\/protectie-electromagnetica.ro\/?page_id=3069"},"modified":"2025-02-18T07:55:47","modified_gmt":"2025-02-18T05:55:47","slug":"cum-aleg-cmo","status":"publish","type":"page","link":"https:\/\/protectie-electromagnetica.ro\/cmo\/tehnologia-cmo\/cum-aleg-cmo\/","title":{"rendered":"Cum aleg dispozitivele CMO?"},"content":{"rendered":"<h2>Cum aleg dispozitivele CMO?<\/h2>\r\n<p>Mai \u00eent\u00e2i, ar trebui f\u0103cut un inventar al surselor de c\u00e2mp electromagnetic (CEM) mai puternice din interiorul sau apropierea casei, locului de munc\u0103 sau \u015fcolii. Pune\u021bi-v\u0103 \u00eentrebarea: &#8222;Care este sursa cea mai apropiat\u0103 de c\u00e2mp electromagnetic \u015fi pe ce durat\u0103 m\u0103 afecteaz\u0103?&#8221;<\/p>\r\n\r\n<p>\u00cen cele mai dese cazuri este vorba de:<br \/>\r\n&#8211; <strong>Surse CEM de proximitate<\/strong>, aflate \u00een imediata apropiere sau \u00een contact direct: telefonul mobil, calculatorul de birou, laptopul, tableta, ecranul TV, cuptorul cu microunde, plita de g\u0103tit cu induc\u0163ie etc.<br \/>\r\n&#8211; <strong>Surse CEM ambientale<\/strong>: antene de telefonie mobil\u0103, routere Wi-Fi, telefonul fix f\u0103r\u0103 fir de tip DECT, re\u021bele electrice de \u00eenalt\u0103 tensiune, babyphone, contorul inteligent de energie electric\u0103, re\u0163ele geomagnetice Hartmann \u015fi Curry.<\/p>\r\n\r\n<p>\u00cen func\u0163ie de sursele CEM, dispozitivele CMO se \u00eempart \u00een dou\u0103 mari categorii:<\/p>\r\n<p><strong>CMO de proximitate:<\/strong><br \/> \r\n&#8211; <a href=\"https:\/\/protectie-electromagnetica.ro\/cmo\/dispozitive-cmo\/cmo-mp24-easycall\/\" target=\"_blank\" rel=\"noopener noreferrer\"><strong>EASYCALL<\/strong> (CMO MP24)<\/a> pentru telefoane mobile, tablete, smartphone-uri.<br \/> \r\n&#8211; <a href=\"https:\/\/protectie-electromagnetica.ro\/cmo\/dispozitive-cmo\/cmo-pczone\/\" target=\"_blank\" rel=\"noopener noreferrer\"><strong>PCZONE<\/strong> (CMO PC16)<\/a> pentru calculatoare, laptop-uri.<br \/> \r\n<\/p>\r\n\r\n<p><strong>CMO ambientale:<\/strong><br \/> \r\n&#8211; <a href=\"https:\/\/protectie-electromagnetica.ro\/cmo\/dispozitive-cmo\/cmo-harmony\/\" target=\"_blank\" rel=\"noopener noreferrer\"><strong>HARMONY<\/strong> (CMO MF04)<\/a>, de tip con, creeaz\u0103 \u00een jurul s\u0103u o sfer\u0103 de protec\u0163ie cu raza de 5,5 m.<br \/> \r\n&#8211; <a href=\"https:\/\/protectie-electromagnetica.ro\/cmo\/dispozitive-cmo\/cmo-harmony-xl\/\" target=\"_blank\" rel=\"noopener noreferrer\"><strong>HARMONY XL<\/strong> (CMO MF05)<\/a>, de tip con, creeaz\u0103 \u00een jurul s\u0103u o sfer\u0103 de protec\u0163ie cu raza de 8 m.<br \/> \r\n&#8211; <a href=\"https:\/\/protectie-electromagnetica.ro\/cmo\/dispozitive-cmo\/cmo-traveller-2\/\" target=\"_blank\" rel=\"noopener noreferrer\"><strong>TRAVELLER<\/strong> (CMO TR26)<\/a>, de tip disc, sfer\u0103 de protec\u0163ie cu raza de 2 m.<br \/> \r\n&#8211; <a href=\"https:\/\/protectie-electromagnetica.ro\/cmo\/dispozitive-cmo\/cmo-safekid\/\" target=\"_blank\" rel=\"noopener noreferrer\"><strong>SAFEKID<\/strong> (CMO JV21)<\/a>, de tip br\u0103\u0163ar\u0103, sfer\u0103 de protec\u0163ie cu raza de 0,5 m, destinat\u0103 \u00een special copiilor.<br \/> \r\n<\/p>\r\n\r\n<p><strong>Concluzie:<\/strong>\r\n<ul>\r\n<li>Pentru acas\u0103 sau birou este nevoie de cel pu\u0163in un <strong>MF04<\/strong> sau <strong>MF05<\/strong> care v\u0103 va proteja de to\u0163i factorii electromagnetici ambientali pe o raz\u0103 de 5,5 m p\u00e2n\u0103 la 8 m. \r\n<li>Pentru o eficien\u0163\u0103 maxim\u0103, o persoan\u0103 activ\u0103 are nevoie s\u0103 poarte permanent asupra sa un dispozitiv CMO portabil (<strong>TR26<\/strong> pentru adul\u0163i sau <strong>JV21<\/strong> pentru copii) \u015fi c\u00e2te un CMO pentru fiecare aparat utilizat \u00een mod curent (<strong>MP24<\/strong> pentru telefon \u015fi <strong>PC16<\/strong> pentru calculator).<\/li>\r\n<\/ul>\r\n<\/p> \r\n\r\n<p><em>Not\u0103: Dispozitivele CMO nu au rol terapeutic, ci doar furnizeaz\u0103 o energie bioactiv\u0103 ob\u021binut\u0103 prin conversia c\u00e2mpului electromagentic \u00eentr-un c\u00e2mp de foarte joas\u0103 frecven\u0163\u0103 ce este biocompatibil cu organismul uman.<\/em><\/p>","protected":false},"excerpt":{"rendered":"<p>Cum aleg dispozitivele CMO? Mai \u00eent\u00e2i, ar trebui f\u0103cut un inventar al surselor de c\u00e2mp electromagnetic (CEM) mai puternice din interiorul sau apropierea casei, locului de munc\u0103 sau \u015fcolii. Pune\u021bi-v\u0103 \u00eentrebarea: &#8222;Care este sursa cea mai apropiat\u0103 de c\u00e2mp electromagnetic \u015fi pe ce durat\u0103 m\u0103 afecteaz\u0103?&#8221; \u00cen cele mai dese cazuri este vorba de: &#8211; [&hellip;]<\/p>\n","protected":false},"author":2,"featured_media":0,"parent":928,"menu_order":0,"comment_status":"closed","ping_status":"closed","template":"","meta":{"footnotes":""},"class_list":["post-3069","page","type-page","status-publish","hentry"],"yoast_head":"<!-- This site is optimized with the Yoast SEO plugin v27.5 - https:\/\/yoast.com\/product\/yoast-seo-wordpress\/ -->\n<title>Cum aleg dispozitivele CMO? - Protec\u021bie electromagnetic\u0103<\/title>\n<meta name=\"robots\" content=\"index, follow, max-snippet:-1, max-image-preview:large, max-video-preview:-1\" \/>\n<link rel=\"canonical\" href=\"https:\/\/protectie-electromagnetica.ro\/cmo\/tehnologia-cmo\/cum-aleg-cmo\/\" \/>\n<meta property=\"og:locale\" content=\"ro_RO\" \/>\n<meta property=\"og:type\" content=\"article\" \/>\n<meta property=\"og:title\" content=\"Cum aleg dispozitivele CMO? - Protec\u021bie electromagnetic\u0103\" \/>\n<meta property=\"og:description\" content=\"Cum aleg dispozitivele CMO? Mai \u00eent\u00e2i, ar trebui f\u0103cut un inventar al surselor de c\u00e2mp electromagnetic (CEM) mai puternice din interiorul sau apropierea casei, locului de munc\u0103 sau \u015fcolii. Pune\u021bi-v\u0103 \u00eentrebarea: &#8222;Care este sursa cea mai apropiat\u0103 de c\u00e2mp electromagnetic \u015fi pe ce durat\u0103 m\u0103 afecteaz\u0103?&#8221; \u00cen cele mai dese cazuri este vorba de: &#8211; [&hellip;]\" \/>\n<meta property=\"og:url\" content=\"https:\/\/protectie-electromagnetica.ro\/cmo\/tehnologia-cmo\/cum-aleg-cmo\/\" \/>\n<meta property=\"og:site_name\" content=\"Protec\u021bie electromagnetic\u0103\" \/>\n<meta property=\"article:publisher\" content=\"https:\/\/www.facebook.com\/bioscem\/\" \/>\n<meta property=\"article:modified_time\" content=\"2025-02-18T05:55:47+00:00\" \/>\n<meta name=\"twitter:card\" content=\"summary_large_image\" \/>\n<meta name=\"twitter:label1\" content=\"Timp estimat pentru citire\" \/>\n\t<meta name=\"twitter:data1\" content=\"2 minute\" \/>\n<script type=\"application\/ld+json\" class=\"yoast-schema-graph\">{\"@context\":\"https:\\\/\\\/schema.org\",\"@graph\":[{\"@type\":\"WebPage\",\"@id\":\"https:\\\/\\\/protectie-electromagnetica.ro\\\/cmo\\\/tehnologia-cmo\\\/cum-aleg-cmo\\\/\",\"url\":\"https:\\\/\\\/protectie-electromagnetica.ro\\\/cmo\\\/tehnologia-cmo\\\/cum-aleg-cmo\\\/\",\"name\":\"Cum aleg dispozitivele CMO? - Protec\u021bie electromagnetic\u0103\",\"isPartOf\":{\"@id\":\"https:\\\/\\\/protectie-electromagnetica.ro\\\/cmo\\\/#website\"},\"datePublished\":\"2016-05-11T09:42:15+00:00\",\"dateModified\":\"2025-02-18T05:55:47+00:00\",\"breadcrumb\":{\"@id\":\"https:\\\/\\\/protectie-electromagnetica.ro\\\/cmo\\\/tehnologia-cmo\\\/cum-aleg-cmo\\\/#breadcrumb\"},\"inLanguage\":\"ro-RO\",\"potentialAction\":[{\"@type\":\"ReadAction\",\"target\":[\"https:\\\/\\\/protectie-electromagnetica.ro\\\/cmo\\\/tehnologia-cmo\\\/cum-aleg-cmo\\\/\"]}]},{\"@type\":\"BreadcrumbList\",\"@id\":\"https:\\\/\\\/protectie-electromagnetica.ro\\\/cmo\\\/tehnologia-cmo\\\/cum-aleg-cmo\\\/#breadcrumb\",\"itemListElement\":[{\"@type\":\"ListItem\",\"position\":1,\"name\":\"Prima pagin\u0103\",\"item\":\"https:\\\/\\\/protectie-electromagnetica.ro\\\/cmo\\\/\"},{\"@type\":\"ListItem\",\"position\":2,\"name\":\"Tehnologia CMO\",\"item\":\"https:\\\/\\\/protectie-electromagnetica.ro\\\/cmo\\\/tehnologia-cmo\\\/\"},{\"@type\":\"ListItem\",\"position\":3,\"name\":\"Cum aleg dispozitivele CMO?\"}]},{\"@type\":\"WebSite\",\"@id\":\"https:\\\/\\\/protectie-electromagnetica.ro\\\/cmo\\\/#website\",\"url\":\"https:\\\/\\\/protectie-electromagnetica.ro\\\/cmo\\\/\",\"name\":\"Protec\u021bie electromagnetic\u0103\",\"description\":\"Protectie Electromagnetica cu dispozitive bio-compatibile CMO (Oscilator Magnetic de Compensare) cu validare stiintifica\",\"potentialAction\":[{\"@type\":\"SearchAction\",\"target\":{\"@type\":\"EntryPoint\",\"urlTemplate\":\"https:\\\/\\\/protectie-electromagnetica.ro\\\/cmo\\\/?s={search_term_string}\"},\"query-input\":{\"@type\":\"PropertyValueSpecification\",\"valueRequired\":true,\"valueName\":\"search_term_string\"}}],\"inLanguage\":\"ro-RO\"}]}<\/script>\n<!-- \/ Yoast SEO plugin. -->","yoast_head_json":{"title":"Cum aleg dispozitivele CMO? - Protec\u021bie electromagnetic\u0103","robots":{"index":"index","follow":"follow","max-snippet":"max-snippet:-1","max-image-preview":"max-image-preview:large","max-video-preview":"max-video-preview:-1"},"canonical":"https:\/\/protectie-electromagnetica.ro\/cmo\/tehnologia-cmo\/cum-aleg-cmo\/","og_locale":"ro_RO","og_type":"article","og_title":"Cum aleg dispozitivele CMO? - Protec\u021bie electromagnetic\u0103","og_description":"Cum aleg dispozitivele CMO? Mai \u00eent\u00e2i, ar trebui f\u0103cut un inventar al surselor de c\u00e2mp electromagnetic (CEM) mai puternice din interiorul sau apropierea casei, locului de munc\u0103 sau \u015fcolii. Pune\u021bi-v\u0103 \u00eentrebarea: &#8222;Care este sursa cea mai apropiat\u0103 de c\u00e2mp electromagnetic \u015fi pe ce durat\u0103 m\u0103 afecteaz\u0103?&#8221; \u00cen cele mai dese cazuri este vorba de: &#8211; [&hellip;]","og_url":"https:\/\/protectie-electromagnetica.ro\/cmo\/tehnologia-cmo\/cum-aleg-cmo\/","og_site_name":"Protec\u021bie electromagnetic\u0103","article_publisher":"https:\/\/www.facebook.com\/bioscem\/","article_modified_time":"2025-02-18T05:55:47+00:00","twitter_card":"summary_large_image","twitter_misc":{"Timp estimat pentru citire":"2 minute"},"schema":{"@context":"https:\/\/schema.org","@graph":[{"@type":"WebPage","@id":"https:\/\/protectie-electromagnetica.ro\/cmo\/tehnologia-cmo\/cum-aleg-cmo\/","url":"https:\/\/protectie-electromagnetica.ro\/cmo\/tehnologia-cmo\/cum-aleg-cmo\/","name":"Cum aleg dispozitivele CMO? - Protec\u021bie electromagnetic\u0103","isPartOf":{"@id":"https:\/\/protectie-electromagnetica.ro\/cmo\/#website"},"datePublished":"2016-05-11T09:42:15+00:00","dateModified":"2025-02-18T05:55:47+00:00","breadcrumb":{"@id":"https:\/\/protectie-electromagnetica.ro\/cmo\/tehnologia-cmo\/cum-aleg-cmo\/#breadcrumb"},"inLanguage":"ro-RO","potentialAction":[{"@type":"ReadAction","target":["https:\/\/protectie-electromagnetica.ro\/cmo\/tehnologia-cmo\/cum-aleg-cmo\/"]}]},{"@type":"BreadcrumbList","@id":"https:\/\/protectie-electromagnetica.ro\/cmo\/tehnologia-cmo\/cum-aleg-cmo\/#breadcrumb","itemListElement":[{"@type":"ListItem","position":1,"name":"Prima pagin\u0103","item":"https:\/\/protectie-electromagnetica.ro\/cmo\/"},{"@type":"ListItem","position":2,"name":"Tehnologia CMO","item":"https:\/\/protectie-electromagnetica.ro\/cmo\/tehnologia-cmo\/"},{"@type":"ListItem","position":3,"name":"Cum aleg dispozitivele CMO?"}]},{"@type":"WebSite","@id":"https:\/\/protectie-electromagnetica.ro\/cmo\/#website","url":"https:\/\/protectie-electromagnetica.ro\/cmo\/","name":"Protec\u021bie electromagnetic\u0103","description":"Protectie Electromagnetica cu dispozitive bio-compatibile CMO (Oscilator Magnetic de Compensare) cu validare stiintifica","potentialAction":[{"@type":"SearchAction","target":{"@type":"EntryPoint","urlTemplate":"https:\/\/protectie-electromagnetica.ro\/cmo\/?s={search_term_string}"},"query-input":{"@type":"PropertyValueSpecification","valueRequired":true,"valueName":"search_term_string"}}],"inLanguage":"ro-RO"}]}},"_links":{"self":[{"href":"https:\/\/protectie-electromagnetica.ro\/cmo\/wp-json\/wp\/v2\/pages\/3069","targetHints":{"allow":["GET"]}}],"collection":[{"href":"https:\/\/protectie-electromagnetica.ro\/cmo\/wp-json\/wp\/v2\/pages"}],"about":[{"href":"https:\/\/protectie-electromagnetica.ro\/cmo\/wp-json\/wp\/v2\/types\/page"}],"author":[{"embeddable":true,"href":"https:\/\/protectie-electromagnetica.ro\/cmo\/wp-json\/wp\/v2\/users\/2"}],"replies":[{"embeddable":true,"href":"https:\/\/protectie-electromagnetica.ro\/cmo\/wp-json\/wp\/v2\/comments?post=3069"}],"version-history":[{"count":4,"href":"https:\/\/protectie-electromagnetica.ro\/cmo\/wp-json\/wp\/v2\/pages\/3069\/revisions"}],"predecessor-version":[{"id":5607,"href":"https:\/\/protectie-electromagnetica.ro\/cmo\/wp-json\/wp\/v2\/pages\/3069\/revisions\/5607"}],"up":[{"embeddable":true,"href":"https:\/\/protectie-electromagnetica.ro\/cmo\/wp-json\/wp\/v2\/pages\/928"}],"wp:attachment":[{"href":"https:\/\/protectie-electromagnetica.ro\/cmo\/wp-json\/wp\/v2\/media?parent=3069"}],"curies":[{"name":"wp","href":"https:\/\/api.w.org\/{rel}","templated":true}]}}