{"id":3161,"date":"2016-06-14T18:11:00","date_gmt":"2016-06-14T15:11:00","guid":{"rendered":"http:\/\/protectie-electromagnetica.ro\/?page_id=3161"},"modified":"2026-03-21T08:50:51","modified_gmt":"2026-03-21T06:50:51","slug":"prof-dr-mihaela-gheorghiu","status":"publish","type":"page","link":"https:\/\/protectie-electromagnetica.ro\/cmo\/specialisti-recomanda-cmo\/prof-dr-mihaela-gheorghiu\/","title":{"rendered":"Prof. Dr. Mihaela Gheorghiu"},"content":{"rendered":"<div class=\"uk-grid\" data-uk-grid-margin>\r\n\r\n<div class=\"uk-width-medium-2-3\">\r\n<p><strong>Sef de lucr\u0103ri, Prof. Dr. Mihaela Gheorghiu<\/strong><br \/> \r\nDin 1994 p\u00e2n\u0103 \u00een prezent, Prof. Dr. Mihaela Gheorghiu pred\u0103 \u0219i desf\u0103\u0219oar\u0103 activitate de cercetare la UMF Carol Davila Bucure\u0219ti, Catedra de Fiziopatologie si Imunologie.<br \/> \r\nAutoare a 10 volume de profil publicate \u00een \u0163ar\u0103 \u015fi a numeroase lucr\u0103ri \u015ftiin\u0163ifice publicate sau prezentate la conferin\u0163e na\u0163ionale \u015fi interna\u0163ionale.<br \/> \r\nAl\u0103turi de Conf. Univ. Dr. Traian Trandafir, este  ini\u021biatorul seriilor de cursuri post-universitare &#8222;Medicina cuantic\u0103 &#8211; o abordare modern\u0103 fiziopatologic\u0103&#8221; \u0219i &#8222;Bazele Teoretice ale Medicinei Vibra\u021bionale&#8221;, derulate \u00eencep\u00e2nd cu 2009. <br \/> \r\n\u00cen 2013, a publicat \u00eempreun\u0103 cu Conf. Univ. Dr. Traian Trandafir cartea <em>Introducere \u00een Medicina Vibra\u021bional\u0103<\/em>, prima carte de profil scris\u0103 de autori rom\u00e2ni de forma\u021bie universitar\u0103.<\/p>\r\n\r\n<p><em>&#8222;Aceast\u0103 tehnologie CMO este conceput\u0103 de un colectiv de cercet\u0103tori de prestigiu \u0219i are o validare biologic\u0103 temeinic\u0103.&#8221;<\/em><\/p>\r\n<\/div>\r\n\r\n  <div class=\"uk-width-medium-1-3\">\r\n    <div class=\"uk-overlay\">\r\n      <img decoding=\"async\" src=\"http:\/\/protectie-electromagnetica.ro\/cmo\/wp-content\/uploads\/2016\/06\/Mihaela-gheorghiu-.jpeg\"\/>\r\n      <div class=\"uk-thumbnail-caption\">Prof. Dr. Mihaela Gheorghiu<\/div>\r\n    <\/div>\r\n  <\/div>\r\n    \r\n<\/div>\r\n","protected":false},"excerpt":{"rendered":"<p>Sef de lucr\u0103ri, Prof. Dr. Mihaela Gheorghiu Din 1994 p\u00e2n\u0103 \u00een prezent, Prof. Dr. Mihaela Gheorghiu pred\u0103 \u0219i desf\u0103\u0219oar\u0103 activitate de cercetare la UMF Carol Davila Bucure\u0219ti, Catedra de Fiziopatologie si Imunologie. Autoare a 10 volume de profil publicate \u00een \u0163ar\u0103 \u015fi a numeroase lucr\u0103ri \u015ftiin\u0163ifice publicate sau prezentate la conferin\u0163e na\u0163ionale \u015fi interna\u0163ionale. Al\u0103turi [&hellip;]<\/p>\n","protected":false},"author":1,"featured_media":0,"parent":961,"menu_order":0,"comment_status":"closed","ping_status":"closed","template":"","meta":{"footnotes":""},"class_list":["post-3161","page","type-page","status-publish","hentry"],"yoast_head":"<!-- This site is optimized with the Yoast SEO plugin v27.5 - https:\/\/yoast.com\/product\/yoast-seo-wordpress\/ -->\n<title>Prof. Dr. Mihaela Gheorghiu - Protec\u021bie electromagnetic\u0103<\/title>\n<meta name=\"robots\" content=\"index, follow, max-snippet:-1, max-image-preview:large, max-video-preview:-1\" \/>\n<link rel=\"canonical\" href=\"https:\/\/protectie-electromagnetica.ro\/cmo\/specialisti-recomanda-cmo\/prof-dr-mihaela-gheorghiu\/\" \/>\n<meta property=\"og:locale\" content=\"ro_RO\" \/>\n<meta property=\"og:type\" content=\"article\" \/>\n<meta property=\"og:title\" content=\"Prof. Dr. Mihaela Gheorghiu - Protec\u021bie electromagnetic\u0103\" \/>\n<meta property=\"og:description\" content=\"Sef de lucr\u0103ri, Prof. Dr. Mihaela Gheorghiu Din 1994 p\u00e2n\u0103 \u00een prezent, Prof. Dr. Mihaela Gheorghiu pred\u0103 \u0219i desf\u0103\u0219oar\u0103 activitate de cercetare la UMF Carol Davila Bucure\u0219ti, Catedra de Fiziopatologie si Imunologie. Autoare a 10 volume de profil publicate \u00een \u0163ar\u0103 \u015fi a numeroase lucr\u0103ri \u015ftiin\u0163ifice publicate sau prezentate la conferin\u0163e na\u0163ionale \u015fi interna\u0163ionale. Al\u0103turi [&hellip;]\" \/>\n<meta property=\"og:url\" content=\"https:\/\/protectie-electromagnetica.ro\/cmo\/specialisti-recomanda-cmo\/prof-dr-mihaela-gheorghiu\/\" \/>\n<meta property=\"og:site_name\" content=\"Protec\u021bie electromagnetic\u0103\" \/>\n<meta property=\"article:publisher\" content=\"https:\/\/www.facebook.com\/bioscem\/\" \/>\n<meta property=\"article:modified_time\" content=\"2026-03-21T06:50:51+00:00\" \/>\n<meta property=\"og:image\" content=\"http:\/\/protectie-electromagnetica.ro\/cmo\/wp-content\/uploads\/2016\/06\/Mihaela-gheorghiu-.jpeg\" \/>\n<meta name=\"twitter:card\" content=\"summary_large_image\" \/>\n<meta name=\"twitter:label1\" content=\"Timp estimat pentru citire\" \/>\n\t<meta name=\"twitter:data1\" content=\"1 minut\" \/>\n<script type=\"application\/ld+json\" class=\"yoast-schema-graph\">{\"@context\":\"https:\\\/\\\/schema.org\",\"@graph\":[{\"@type\":\"WebPage\",\"@id\":\"https:\\\/\\\/protectie-electromagnetica.ro\\\/cmo\\\/specialisti-recomanda-cmo\\\/prof-dr-mihaela-gheorghiu\\\/\",\"url\":\"https:\\\/\\\/protectie-electromagnetica.ro\\\/cmo\\\/specialisti-recomanda-cmo\\\/prof-dr-mihaela-gheorghiu\\\/\",\"name\":\"Prof. Dr. Mihaela Gheorghiu - Protec\u021bie electromagnetic\u0103\",\"isPartOf\":{\"@id\":\"https:\\\/\\\/protectie-electromagnetica.ro\\\/cmo\\\/#website\"},\"primaryImageOfPage\":{\"@id\":\"https:\\\/\\\/protectie-electromagnetica.ro\\\/cmo\\\/specialisti-recomanda-cmo\\\/prof-dr-mihaela-gheorghiu\\\/#primaryimage\"},\"image\":{\"@id\":\"https:\\\/\\\/protectie-electromagnetica.ro\\\/cmo\\\/specialisti-recomanda-cmo\\\/prof-dr-mihaela-gheorghiu\\\/#primaryimage\"},\"thumbnailUrl\":\"http:\\\/\\\/protectie-electromagnetica.ro\\\/cmo\\\/wp-content\\\/uploads\\\/2016\\\/06\\\/Mihaela-gheorghiu-.jpeg\",\"datePublished\":\"2016-06-14T15:11:00+00:00\",\"dateModified\":\"2026-03-21T06:50:51+00:00\",\"breadcrumb\":{\"@id\":\"https:\\\/\\\/protectie-electromagnetica.ro\\\/cmo\\\/specialisti-recomanda-cmo\\\/prof-dr-mihaela-gheorghiu\\\/#breadcrumb\"},\"inLanguage\":\"ro-RO\",\"potentialAction\":[{\"@type\":\"ReadAction\",\"target\":[\"https:\\\/\\\/protectie-electromagnetica.ro\\\/cmo\\\/specialisti-recomanda-cmo\\\/prof-dr-mihaela-gheorghiu\\\/\"]}]},{\"@type\":\"ImageObject\",\"inLanguage\":\"ro-RO\",\"@id\":\"https:\\\/\\\/protectie-electromagnetica.ro\\\/cmo\\\/specialisti-recomanda-cmo\\\/prof-dr-mihaela-gheorghiu\\\/#primaryimage\",\"url\":\"https:\\\/\\\/protectie-electromagnetica.ro\\\/cmo\\\/wp-content\\\/uploads\\\/2016\\\/06\\\/Mihaela-gheorghiu-.jpeg\",\"contentUrl\":\"https:\\\/\\\/protectie-electromagnetica.ro\\\/cmo\\\/wp-content\\\/uploads\\\/2016\\\/06\\\/Mihaela-gheorghiu-.jpeg\",\"width\":284,\"height\":342},{\"@type\":\"BreadcrumbList\",\"@id\":\"https:\\\/\\\/protectie-electromagnetica.ro\\\/cmo\\\/specialisti-recomanda-cmo\\\/prof-dr-mihaela-gheorghiu\\\/#breadcrumb\",\"itemListElement\":[{\"@type\":\"ListItem\",\"position\":1,\"name\":\"Prima pagin\u0103\",\"item\":\"https:\\\/\\\/protectie-electromagnetica.ro\\\/cmo\\\/\"},{\"@type\":\"ListItem\",\"position\":2,\"name\":\"Speciali\u015fti ce recomand\u0103 CMO\",\"item\":\"https:\\\/\\\/protectie-electromagnetica.ro\\\/cmo\\\/specialisti-recomanda-cmo\\\/\"},{\"@type\":\"ListItem\",\"position\":3,\"name\":\"Prof. Dr. Mihaela Gheorghiu\"}]},{\"@type\":\"WebSite\",\"@id\":\"https:\\\/\\\/protectie-electromagnetica.ro\\\/cmo\\\/#website\",\"url\":\"https:\\\/\\\/protectie-electromagnetica.ro\\\/cmo\\\/\",\"name\":\"Protec\u021bie electromagnetic\u0103\",\"description\":\"Protectie Electromagnetica cu dispozitive bio-compatibile CMO (Oscilator Magnetic de Compensare) cu validare stiintifica\",\"potentialAction\":[{\"@type\":\"SearchAction\",\"target\":{\"@type\":\"EntryPoint\",\"urlTemplate\":\"https:\\\/\\\/protectie-electromagnetica.ro\\\/cmo\\\/?s={search_term_string}\"},\"query-input\":{\"@type\":\"PropertyValueSpecification\",\"valueRequired\":true,\"valueName\":\"search_term_string\"}}],\"inLanguage\":\"ro-RO\"}]}<\/script>\n<!-- \/ Yoast SEO plugin. -->","yoast_head_json":{"title":"Prof. Dr. Mihaela Gheorghiu - Protec\u021bie electromagnetic\u0103","robots":{"index":"index","follow":"follow","max-snippet":"max-snippet:-1","max-image-preview":"max-image-preview:large","max-video-preview":"max-video-preview:-1"},"canonical":"https:\/\/protectie-electromagnetica.ro\/cmo\/specialisti-recomanda-cmo\/prof-dr-mihaela-gheorghiu\/","og_locale":"ro_RO","og_type":"article","og_title":"Prof. Dr. Mihaela Gheorghiu - Protec\u021bie electromagnetic\u0103","og_description":"Sef de lucr\u0103ri, Prof. Dr. Mihaela Gheorghiu Din 1994 p\u00e2n\u0103 \u00een prezent, Prof. Dr. Mihaela Gheorghiu pred\u0103 \u0219i desf\u0103\u0219oar\u0103 activitate de cercetare la UMF Carol Davila Bucure\u0219ti, Catedra de Fiziopatologie si Imunologie. Autoare a 10 volume de profil publicate \u00een \u0163ar\u0103 \u015fi a numeroase lucr\u0103ri \u015ftiin\u0163ifice publicate sau prezentate la conferin\u0163e na\u0163ionale \u015fi interna\u0163ionale. Al\u0103turi [&hellip;]","og_url":"https:\/\/protectie-electromagnetica.ro\/cmo\/specialisti-recomanda-cmo\/prof-dr-mihaela-gheorghiu\/","og_site_name":"Protec\u021bie electromagnetic\u0103","article_publisher":"https:\/\/www.facebook.com\/bioscem\/","article_modified_time":"2026-03-21T06:50:51+00:00","og_image":[{"url":"http:\/\/protectie-electromagnetica.ro\/cmo\/wp-content\/uploads\/2016\/06\/Mihaela-gheorghiu-.jpeg","type":"","width":"","height":""}],"twitter_card":"summary_large_image","twitter_misc":{"Timp estimat pentru citire":"1 minut"},"schema":{"@context":"https:\/\/schema.org","@graph":[{"@type":"WebPage","@id":"https:\/\/protectie-electromagnetica.ro\/cmo\/specialisti-recomanda-cmo\/prof-dr-mihaela-gheorghiu\/","url":"https:\/\/protectie-electromagnetica.ro\/cmo\/specialisti-recomanda-cmo\/prof-dr-mihaela-gheorghiu\/","name":"Prof. Dr. Mihaela Gheorghiu - Protec\u021bie electromagnetic\u0103","isPartOf":{"@id":"https:\/\/protectie-electromagnetica.ro\/cmo\/#website"},"primaryImageOfPage":{"@id":"https:\/\/protectie-electromagnetica.ro\/cmo\/specialisti-recomanda-cmo\/prof-dr-mihaela-gheorghiu\/#primaryimage"},"image":{"@id":"https:\/\/protectie-electromagnetica.ro\/cmo\/specialisti-recomanda-cmo\/prof-dr-mihaela-gheorghiu\/#primaryimage"},"thumbnailUrl":"http:\/\/protectie-electromagnetica.ro\/cmo\/wp-content\/uploads\/2016\/06\/Mihaela-gheorghiu-.jpeg","datePublished":"2016-06-14T15:11:00+00:00","dateModified":"2026-03-21T06:50:51+00:00","breadcrumb":{"@id":"https:\/\/protectie-electromagnetica.ro\/cmo\/specialisti-recomanda-cmo\/prof-dr-mihaela-gheorghiu\/#breadcrumb"},"inLanguage":"ro-RO","potentialAction":[{"@type":"ReadAction","target":["https:\/\/protectie-electromagnetica.ro\/cmo\/specialisti-recomanda-cmo\/prof-dr-mihaela-gheorghiu\/"]}]},{"@type":"ImageObject","inLanguage":"ro-RO","@id":"https:\/\/protectie-electromagnetica.ro\/cmo\/specialisti-recomanda-cmo\/prof-dr-mihaela-gheorghiu\/#primaryimage","url":"https:\/\/protectie-electromagnetica.ro\/cmo\/wp-content\/uploads\/2016\/06\/Mihaela-gheorghiu-.jpeg","contentUrl":"https:\/\/protectie-electromagnetica.ro\/cmo\/wp-content\/uploads\/2016\/06\/Mihaela-gheorghiu-.jpeg","width":284,"height":342},{"@type":"BreadcrumbList","@id":"https:\/\/protectie-electromagnetica.ro\/cmo\/specialisti-recomanda-cmo\/prof-dr-mihaela-gheorghiu\/#breadcrumb","itemListElement":[{"@type":"ListItem","position":1,"name":"Prima pagin\u0103","item":"https:\/\/protectie-electromagnetica.ro\/cmo\/"},{"@type":"ListItem","position":2,"name":"Speciali\u015fti ce recomand\u0103 CMO","item":"https:\/\/protectie-electromagnetica.ro\/cmo\/specialisti-recomanda-cmo\/"},{"@type":"ListItem","position":3,"name":"Prof. Dr. Mihaela Gheorghiu"}]},{"@type":"WebSite","@id":"https:\/\/protectie-electromagnetica.ro\/cmo\/#website","url":"https:\/\/protectie-electromagnetica.ro\/cmo\/","name":"Protec\u021bie electromagnetic\u0103","description":"Protectie Electromagnetica cu dispozitive bio-compatibile CMO (Oscilator Magnetic de Compensare) cu validare stiintifica","potentialAction":[{"@type":"SearchAction","target":{"@type":"EntryPoint","urlTemplate":"https:\/\/protectie-electromagnetica.ro\/cmo\/?s={search_term_string}"},"query-input":{"@type":"PropertyValueSpecification","valueRequired":true,"valueName":"search_term_string"}}],"inLanguage":"ro-RO"}]}},"_links":{"self":[{"href":"https:\/\/protectie-electromagnetica.ro\/cmo\/wp-json\/wp\/v2\/pages\/3161","targetHints":{"allow":["GET"]}}],"collection":[{"href":"https:\/\/protectie-electromagnetica.ro\/cmo\/wp-json\/wp\/v2\/pages"}],"about":[{"href":"https:\/\/protectie-electromagnetica.ro\/cmo\/wp-json\/wp\/v2\/types\/page"}],"author":[{"embeddable":true,"href":"https:\/\/protectie-electromagnetica.ro\/cmo\/wp-json\/wp\/v2\/users\/1"}],"replies":[{"embeddable":true,"href":"https:\/\/protectie-electromagnetica.ro\/cmo\/wp-json\/wp\/v2\/comments?post=3161"}],"version-history":[{"count":6,"href":"https:\/\/protectie-electromagnetica.ro\/cmo\/wp-json\/wp\/v2\/pages\/3161\/revisions"}],"predecessor-version":[{"id":5634,"href":"https:\/\/protectie-electromagnetica.ro\/cmo\/wp-json\/wp\/v2\/pages\/3161\/revisions\/5634"}],"up":[{"embeddable":true,"href":"https:\/\/protectie-electromagnetica.ro\/cmo\/wp-json\/wp\/v2\/pages\/961"}],"wp:attachment":[{"href":"https:\/\/protectie-electromagnetica.ro\/cmo\/wp-json\/wp\/v2\/media?parent=3161"}],"curies":[{"name":"wp","href":"https:\/\/api.w.org\/{rel}","templated":true}]}}