{"id":3492,"date":"2016-12-02T10:40:32","date_gmt":"2016-12-02T08:40:32","guid":{"rendered":"http:\/\/protectie-electromagnetica.ro\/?page_id=3492"},"modified":"2016-12-02T10:40:32","modified_gmt":"2016-12-02T08:40:32","slug":"anne-marie-narboni","status":"publish","type":"page","link":"https:\/\/protectie-electromagnetica.ro\/cmo\/specialisti-recomanda-cmo\/anne-marie-narboni\/","title":{"rendered":"Anne Marie Narboni"},"content":{"rendered":"<div class=\"uk-grid\" data-uk-grid-margin=\"\">\n<div class=\"uk-width-medium-2-3\">\n<p><a title=\"Anne Marie Narboni\" href=\"https:\/\/www.linkedin.com\/in\/anne-marie-narboni-22222813\" target=\"_blank\" rel=\"noopener noreferrer\">Anne Marie Narboni<\/a> B.A.Com, ND, Executive Chair, este de 10 ani Pre\u0219edinta &#8222;International Congress on Naturopathic Medicine&#8221;<\/p>\n<p>&#8222;Progresul vertiginos al tehnologiilor media \u0219i de comunicare f\u0103r\u0103 fir necesita, \u00een aceia\u0219i m\u0103sur\u0103, developarea continua a unor alternative de protec\u021bie. In acest sens, suntem \u00eenc\u00e2nta\u021bi de prezenta standului cu dispozitive de protec\u021bie CMO la congresele noastre \u0219i de calitatea informa\u021biilor prezentate de conferen\u021biarii societ\u0103\u021bii Comosystems.&#8221;<\/p>\n<p>Declaratia de la editia ICNM 2016: &#8222;Veni\u021bi al\u0103turi de noi pentru a contribui la promovarea medicinei naturiste. Experien\u021ba voastr\u0103 va fi integrat\u0103 \u0219i \u00eemp\u0103rt\u0103\u0219it\u0103 la nivel interna\u021bional \u00eentr-un schimb de experien\u021b\u0103 profesional \u0219i colegial.\u201d<\/p>\n<p>Anne Marie Narboni si Dl Vornicu Adrian, Bioscem Romania <img loading=\"lazy\" decoding=\"async\" class=\"alignnone size-full wp-image-3493\" src=\"http:\/\/protectie-electromagnetica.ro\/cmo\/wp-content\/uploads\/2016\/12\/Anne-Marie-Narboni-2-1-1.png\" alt=\"Anne Marie Narboni\" width=\"800\" height=\"600\" \/><\/p>\n<div class=\"uk-width-medium-1-3\">\n<div class=\"uk-overlay\"><img decoding=\"async\" src=\"http:\/\/protectie-electromagnetica.ro\/cmo\/wp-content\/uploads\/2016\/12\/ANNE-.jpg\" alt=\"Anne Marie Narboni\" \/>\n<div class=\"uk-thumbnail-caption\">Anne Marie Narboni utilizeaza dispozitivele CMO.<\/div>\n<\/div>\n<\/div>\n<\/div>\n<\/div>","protected":false},"excerpt":{"rendered":"<p>Anne Marie Narboni B.A.Com, ND, Executive Chair, este de 10 ani Pre\u0219edinta &#8222;International Congress on Naturopathic Medicine&#8221; &#8222;Progresul vertiginos al tehnologiilor media \u0219i de comunicare f\u0103r\u0103 fir necesita, \u00een aceia\u0219i m\u0103sur\u0103, developarea continua a unor alternative de protec\u021bie. In acest sens, suntem \u00eenc\u00e2nta\u021bi de prezenta standului cu dispozitive de protec\u021bie CMO la congresele noastre \u0219i [&hellip;]<\/p>\n","protected":false},"author":2,"featured_media":0,"parent":961,"menu_order":0,"comment_status":"closed","ping_status":"closed","template":"","meta":{"footnotes":""},"class_list":["post-3492","page","type-page","status-publish","hentry"],"yoast_head":"<!-- This site is optimized with the Yoast SEO plugin v27.5 - https:\/\/yoast.com\/product\/yoast-seo-wordpress\/ -->\n<title>Anne Marie Narboni - Protec\u021bie electromagnetic\u0103<\/title>\n<meta name=\"robots\" content=\"index, follow, max-snippet:-1, max-image-preview:large, max-video-preview:-1\" \/>\n<link rel=\"canonical\" href=\"https:\/\/protectie-electromagnetica.ro\/cmo\/specialisti-recomanda-cmo\/anne-marie-narboni\/\" \/>\n<meta property=\"og:locale\" content=\"ro_RO\" \/>\n<meta property=\"og:type\" content=\"article\" \/>\n<meta property=\"og:title\" content=\"Anne Marie Narboni - Protec\u021bie electromagnetic\u0103\" \/>\n<meta property=\"og:description\" content=\"Anne Marie Narboni B.A.Com, ND, Executive Chair, este de 10 ani Pre\u0219edinta &#8222;International Congress on Naturopathic Medicine&#8221; &#8222;Progresul vertiginos al tehnologiilor media \u0219i de comunicare f\u0103r\u0103 fir necesita, \u00een aceia\u0219i m\u0103sur\u0103, developarea continua a unor alternative de protec\u021bie. In acest sens, suntem \u00eenc\u00e2nta\u021bi de prezenta standului cu dispozitive de protec\u021bie CMO la congresele noastre \u0219i [&hellip;]\" \/>\n<meta property=\"og:url\" content=\"https:\/\/protectie-electromagnetica.ro\/cmo\/specialisti-recomanda-cmo\/anne-marie-narboni\/\" \/>\n<meta property=\"og:site_name\" content=\"Protec\u021bie electromagnetic\u0103\" \/>\n<meta property=\"article:publisher\" content=\"https:\/\/www.facebook.com\/bioscem\/\" \/>\n<meta name=\"twitter:card\" content=\"summary_large_image\" \/>\n<meta name=\"twitter:label1\" content=\"Timp estimat pentru citire\" \/>\n\t<meta name=\"twitter:data1\" content=\"1 minut\" \/>\n<script type=\"application\/ld+json\" class=\"yoast-schema-graph\">{\"@context\":\"https:\\\/\\\/schema.org\",\"@graph\":[{\"@type\":\"WebPage\",\"@id\":\"https:\\\/\\\/protectie-electromagnetica.ro\\\/cmo\\\/specialisti-recomanda-cmo\\\/anne-marie-narboni\\\/\",\"url\":\"https:\\\/\\\/protectie-electromagnetica.ro\\\/cmo\\\/specialisti-recomanda-cmo\\\/anne-marie-narboni\\\/\",\"name\":\"Anne Marie Narboni - Protec\u021bie electromagnetic\u0103\",\"isPartOf\":{\"@id\":\"https:\\\/\\\/protectie-electromagnetica.ro\\\/cmo\\\/#website\"},\"primaryImageOfPage\":{\"@id\":\"https:\\\/\\\/protectie-electromagnetica.ro\\\/cmo\\\/specialisti-recomanda-cmo\\\/anne-marie-narboni\\\/#primaryimage\"},\"image\":{\"@id\":\"https:\\\/\\\/protectie-electromagnetica.ro\\\/cmo\\\/specialisti-recomanda-cmo\\\/anne-marie-narboni\\\/#primaryimage\"},\"thumbnailUrl\":\"http:\\\/\\\/protectie-electromagnetica.ro\\\/cmo\\\/wp-content\\\/uploads\\\/2016\\\/12\\\/Anne-Marie-Narboni-2-1-1.png\",\"datePublished\":\"2016-12-02T08:40:32+00:00\",\"breadcrumb\":{\"@id\":\"https:\\\/\\\/protectie-electromagnetica.ro\\\/cmo\\\/specialisti-recomanda-cmo\\\/anne-marie-narboni\\\/#breadcrumb\"},\"inLanguage\":\"ro-RO\",\"potentialAction\":[{\"@type\":\"ReadAction\",\"target\":[\"https:\\\/\\\/protectie-electromagnetica.ro\\\/cmo\\\/specialisti-recomanda-cmo\\\/anne-marie-narboni\\\/\"]}]},{\"@type\":\"ImageObject\",\"inLanguage\":\"ro-RO\",\"@id\":\"https:\\\/\\\/protectie-electromagnetica.ro\\\/cmo\\\/specialisti-recomanda-cmo\\\/anne-marie-narboni\\\/#primaryimage\",\"url\":\"https:\\\/\\\/protectie-electromagnetica.ro\\\/cmo\\\/wp-content\\\/uploads\\\/2016\\\/12\\\/anne-me-1.bmp\",\"contentUrl\":\"https:\\\/\\\/protectie-electromagnetica.ro\\\/cmo\\\/wp-content\\\/uploads\\\/2016\\\/12\\\/anne-me-1.bmp\",\"width\":800,\"height\":600},{\"@type\":\"BreadcrumbList\",\"@id\":\"https:\\\/\\\/protectie-electromagnetica.ro\\\/cmo\\\/specialisti-recomanda-cmo\\\/anne-marie-narboni\\\/#breadcrumb\",\"itemListElement\":[{\"@type\":\"ListItem\",\"position\":1,\"name\":\"Prima pagin\u0103\",\"item\":\"https:\\\/\\\/protectie-electromagnetica.ro\\\/cmo\\\/\"},{\"@type\":\"ListItem\",\"position\":2,\"name\":\"Speciali\u015fti ce recomand\u0103 CMO\",\"item\":\"https:\\\/\\\/protectie-electromagnetica.ro\\\/cmo\\\/specialisti-recomanda-cmo\\\/\"},{\"@type\":\"ListItem\",\"position\":3,\"name\":\"Anne Marie Narboni\"}]},{\"@type\":\"WebSite\",\"@id\":\"https:\\\/\\\/protectie-electromagnetica.ro\\\/cmo\\\/#website\",\"url\":\"https:\\\/\\\/protectie-electromagnetica.ro\\\/cmo\\\/\",\"name\":\"Protec\u021bie electromagnetic\u0103\",\"description\":\"Protectie Electromagnetica cu dispozitive bio-compatibile CMO (Oscilator Magnetic de Compensare) cu validare stiintifica\",\"potentialAction\":[{\"@type\":\"SearchAction\",\"target\":{\"@type\":\"EntryPoint\",\"urlTemplate\":\"https:\\\/\\\/protectie-electromagnetica.ro\\\/cmo\\\/?s={search_term_string}\"},\"query-input\":{\"@type\":\"PropertyValueSpecification\",\"valueRequired\":true,\"valueName\":\"search_term_string\"}}],\"inLanguage\":\"ro-RO\"}]}<\/script>\n<!-- \/ Yoast SEO plugin. -->","yoast_head_json":{"title":"Anne Marie Narboni - Protec\u021bie electromagnetic\u0103","robots":{"index":"index","follow":"follow","max-snippet":"max-snippet:-1","max-image-preview":"max-image-preview:large","max-video-preview":"max-video-preview:-1"},"canonical":"https:\/\/protectie-electromagnetica.ro\/cmo\/specialisti-recomanda-cmo\/anne-marie-narboni\/","og_locale":"ro_RO","og_type":"article","og_title":"Anne Marie Narboni - Protec\u021bie electromagnetic\u0103","og_description":"Anne Marie Narboni B.A.Com, ND, Executive Chair, este de 10 ani Pre\u0219edinta &#8222;International Congress on Naturopathic Medicine&#8221; &#8222;Progresul vertiginos al tehnologiilor media \u0219i de comunicare f\u0103r\u0103 fir necesita, \u00een aceia\u0219i m\u0103sur\u0103, developarea continua a unor alternative de protec\u021bie. In acest sens, suntem \u00eenc\u00e2nta\u021bi de prezenta standului cu dispozitive de protec\u021bie CMO la congresele noastre \u0219i [&hellip;]","og_url":"https:\/\/protectie-electromagnetica.ro\/cmo\/specialisti-recomanda-cmo\/anne-marie-narboni\/","og_site_name":"Protec\u021bie electromagnetic\u0103","article_publisher":"https:\/\/www.facebook.com\/bioscem\/","twitter_card":"summary_large_image","twitter_misc":{"Timp estimat pentru citire":"1 minut"},"schema":{"@context":"https:\/\/schema.org","@graph":[{"@type":"WebPage","@id":"https:\/\/protectie-electromagnetica.ro\/cmo\/specialisti-recomanda-cmo\/anne-marie-narboni\/","url":"https:\/\/protectie-electromagnetica.ro\/cmo\/specialisti-recomanda-cmo\/anne-marie-narboni\/","name":"Anne Marie Narboni - Protec\u021bie electromagnetic\u0103","isPartOf":{"@id":"https:\/\/protectie-electromagnetica.ro\/cmo\/#website"},"primaryImageOfPage":{"@id":"https:\/\/protectie-electromagnetica.ro\/cmo\/specialisti-recomanda-cmo\/anne-marie-narboni\/#primaryimage"},"image":{"@id":"https:\/\/protectie-electromagnetica.ro\/cmo\/specialisti-recomanda-cmo\/anne-marie-narboni\/#primaryimage"},"thumbnailUrl":"http:\/\/protectie-electromagnetica.ro\/cmo\/wp-content\/uploads\/2016\/12\/Anne-Marie-Narboni-2-1-1.png","datePublished":"2016-12-02T08:40:32+00:00","breadcrumb":{"@id":"https:\/\/protectie-electromagnetica.ro\/cmo\/specialisti-recomanda-cmo\/anne-marie-narboni\/#breadcrumb"},"inLanguage":"ro-RO","potentialAction":[{"@type":"ReadAction","target":["https:\/\/protectie-electromagnetica.ro\/cmo\/specialisti-recomanda-cmo\/anne-marie-narboni\/"]}]},{"@type":"ImageObject","inLanguage":"ro-RO","@id":"https:\/\/protectie-electromagnetica.ro\/cmo\/specialisti-recomanda-cmo\/anne-marie-narboni\/#primaryimage","url":"https:\/\/protectie-electromagnetica.ro\/cmo\/wp-content\/uploads\/2016\/12\/anne-me-1.bmp","contentUrl":"https:\/\/protectie-electromagnetica.ro\/cmo\/wp-content\/uploads\/2016\/12\/anne-me-1.bmp","width":800,"height":600},{"@type":"BreadcrumbList","@id":"https:\/\/protectie-electromagnetica.ro\/cmo\/specialisti-recomanda-cmo\/anne-marie-narboni\/#breadcrumb","itemListElement":[{"@type":"ListItem","position":1,"name":"Prima pagin\u0103","item":"https:\/\/protectie-electromagnetica.ro\/cmo\/"},{"@type":"ListItem","position":2,"name":"Speciali\u015fti ce recomand\u0103 CMO","item":"https:\/\/protectie-electromagnetica.ro\/cmo\/specialisti-recomanda-cmo\/"},{"@type":"ListItem","position":3,"name":"Anne Marie Narboni"}]},{"@type":"WebSite","@id":"https:\/\/protectie-electromagnetica.ro\/cmo\/#website","url":"https:\/\/protectie-electromagnetica.ro\/cmo\/","name":"Protec\u021bie electromagnetic\u0103","description":"Protectie Electromagnetica cu dispozitive bio-compatibile CMO (Oscilator Magnetic de Compensare) cu validare stiintifica","potentialAction":[{"@type":"SearchAction","target":{"@type":"EntryPoint","urlTemplate":"https:\/\/protectie-electromagnetica.ro\/cmo\/?s={search_term_string}"},"query-input":{"@type":"PropertyValueSpecification","valueRequired":true,"valueName":"search_term_string"}}],"inLanguage":"ro-RO"}]}},"_links":{"self":[{"href":"https:\/\/protectie-electromagnetica.ro\/cmo\/wp-json\/wp\/v2\/pages\/3492","targetHints":{"allow":["GET"]}}],"collection":[{"href":"https:\/\/protectie-electromagnetica.ro\/cmo\/wp-json\/wp\/v2\/pages"}],"about":[{"href":"https:\/\/protectie-electromagnetica.ro\/cmo\/wp-json\/wp\/v2\/types\/page"}],"author":[{"embeddable":true,"href":"https:\/\/protectie-electromagnetica.ro\/cmo\/wp-json\/wp\/v2\/users\/2"}],"replies":[{"embeddable":true,"href":"https:\/\/protectie-electromagnetica.ro\/cmo\/wp-json\/wp\/v2\/comments?post=3492"}],"version-history":[{"count":0,"href":"https:\/\/protectie-electromagnetica.ro\/cmo\/wp-json\/wp\/v2\/pages\/3492\/revisions"}],"up":[{"embeddable":true,"href":"https:\/\/protectie-electromagnetica.ro\/cmo\/wp-json\/wp\/v2\/pages\/961"}],"wp:attachment":[{"href":"https:\/\/protectie-electromagnetica.ro\/cmo\/wp-json\/wp\/v2\/media?parent=3492"}],"curies":[{"name":"wp","href":"https:\/\/api.w.org\/{rel}","templated":true}]}}