{"id":3543,"date":"2016-12-22T21:41:27","date_gmt":"2016-12-22T19:41:27","guid":{"rendered":"http:\/\/protectie-electromagnetica.ro\/?page_id=3543"},"modified":"2016-12-22T21:41:27","modified_gmt":"2016-12-22T19:41:27","slug":"pr-dr-john-ionescu","status":"publish","type":"page","link":"https:\/\/protectie-electromagnetica.ro\/cmo\/specialisti-recomanda-cmo\/pr-dr-john-ionescu\/","title":{"rendered":"Prof. Dr.  John G. Ionescu"},"content":{"rendered":" <div class=\"uk-grid\" data-uk-grid-margin>\n  <div class=\"uk-width-medium-2-3\">\n <p> Pr.Dr.John Ionescu este biochimist \u0219i imunolog de excep\u021bie, fondator \u0219i director \u0219tiin\u021bific al Clinicii Speciale Neukirchen din Bavaria, autor a peste 200 de lucr\u0103ri \u0219tiin\u021bifice de cercetare, brevete medicale, membru al unor prestigioase societ\u0103\u021bi precum Academia European\u0103 de Alergologie \u0219i Imunologie Clinic\u0103, al Societ\u0103\u021bii Germane de Toxicologie, al Academiei Americane de Medicin\u0103 Anti-Aging, profesor de biochimie medical\u0103 la Capital University, Washington DC p\u00e2n\u0103 \u00een anul 2006.<\/p>  \n<p> Pr.Dr.John Ionescu recomanda utilizarea unor protectii electromagnetice cu validare stiintifica <\/p> \n\n <small> Pr. Dr. John Ionescu<\/small>\n\n   <\/div>\n  <div class=\"uk-width-medium-1-3\">\n    <div class=\"uk-overlay\">\n      <img decoding=\"async\" src=\"http:\/\/protectie-electromagnetica.ro\/cmo\/wp-content\/uploads\/2016\/12\/john-ionescu.jpg\"\/>\n      <div class=\"uk-thumbnail-caption\">Pr. Dr. John Ionescu utilizeaza dispozitivele CMO<\/div>\n    <\/div>\n  <\/div>\n<\/div>","protected":false},"excerpt":{"rendered":"<p>Pr.Dr.John Ionescu este biochimist \u0219i imunolog de excep\u021bie, fondator \u0219i director \u0219tiin\u021bific al Clinicii Speciale Neukirchen din Bavaria, autor a peste 200 de lucr\u0103ri \u0219tiin\u021bifice de cercetare, brevete medicale, membru al unor prestigioase societ\u0103\u021bi precum Academia European\u0103 de Alergologie \u0219i Imunologie Clinic\u0103, al Societ\u0103\u021bii Germane de Toxicologie, al Academiei Americane de Medicin\u0103 Anti-Aging, profesor de [&hellip;]<\/p>\n","protected":false},"author":1,"featured_media":0,"parent":961,"menu_order":0,"comment_status":"closed","ping_status":"closed","template":"","meta":{"footnotes":""},"class_list":["post-3543","page","type-page","status-publish","hentry"],"yoast_head":"<!-- This site is optimized with the Yoast SEO plugin v27.5 - https:\/\/yoast.com\/product\/yoast-seo-wordpress\/ -->\n<title>Prof. Dr. John G. Ionescu - Protec\u021bie electromagnetic\u0103<\/title>\n<meta name=\"robots\" content=\"index, follow, max-snippet:-1, max-image-preview:large, max-video-preview:-1\" \/>\n<link rel=\"canonical\" href=\"https:\/\/protectie-electromagnetica.ro\/cmo\/specialisti-recomanda-cmo\/pr-dr-john-ionescu\/\" \/>\n<meta property=\"og:locale\" content=\"ro_RO\" \/>\n<meta property=\"og:type\" content=\"article\" \/>\n<meta property=\"og:title\" content=\"Prof. Dr. John G. Ionescu - Protec\u021bie electromagnetic\u0103\" \/>\n<meta property=\"og:description\" content=\"Pr.Dr.John Ionescu este biochimist \u0219i imunolog de excep\u021bie, fondator \u0219i director \u0219tiin\u021bific al Clinicii Speciale Neukirchen din Bavaria, autor a peste 200 de lucr\u0103ri \u0219tiin\u021bifice de cercetare, brevete medicale, membru al unor prestigioase societ\u0103\u021bi precum Academia European\u0103 de Alergologie \u0219i Imunologie Clinic\u0103, al Societ\u0103\u021bii Germane de Toxicologie, al Academiei Americane de Medicin\u0103 Anti-Aging, profesor de [&hellip;]\" \/>\n<meta property=\"og:url\" content=\"https:\/\/protectie-electromagnetica.ro\/cmo\/specialisti-recomanda-cmo\/pr-dr-john-ionescu\/\" \/>\n<meta property=\"og:site_name\" content=\"Protec\u021bie electromagnetic\u0103\" \/>\n<meta property=\"article:publisher\" content=\"https:\/\/www.facebook.com\/bioscem\/\" \/>\n<meta property=\"og:image\" content=\"http:\/\/protectie-electromagnetica.ro\/cmo\/wp-content\/uploads\/2016\/12\/john-ionescu.jpg\" \/>\n<meta name=\"twitter:card\" content=\"summary_large_image\" \/>\n<script type=\"application\/ld+json\" class=\"yoast-schema-graph\">{\"@context\":\"https:\\\/\\\/schema.org\",\"@graph\":[{\"@type\":\"WebPage\",\"@id\":\"https:\\\/\\\/protectie-electromagnetica.ro\\\/cmo\\\/specialisti-recomanda-cmo\\\/pr-dr-john-ionescu\\\/\",\"url\":\"https:\\\/\\\/protectie-electromagnetica.ro\\\/cmo\\\/specialisti-recomanda-cmo\\\/pr-dr-john-ionescu\\\/\",\"name\":\"Prof. Dr. John G. Ionescu - Protec\u021bie electromagnetic\u0103\",\"isPartOf\":{\"@id\":\"https:\\\/\\\/protectie-electromagnetica.ro\\\/cmo\\\/#website\"},\"primaryImageOfPage\":{\"@id\":\"https:\\\/\\\/protectie-electromagnetica.ro\\\/cmo\\\/specialisti-recomanda-cmo\\\/pr-dr-john-ionescu\\\/#primaryimage\"},\"image\":{\"@id\":\"https:\\\/\\\/protectie-electromagnetica.ro\\\/cmo\\\/specialisti-recomanda-cmo\\\/pr-dr-john-ionescu\\\/#primaryimage\"},\"thumbnailUrl\":\"http:\\\/\\\/protectie-electromagnetica.ro\\\/cmo\\\/wp-content\\\/uploads\\\/2016\\\/12\\\/john-ionescu.jpg\",\"datePublished\":\"2016-12-22T19:41:27+00:00\",\"breadcrumb\":{\"@id\":\"https:\\\/\\\/protectie-electromagnetica.ro\\\/cmo\\\/specialisti-recomanda-cmo\\\/pr-dr-john-ionescu\\\/#breadcrumb\"},\"inLanguage\":\"ro-RO\",\"potentialAction\":[{\"@type\":\"ReadAction\",\"target\":[\"https:\\\/\\\/protectie-electromagnetica.ro\\\/cmo\\\/specialisti-recomanda-cmo\\\/pr-dr-john-ionescu\\\/\"]}]},{\"@type\":\"ImageObject\",\"inLanguage\":\"ro-RO\",\"@id\":\"https:\\\/\\\/protectie-electromagnetica.ro\\\/cmo\\\/specialisti-recomanda-cmo\\\/pr-dr-john-ionescu\\\/#primaryimage\",\"url\":\"https:\\\/\\\/protectie-electromagnetica.ro\\\/cmo\\\/wp-content\\\/uploads\\\/2016\\\/12\\\/john-ionescu.jpg\",\"contentUrl\":\"https:\\\/\\\/protectie-electromagnetica.ro\\\/cmo\\\/wp-content\\\/uploads\\\/2016\\\/12\\\/john-ionescu.jpg\",\"width\":180,\"height\":180},{\"@type\":\"BreadcrumbList\",\"@id\":\"https:\\\/\\\/protectie-electromagnetica.ro\\\/cmo\\\/specialisti-recomanda-cmo\\\/pr-dr-john-ionescu\\\/#breadcrumb\",\"itemListElement\":[{\"@type\":\"ListItem\",\"position\":1,\"name\":\"Prima pagin\u0103\",\"item\":\"https:\\\/\\\/protectie-electromagnetica.ro\\\/cmo\\\/\"},{\"@type\":\"ListItem\",\"position\":2,\"name\":\"Speciali\u015fti ce recomand\u0103 CMO\",\"item\":\"https:\\\/\\\/protectie-electromagnetica.ro\\\/cmo\\\/specialisti-recomanda-cmo\\\/\"},{\"@type\":\"ListItem\",\"position\":3,\"name\":\"Prof. Dr. John G. Ionescu\"}]},{\"@type\":\"WebSite\",\"@id\":\"https:\\\/\\\/protectie-electromagnetica.ro\\\/cmo\\\/#website\",\"url\":\"https:\\\/\\\/protectie-electromagnetica.ro\\\/cmo\\\/\",\"name\":\"Protec\u021bie electromagnetic\u0103\",\"description\":\"Protectie Electromagnetica cu dispozitive bio-compatibile CMO (Oscilator Magnetic de Compensare) cu validare stiintifica\",\"potentialAction\":[{\"@type\":\"SearchAction\",\"target\":{\"@type\":\"EntryPoint\",\"urlTemplate\":\"https:\\\/\\\/protectie-electromagnetica.ro\\\/cmo\\\/?s={search_term_string}\"},\"query-input\":{\"@type\":\"PropertyValueSpecification\",\"valueRequired\":true,\"valueName\":\"search_term_string\"}}],\"inLanguage\":\"ro-RO\"}]}<\/script>\n<!-- \/ Yoast SEO plugin. -->","yoast_head_json":{"title":"Prof. Dr. John G. Ionescu - Protec\u021bie electromagnetic\u0103","robots":{"index":"index","follow":"follow","max-snippet":"max-snippet:-1","max-image-preview":"max-image-preview:large","max-video-preview":"max-video-preview:-1"},"canonical":"https:\/\/protectie-electromagnetica.ro\/cmo\/specialisti-recomanda-cmo\/pr-dr-john-ionescu\/","og_locale":"ro_RO","og_type":"article","og_title":"Prof. Dr. John G. Ionescu - Protec\u021bie electromagnetic\u0103","og_description":"Pr.Dr.John Ionescu este biochimist \u0219i imunolog de excep\u021bie, fondator \u0219i director \u0219tiin\u021bific al Clinicii Speciale Neukirchen din Bavaria, autor a peste 200 de lucr\u0103ri \u0219tiin\u021bifice de cercetare, brevete medicale, membru al unor prestigioase societ\u0103\u021bi precum Academia European\u0103 de Alergologie \u0219i Imunologie Clinic\u0103, al Societ\u0103\u021bii Germane de Toxicologie, al Academiei Americane de Medicin\u0103 Anti-Aging, profesor de [&hellip;]","og_url":"https:\/\/protectie-electromagnetica.ro\/cmo\/specialisti-recomanda-cmo\/pr-dr-john-ionescu\/","og_site_name":"Protec\u021bie electromagnetic\u0103","article_publisher":"https:\/\/www.facebook.com\/bioscem\/","og_image":[{"url":"http:\/\/protectie-electromagnetica.ro\/cmo\/wp-content\/uploads\/2016\/12\/john-ionescu.jpg","type":"","width":"","height":""}],"twitter_card":"summary_large_image","schema":{"@context":"https:\/\/schema.org","@graph":[{"@type":"WebPage","@id":"https:\/\/protectie-electromagnetica.ro\/cmo\/specialisti-recomanda-cmo\/pr-dr-john-ionescu\/","url":"https:\/\/protectie-electromagnetica.ro\/cmo\/specialisti-recomanda-cmo\/pr-dr-john-ionescu\/","name":"Prof. Dr. John G. Ionescu - Protec\u021bie electromagnetic\u0103","isPartOf":{"@id":"https:\/\/protectie-electromagnetica.ro\/cmo\/#website"},"primaryImageOfPage":{"@id":"https:\/\/protectie-electromagnetica.ro\/cmo\/specialisti-recomanda-cmo\/pr-dr-john-ionescu\/#primaryimage"},"image":{"@id":"https:\/\/protectie-electromagnetica.ro\/cmo\/specialisti-recomanda-cmo\/pr-dr-john-ionescu\/#primaryimage"},"thumbnailUrl":"http:\/\/protectie-electromagnetica.ro\/cmo\/wp-content\/uploads\/2016\/12\/john-ionescu.jpg","datePublished":"2016-12-22T19:41:27+00:00","breadcrumb":{"@id":"https:\/\/protectie-electromagnetica.ro\/cmo\/specialisti-recomanda-cmo\/pr-dr-john-ionescu\/#breadcrumb"},"inLanguage":"ro-RO","potentialAction":[{"@type":"ReadAction","target":["https:\/\/protectie-electromagnetica.ro\/cmo\/specialisti-recomanda-cmo\/pr-dr-john-ionescu\/"]}]},{"@type":"ImageObject","inLanguage":"ro-RO","@id":"https:\/\/protectie-electromagnetica.ro\/cmo\/specialisti-recomanda-cmo\/pr-dr-john-ionescu\/#primaryimage","url":"https:\/\/protectie-electromagnetica.ro\/cmo\/wp-content\/uploads\/2016\/12\/john-ionescu.jpg","contentUrl":"https:\/\/protectie-electromagnetica.ro\/cmo\/wp-content\/uploads\/2016\/12\/john-ionescu.jpg","width":180,"height":180},{"@type":"BreadcrumbList","@id":"https:\/\/protectie-electromagnetica.ro\/cmo\/specialisti-recomanda-cmo\/pr-dr-john-ionescu\/#breadcrumb","itemListElement":[{"@type":"ListItem","position":1,"name":"Prima pagin\u0103","item":"https:\/\/protectie-electromagnetica.ro\/cmo\/"},{"@type":"ListItem","position":2,"name":"Speciali\u015fti ce recomand\u0103 CMO","item":"https:\/\/protectie-electromagnetica.ro\/cmo\/specialisti-recomanda-cmo\/"},{"@type":"ListItem","position":3,"name":"Prof. Dr. John G. Ionescu"}]},{"@type":"WebSite","@id":"https:\/\/protectie-electromagnetica.ro\/cmo\/#website","url":"https:\/\/protectie-electromagnetica.ro\/cmo\/","name":"Protec\u021bie electromagnetic\u0103","description":"Protectie Electromagnetica cu dispozitive bio-compatibile CMO (Oscilator Magnetic de Compensare) cu validare stiintifica","potentialAction":[{"@type":"SearchAction","target":{"@type":"EntryPoint","urlTemplate":"https:\/\/protectie-electromagnetica.ro\/cmo\/?s={search_term_string}"},"query-input":{"@type":"PropertyValueSpecification","valueRequired":true,"valueName":"search_term_string"}}],"inLanguage":"ro-RO"}]}},"_links":{"self":[{"href":"https:\/\/protectie-electromagnetica.ro\/cmo\/wp-json\/wp\/v2\/pages\/3543","targetHints":{"allow":["GET"]}}],"collection":[{"href":"https:\/\/protectie-electromagnetica.ro\/cmo\/wp-json\/wp\/v2\/pages"}],"about":[{"href":"https:\/\/protectie-electromagnetica.ro\/cmo\/wp-json\/wp\/v2\/types\/page"}],"author":[{"embeddable":true,"href":"https:\/\/protectie-electromagnetica.ro\/cmo\/wp-json\/wp\/v2\/users\/1"}],"replies":[{"embeddable":true,"href":"https:\/\/protectie-electromagnetica.ro\/cmo\/wp-json\/wp\/v2\/comments?post=3543"}],"version-history":[{"count":0,"href":"https:\/\/protectie-electromagnetica.ro\/cmo\/wp-json\/wp\/v2\/pages\/3543\/revisions"}],"up":[{"embeddable":true,"href":"https:\/\/protectie-electromagnetica.ro\/cmo\/wp-json\/wp\/v2\/pages\/961"}],"wp:attachment":[{"href":"https:\/\/protectie-electromagnetica.ro\/cmo\/wp-json\/wp\/v2\/media?parent=3543"}],"curies":[{"name":"wp","href":"https:\/\/api.w.org\/{rel}","templated":true}]}}