{"id":3551,"date":"2016-12-23T12:57:17","date_gmt":"2016-12-23T10:57:17","guid":{"rendered":"http:\/\/protectie-electromagnetica.ro\/?page_id=3551"},"modified":"2016-12-23T12:57:17","modified_gmt":"2016-12-23T10:57:17","slug":"pr-virgiliu-gheorghe","status":"publish","type":"page","link":"https:\/\/protectie-electromagnetica.ro\/cmo\/specialisti-recomanda-cmo\/pr-virgiliu-gheorghe\/","title":{"rendered":"Dr. Virgiliu Gheorghe"},"content":{"rendered":"<div class=\"uk-grid\" data-uk-grid-margin=\"\">\n<div class=\"uk-width-medium-2-3\">\n\nPr. Virgiliu Gheorghe, biofizician, doctor in bioetica al Universitatii Aristotel din Tesalonic\n\nBiofizicianul Virgiliu Gheorghe este unul dintre cele mai cunoscute voci din Rom\u00e2nia \u00een ceea ce prive\u0219te discu\u021biile despre impactul tehnologiei asupra omului. Printre lucr\u0103rile \u00een care trateaz\u0103 acest subiect se num\u0103r\u0103 \u201eEfectele micului ecran asupra mintii copilului\u201d, &#8222;Efectele televiziunii asupra mintii umane si despre cresterea copiilor in lumea de azi\u201d, f\u0103c\u00e2nd trimitere c\u0103tre cele mai importante studii din ultimele decenii despre impactul tehnologiilor moderne, efectuate \u00een \u00eentreaga lume.\n\n&#8222;O minima prudenta pentru cei care utilizeaza in activitatea profesionala aceste gadgeturi informatice (telefon, calculator, etc) ar fi sa utilizeze o protectie validata biologic prin studii stiintifice.&#8221;\n<div class=\"uk-width-medium-1-3\">\n<div class=\"uk-overlay\"><img decoding=\"async\" src=\"http:\/\/protectie-electromagnetica.ro\/cmo\/wp-content\/uploads\/2016\/12\/virgiliugheorghe.jpg.jpg\" alt=\"Virgiliu Gheorghe\" \/>\n<div class=\"uk-thumbnail-caption\">Pr. Virgiliu Gheorghe, utilizeaza dispozitivele CMO,<\/div>\n<\/div>\n<\/div>\n<\/div>\n<\/div>","protected":false},"excerpt":{"rendered":"<p>Pr. Virgiliu Gheorghe, biofizician, doctor in bioetica al Universitatii Aristotel din Tesalonic Biofizicianul Virgiliu Gheorghe este unul dintre cele mai cunoscute voci din Rom\u00e2nia \u00een ceea ce prive\u0219te discu\u021biile despre impactul tehnologiei asupra omului. Printre lucr\u0103rile \u00een care trateaz\u0103 acest subiect se num\u0103r\u0103 \u201eEfectele micului ecran asupra mintii copilului\u201d, &#8222;Efectele televiziunii asupra mintii umane si [&hellip;]<\/p>\n","protected":false},"author":2,"featured_media":0,"parent":961,"menu_order":0,"comment_status":"closed","ping_status":"closed","template":"","meta":{"footnotes":""},"class_list":["post-3551","page","type-page","status-publish","hentry"],"yoast_head":"<!-- This site is optimized with the Yoast SEO plugin v27.5 - https:\/\/yoast.com\/product\/yoast-seo-wordpress\/ -->\n<title>Dr. Virgiliu Gheorghe - Protec\u021bie electromagnetic\u0103<\/title>\n<meta name=\"robots\" content=\"index, follow, max-snippet:-1, max-image-preview:large, max-video-preview:-1\" \/>\n<link rel=\"canonical\" href=\"https:\/\/protectie-electromagnetica.ro\/cmo\/specialisti-recomanda-cmo\/pr-virgiliu-gheorghe\/\" \/>\n<meta property=\"og:locale\" content=\"ro_RO\" \/>\n<meta property=\"og:type\" content=\"article\" \/>\n<meta property=\"og:title\" content=\"Dr. Virgiliu Gheorghe - Protec\u021bie electromagnetic\u0103\" \/>\n<meta property=\"og:description\" content=\"Pr. Virgiliu Gheorghe, biofizician, doctor in bioetica al Universitatii Aristotel din Tesalonic Biofizicianul Virgiliu Gheorghe este unul dintre cele mai cunoscute voci din Rom\u00e2nia \u00een ceea ce prive\u0219te discu\u021biile despre impactul tehnologiei asupra omului. Printre lucr\u0103rile \u00een care trateaz\u0103 acest subiect se num\u0103r\u0103 \u201eEfectele micului ecran asupra mintii copilului\u201d, &#8222;Efectele televiziunii asupra mintii umane si [&hellip;]\" \/>\n<meta property=\"og:url\" content=\"https:\/\/protectie-electromagnetica.ro\/cmo\/specialisti-recomanda-cmo\/pr-virgiliu-gheorghe\/\" \/>\n<meta property=\"og:site_name\" content=\"Protec\u021bie electromagnetic\u0103\" \/>\n<meta property=\"article:publisher\" content=\"https:\/\/www.facebook.com\/bioscem\/\" \/>\n<meta property=\"og:image\" content=\"http:\/\/protectie-electromagnetica.ro\/cmo\/wp-content\/uploads\/2016\/12\/virgiliugheorghe.jpg.jpg\" \/>\n<meta name=\"twitter:card\" content=\"summary_large_image\" \/>\n<meta name=\"twitter:label1\" content=\"Timp estimat pentru citire\" \/>\n\t<meta name=\"twitter:data1\" content=\"1 minut\" \/>\n<script type=\"application\/ld+json\" class=\"yoast-schema-graph\">{\"@context\":\"https:\\\/\\\/schema.org\",\"@graph\":[{\"@type\":\"WebPage\",\"@id\":\"https:\\\/\\\/protectie-electromagnetica.ro\\\/cmo\\\/specialisti-recomanda-cmo\\\/pr-virgiliu-gheorghe\\\/\",\"url\":\"https:\\\/\\\/protectie-electromagnetica.ro\\\/cmo\\\/specialisti-recomanda-cmo\\\/pr-virgiliu-gheorghe\\\/\",\"name\":\"Dr. Virgiliu Gheorghe - Protec\u021bie electromagnetic\u0103\",\"isPartOf\":{\"@id\":\"https:\\\/\\\/protectie-electromagnetica.ro\\\/cmo\\\/#website\"},\"primaryImageOfPage\":{\"@id\":\"https:\\\/\\\/protectie-electromagnetica.ro\\\/cmo\\\/specialisti-recomanda-cmo\\\/pr-virgiliu-gheorghe\\\/#primaryimage\"},\"image\":{\"@id\":\"https:\\\/\\\/protectie-electromagnetica.ro\\\/cmo\\\/specialisti-recomanda-cmo\\\/pr-virgiliu-gheorghe\\\/#primaryimage\"},\"thumbnailUrl\":\"http:\\\/\\\/protectie-electromagnetica.ro\\\/cmo\\\/wp-content\\\/uploads\\\/2016\\\/12\\\/virgiliugheorghe.jpg.jpg\",\"datePublished\":\"2016-12-23T10:57:17+00:00\",\"breadcrumb\":{\"@id\":\"https:\\\/\\\/protectie-electromagnetica.ro\\\/cmo\\\/specialisti-recomanda-cmo\\\/pr-virgiliu-gheorghe\\\/#breadcrumb\"},\"inLanguage\":\"ro-RO\",\"potentialAction\":[{\"@type\":\"ReadAction\",\"target\":[\"https:\\\/\\\/protectie-electromagnetica.ro\\\/cmo\\\/specialisti-recomanda-cmo\\\/pr-virgiliu-gheorghe\\\/\"]}]},{\"@type\":\"ImageObject\",\"inLanguage\":\"ro-RO\",\"@id\":\"https:\\\/\\\/protectie-electromagnetica.ro\\\/cmo\\\/specialisti-recomanda-cmo\\\/pr-virgiliu-gheorghe\\\/#primaryimage\",\"url\":\"https:\\\/\\\/protectie-electromagnetica.ro\\\/cmo\\\/wp-content\\\/uploads\\\/2016\\\/12\\\/virgiliugheorghe.jpg.jpg\",\"contentUrl\":\"https:\\\/\\\/protectie-electromagnetica.ro\\\/cmo\\\/wp-content\\\/uploads\\\/2016\\\/12\\\/virgiliugheorghe.jpg.jpg\",\"width\":139,\"height\":200},{\"@type\":\"BreadcrumbList\",\"@id\":\"https:\\\/\\\/protectie-electromagnetica.ro\\\/cmo\\\/specialisti-recomanda-cmo\\\/pr-virgiliu-gheorghe\\\/#breadcrumb\",\"itemListElement\":[{\"@type\":\"ListItem\",\"position\":1,\"name\":\"Prima pagin\u0103\",\"item\":\"https:\\\/\\\/protectie-electromagnetica.ro\\\/cmo\\\/\"},{\"@type\":\"ListItem\",\"position\":2,\"name\":\"Speciali\u015fti ce recomand\u0103 CMO\",\"item\":\"https:\\\/\\\/protectie-electromagnetica.ro\\\/cmo\\\/specialisti-recomanda-cmo\\\/\"},{\"@type\":\"ListItem\",\"position\":3,\"name\":\"Dr. Virgiliu Gheorghe\"}]},{\"@type\":\"WebSite\",\"@id\":\"https:\\\/\\\/protectie-electromagnetica.ro\\\/cmo\\\/#website\",\"url\":\"https:\\\/\\\/protectie-electromagnetica.ro\\\/cmo\\\/\",\"name\":\"Protec\u021bie electromagnetic\u0103\",\"description\":\"Protectie Electromagnetica cu dispozitive bio-compatibile CMO (Oscilator Magnetic de Compensare) cu validare stiintifica\",\"potentialAction\":[{\"@type\":\"SearchAction\",\"target\":{\"@type\":\"EntryPoint\",\"urlTemplate\":\"https:\\\/\\\/protectie-electromagnetica.ro\\\/cmo\\\/?s={search_term_string}\"},\"query-input\":{\"@type\":\"PropertyValueSpecification\",\"valueRequired\":true,\"valueName\":\"search_term_string\"}}],\"inLanguage\":\"ro-RO\"}]}<\/script>\n<!-- \/ Yoast SEO plugin. -->","yoast_head_json":{"title":"Dr. Virgiliu Gheorghe - Protec\u021bie electromagnetic\u0103","robots":{"index":"index","follow":"follow","max-snippet":"max-snippet:-1","max-image-preview":"max-image-preview:large","max-video-preview":"max-video-preview:-1"},"canonical":"https:\/\/protectie-electromagnetica.ro\/cmo\/specialisti-recomanda-cmo\/pr-virgiliu-gheorghe\/","og_locale":"ro_RO","og_type":"article","og_title":"Dr. Virgiliu Gheorghe - Protec\u021bie electromagnetic\u0103","og_description":"Pr. Virgiliu Gheorghe, biofizician, doctor in bioetica al Universitatii Aristotel din Tesalonic Biofizicianul Virgiliu Gheorghe este unul dintre cele mai cunoscute voci din Rom\u00e2nia \u00een ceea ce prive\u0219te discu\u021biile despre impactul tehnologiei asupra omului. Printre lucr\u0103rile \u00een care trateaz\u0103 acest subiect se num\u0103r\u0103 \u201eEfectele micului ecran asupra mintii copilului\u201d, &#8222;Efectele televiziunii asupra mintii umane si [&hellip;]","og_url":"https:\/\/protectie-electromagnetica.ro\/cmo\/specialisti-recomanda-cmo\/pr-virgiliu-gheorghe\/","og_site_name":"Protec\u021bie electromagnetic\u0103","article_publisher":"https:\/\/www.facebook.com\/bioscem\/","og_image":[{"url":"http:\/\/protectie-electromagnetica.ro\/cmo\/wp-content\/uploads\/2016\/12\/virgiliugheorghe.jpg.jpg","type":"","width":"","height":""}],"twitter_card":"summary_large_image","twitter_misc":{"Timp estimat pentru citire":"1 minut"},"schema":{"@context":"https:\/\/schema.org","@graph":[{"@type":"WebPage","@id":"https:\/\/protectie-electromagnetica.ro\/cmo\/specialisti-recomanda-cmo\/pr-virgiliu-gheorghe\/","url":"https:\/\/protectie-electromagnetica.ro\/cmo\/specialisti-recomanda-cmo\/pr-virgiliu-gheorghe\/","name":"Dr. Virgiliu Gheorghe - Protec\u021bie electromagnetic\u0103","isPartOf":{"@id":"https:\/\/protectie-electromagnetica.ro\/cmo\/#website"},"primaryImageOfPage":{"@id":"https:\/\/protectie-electromagnetica.ro\/cmo\/specialisti-recomanda-cmo\/pr-virgiliu-gheorghe\/#primaryimage"},"image":{"@id":"https:\/\/protectie-electromagnetica.ro\/cmo\/specialisti-recomanda-cmo\/pr-virgiliu-gheorghe\/#primaryimage"},"thumbnailUrl":"http:\/\/protectie-electromagnetica.ro\/cmo\/wp-content\/uploads\/2016\/12\/virgiliugheorghe.jpg.jpg","datePublished":"2016-12-23T10:57:17+00:00","breadcrumb":{"@id":"https:\/\/protectie-electromagnetica.ro\/cmo\/specialisti-recomanda-cmo\/pr-virgiliu-gheorghe\/#breadcrumb"},"inLanguage":"ro-RO","potentialAction":[{"@type":"ReadAction","target":["https:\/\/protectie-electromagnetica.ro\/cmo\/specialisti-recomanda-cmo\/pr-virgiliu-gheorghe\/"]}]},{"@type":"ImageObject","inLanguage":"ro-RO","@id":"https:\/\/protectie-electromagnetica.ro\/cmo\/specialisti-recomanda-cmo\/pr-virgiliu-gheorghe\/#primaryimage","url":"https:\/\/protectie-electromagnetica.ro\/cmo\/wp-content\/uploads\/2016\/12\/virgiliugheorghe.jpg.jpg","contentUrl":"https:\/\/protectie-electromagnetica.ro\/cmo\/wp-content\/uploads\/2016\/12\/virgiliugheorghe.jpg.jpg","width":139,"height":200},{"@type":"BreadcrumbList","@id":"https:\/\/protectie-electromagnetica.ro\/cmo\/specialisti-recomanda-cmo\/pr-virgiliu-gheorghe\/#breadcrumb","itemListElement":[{"@type":"ListItem","position":1,"name":"Prima pagin\u0103","item":"https:\/\/protectie-electromagnetica.ro\/cmo\/"},{"@type":"ListItem","position":2,"name":"Speciali\u015fti ce recomand\u0103 CMO","item":"https:\/\/protectie-electromagnetica.ro\/cmo\/specialisti-recomanda-cmo\/"},{"@type":"ListItem","position":3,"name":"Dr. Virgiliu Gheorghe"}]},{"@type":"WebSite","@id":"https:\/\/protectie-electromagnetica.ro\/cmo\/#website","url":"https:\/\/protectie-electromagnetica.ro\/cmo\/","name":"Protec\u021bie electromagnetic\u0103","description":"Protectie Electromagnetica cu dispozitive bio-compatibile CMO (Oscilator Magnetic de Compensare) cu validare stiintifica","potentialAction":[{"@type":"SearchAction","target":{"@type":"EntryPoint","urlTemplate":"https:\/\/protectie-electromagnetica.ro\/cmo\/?s={search_term_string}"},"query-input":{"@type":"PropertyValueSpecification","valueRequired":true,"valueName":"search_term_string"}}],"inLanguage":"ro-RO"}]}},"_links":{"self":[{"href":"https:\/\/protectie-electromagnetica.ro\/cmo\/wp-json\/wp\/v2\/pages\/3551","targetHints":{"allow":["GET"]}}],"collection":[{"href":"https:\/\/protectie-electromagnetica.ro\/cmo\/wp-json\/wp\/v2\/pages"}],"about":[{"href":"https:\/\/protectie-electromagnetica.ro\/cmo\/wp-json\/wp\/v2\/types\/page"}],"author":[{"embeddable":true,"href":"https:\/\/protectie-electromagnetica.ro\/cmo\/wp-json\/wp\/v2\/users\/2"}],"replies":[{"embeddable":true,"href":"https:\/\/protectie-electromagnetica.ro\/cmo\/wp-json\/wp\/v2\/comments?post=3551"}],"version-history":[{"count":0,"href":"https:\/\/protectie-electromagnetica.ro\/cmo\/wp-json\/wp\/v2\/pages\/3551\/revisions"}],"up":[{"embeddable":true,"href":"https:\/\/protectie-electromagnetica.ro\/cmo\/wp-json\/wp\/v2\/pages\/961"}],"wp:attachment":[{"href":"https:\/\/protectie-electromagnetica.ro\/cmo\/wp-json\/wp\/v2\/media?parent=3551"}],"curies":[{"name":"wp","href":"https:\/\/api.w.org\/{rel}","templated":true}]}}