{"id":3577,"date":"2016-12-27T16:51:06","date_gmt":"2016-12-27T14:51:06","guid":{"rendered":"http:\/\/protectie-electromagnetica.ro\/?page_id=3577"},"modified":"2016-12-27T16:51:06","modified_gmt":"2016-12-27T14:51:06","slug":"cherie-blair","status":"publish","type":"page","link":"https:\/\/protectie-electromagnetica.ro\/cmo\/utilizatori-recomanda-cmo\/cherie-blair\/","title":{"rendered":"Cherie Blair"},"content":{"rendered":"<div class=\"uk-grid\" data-uk-grid-margin>\n\n<div class=\"uk-width-medium-2-3\">\n<p>Cherie Blair (n 23 septembrie 1954 la Bury, Anglia), cunoscut\u0103 profesional drept Cherie Booth QC, este un avocat foarte cunoscut. Ea este c\u0103s\u0103torit\u0103 cu Tony Blair, fost prim-ministru al Marii Britanii intre anii 1997-2007<\/p>\n\n<p> In septembrie 1998, prestigiosul jurnal online  <a href=\"https:\/\/www.wddty.com\/magazine\/1998\/september\/warding-off-the-rays.html\" target=\"_blank\" rel=\"noopener noreferrer\">What Doctors Don&#8217;t Tell You <\/a> a publicat un articol intitulat Warding off the rays ( protectia de radiatii ) unde se descrie eficacitatea dispozitivul de protectie electromagnetica utilizat de catre familia Prim-ministrului Tony Blair. Extrase din articol:<\/p>\n\n<p><img loading=\"lazy\" decoding=\"async\" src=\"http:\/\/protectie-electromagnetica.ro\/cmo\/wp-content\/uploads\/2016\/12\/Tecno-AO-UK-2-.png\" alt=\"tecno-ao-uk-2\" width=\"773\" height=\"286\" class=\"alignnone size-full wp-image-3578\" srcset=\"https:\/\/protectie-electromagnetica.ro\/cmo\/wp-content\/uploads\/2016\/12\/Tecno-AO-UK-2-.png 773w, https:\/\/protectie-electromagnetica.ro\/cmo\/wp-content\/uploads\/2016\/12\/Tecno-AO-UK-2--300x111.png 300w, https:\/\/protectie-electromagnetica.ro\/cmo\/wp-content\/uploads\/2016\/12\/Tecno-AO-UK-2--768x284.png 768w\" sizes=\"auto, (max-width: 773px) 100vw, 773px\" \/><\/p>\n\n<p>Actualele <a href=\"http:\/\/bioscem.ro\/categorie-produs\/dispozitive-cmo\/\" target=\"_blank\" rel=\"noopener noreferrer\">dispozitive CMO <\/a> se numeau \u00een 1998 Tecno AO, asa cum reiese din licenta de inregistrare din <a href=\"http:\/\/www.tecnoao-asia.com\/txt_web\/english\/02_products\/kaihatsu_story.html\" target=\"_blank\" rel=\"noopener noreferrer\">Japonia<\/a> si din studiile publicate pe pagina  <a href=\"http:\/\/www.comosystems.ro\/ro\/content\/53-principale-resultate\" target=\"_blank\" rel=\"noopener noreferrer\">www.comosystems.ro <\/a> ( dati ctrl+F pe cuv\u00e2ntul Tenco AO) <\/p>\n\n<p> <img loading=\"lazy\" decoding=\"async\" src=\"http:\/\/protectie-electromagnetica.ro\/cmo\/wp-content\/uploads\/2016\/12\/Tecno-AO.png\" alt=\"tecno-ao\" width=\"728\" height=\"486\" class=\"alignnone size-full wp-image-3579\" srcset=\"https:\/\/protectie-electromagnetica.ro\/cmo\/wp-content\/uploads\/2016\/12\/Tecno-AO.png 728w, https:\/\/protectie-electromagnetica.ro\/cmo\/wp-content\/uploads\/2016\/12\/Tecno-AO-300x200.png 300w\" sizes=\"auto, (max-width: 728px) 100vw, 728px\" \/>  <\/p>\n  <\/div>\n  <div class=\"uk-width-medium-1-3\">\n    <div class=\"uk-overlay\">\n      <img decoding=\"async\" src=\"http:\/\/protectie-electromagnetica.ro\/cmo\/wp-content\/uploads\/2016\/12\/Blair-.png\"\/>\n      <div class=\"uk-thumbnail-caption\">Doamna Cherie Blair foloseste dispozitivele CMO&#8221;\n    <\/div>\n  <\/div>\n    \n<\/div>\n<\/div>","protected":false},"excerpt":{"rendered":"<p>Cherie Blair (n 23 septembrie 1954 la Bury, Anglia), cunoscut\u0103 profesional drept Cherie Booth QC, este un avocat foarte cunoscut. Ea este c\u0103s\u0103torit\u0103 cu Tony Blair, fost prim-ministru al Marii Britanii intre anii 1997-2007 In septembrie 1998, prestigiosul jurnal online What Doctors Don&#8217;t Tell You a publicat un articol intitulat Warding off the rays ( [&hellip;]<\/p>\n","protected":false},"author":1,"featured_media":0,"parent":3351,"menu_order":0,"comment_status":"closed","ping_status":"closed","template":"","meta":{"footnotes":""},"class_list":["post-3577","page","type-page","status-publish","hentry"],"yoast_head":"<!-- This site is optimized with the Yoast SEO plugin v27.4 - https:\/\/yoast.com\/product\/yoast-seo-wordpress\/ -->\n<title>Cherie Blair - Protec\u021bie electromagnetic\u0103<\/title>\n<meta name=\"robots\" content=\"index, follow, max-snippet:-1, max-image-preview:large, max-video-preview:-1\" \/>\n<link rel=\"canonical\" href=\"https:\/\/protectie-electromagnetica.ro\/cmo\/utilizatori-recomanda-cmo\/cherie-blair\/\" \/>\n<meta property=\"og:locale\" content=\"ro_RO\" \/>\n<meta property=\"og:type\" content=\"article\" \/>\n<meta property=\"og:title\" content=\"Cherie Blair - Protec\u021bie electromagnetic\u0103\" \/>\n<meta property=\"og:description\" content=\"Cherie Blair (n 23 septembrie 1954 la Bury, Anglia), cunoscut\u0103 profesional drept Cherie Booth QC, este un avocat foarte cunoscut. Ea este c\u0103s\u0103torit\u0103 cu Tony Blair, fost prim-ministru al Marii Britanii intre anii 1997-2007 In septembrie 1998, prestigiosul jurnal online What Doctors Don&#8217;t Tell You a publicat un articol intitulat Warding off the rays ( [&hellip;]\" \/>\n<meta property=\"og:url\" content=\"https:\/\/protectie-electromagnetica.ro\/cmo\/utilizatori-recomanda-cmo\/cherie-blair\/\" \/>\n<meta property=\"og:site_name\" content=\"Protec\u021bie electromagnetic\u0103\" \/>\n<meta property=\"article:publisher\" content=\"https:\/\/www.facebook.com\/bioscem\/\" \/>\n<meta property=\"og:image\" content=\"https:\/\/protectie-electromagnetica.ro\/cmo\/wp-content\/uploads\/2016\/12\/Tecno-AO-UK-2-.png\" \/>\n\t<meta property=\"og:image:width\" content=\"773\" \/>\n\t<meta property=\"og:image:height\" content=\"286\" \/>\n\t<meta property=\"og:image:type\" content=\"image\/png\" \/>\n<meta name=\"twitter:card\" content=\"summary_large_image\" \/>\n<meta name=\"twitter:label1\" content=\"Timp estimat pentru citire\" \/>\n\t<meta name=\"twitter:data1\" content=\"1 minut\" \/>\n<script type=\"application\/ld+json\" class=\"yoast-schema-graph\">{\"@context\":\"https:\\\/\\\/schema.org\",\"@graph\":[{\"@type\":\"WebPage\",\"@id\":\"https:\\\/\\\/protectie-electromagnetica.ro\\\/cmo\\\/utilizatori-recomanda-cmo\\\/cherie-blair\\\/\",\"url\":\"https:\\\/\\\/protectie-electromagnetica.ro\\\/cmo\\\/utilizatori-recomanda-cmo\\\/cherie-blair\\\/\",\"name\":\"Cherie Blair - Protec\u021bie electromagnetic\u0103\",\"isPartOf\":{\"@id\":\"https:\\\/\\\/protectie-electromagnetica.ro\\\/cmo\\\/#website\"},\"primaryImageOfPage\":{\"@id\":\"https:\\\/\\\/protectie-electromagnetica.ro\\\/cmo\\\/utilizatori-recomanda-cmo\\\/cherie-blair\\\/#primaryimage\"},\"image\":{\"@id\":\"https:\\\/\\\/protectie-electromagnetica.ro\\\/cmo\\\/utilizatori-recomanda-cmo\\\/cherie-blair\\\/#primaryimage\"},\"thumbnailUrl\":\"http:\\\/\\\/protectie-electromagnetica.ro\\\/cmo\\\/wp-content\\\/uploads\\\/2016\\\/12\\\/Tecno-AO-UK-2-.png\",\"datePublished\":\"2016-12-27T14:51:06+00:00\",\"breadcrumb\":{\"@id\":\"https:\\\/\\\/protectie-electromagnetica.ro\\\/cmo\\\/utilizatori-recomanda-cmo\\\/cherie-blair\\\/#breadcrumb\"},\"inLanguage\":\"ro-RO\",\"potentialAction\":[{\"@type\":\"ReadAction\",\"target\":[\"https:\\\/\\\/protectie-electromagnetica.ro\\\/cmo\\\/utilizatori-recomanda-cmo\\\/cherie-blair\\\/\"]}]},{\"@type\":\"ImageObject\",\"inLanguage\":\"ro-RO\",\"@id\":\"https:\\\/\\\/protectie-electromagnetica.ro\\\/cmo\\\/utilizatori-recomanda-cmo\\\/cherie-blair\\\/#primaryimage\",\"url\":\"https:\\\/\\\/protectie-electromagnetica.ro\\\/cmo\\\/wp-content\\\/uploads\\\/2016\\\/12\\\/Tecno-AO-UK-2-.png\",\"contentUrl\":\"https:\\\/\\\/protectie-electromagnetica.ro\\\/cmo\\\/wp-content\\\/uploads\\\/2016\\\/12\\\/Tecno-AO-UK-2-.png\",\"width\":773,\"height\":286},{\"@type\":\"BreadcrumbList\",\"@id\":\"https:\\\/\\\/protectie-electromagnetica.ro\\\/cmo\\\/utilizatori-recomanda-cmo\\\/cherie-blair\\\/#breadcrumb\",\"itemListElement\":[{\"@type\":\"ListItem\",\"position\":1,\"name\":\"Prima pagin\u0103\",\"item\":\"https:\\\/\\\/protectie-electromagnetica.ro\\\/cmo\\\/\"},{\"@type\":\"ListItem\",\"position\":2,\"name\":\"Utilizatori ce recomand\u0103 CMO\",\"item\":\"https:\\\/\\\/protectie-electromagnetica.ro\\\/cmo\\\/utilizatori-recomanda-cmo\\\/\"},{\"@type\":\"ListItem\",\"position\":3,\"name\":\"Cherie Blair\"}]},{\"@type\":\"WebSite\",\"@id\":\"https:\\\/\\\/protectie-electromagnetica.ro\\\/cmo\\\/#website\",\"url\":\"https:\\\/\\\/protectie-electromagnetica.ro\\\/cmo\\\/\",\"name\":\"Protec\u021bie electromagnetic\u0103\",\"description\":\"Protectie Electromagnetica cu dispozitive bio-compatibile CMO (Oscilator Magnetic de Compensare) cu validare stiintifica\",\"potentialAction\":[{\"@type\":\"SearchAction\",\"target\":{\"@type\":\"EntryPoint\",\"urlTemplate\":\"https:\\\/\\\/protectie-electromagnetica.ro\\\/cmo\\\/?s={search_term_string}\"},\"query-input\":{\"@type\":\"PropertyValueSpecification\",\"valueRequired\":true,\"valueName\":\"search_term_string\"}}],\"inLanguage\":\"ro-RO\"}]}<\/script>\n<!-- \/ Yoast SEO plugin. -->","yoast_head_json":{"title":"Cherie Blair - Protec\u021bie electromagnetic\u0103","robots":{"index":"index","follow":"follow","max-snippet":"max-snippet:-1","max-image-preview":"max-image-preview:large","max-video-preview":"max-video-preview:-1"},"canonical":"https:\/\/protectie-electromagnetica.ro\/cmo\/utilizatori-recomanda-cmo\/cherie-blair\/","og_locale":"ro_RO","og_type":"article","og_title":"Cherie Blair - Protec\u021bie electromagnetic\u0103","og_description":"Cherie Blair (n 23 septembrie 1954 la Bury, Anglia), cunoscut\u0103 profesional drept Cherie Booth QC, este un avocat foarte cunoscut. Ea este c\u0103s\u0103torit\u0103 cu Tony Blair, fost prim-ministru al Marii Britanii intre anii 1997-2007 In septembrie 1998, prestigiosul jurnal online What Doctors Don&#8217;t Tell You a publicat un articol intitulat Warding off the rays ( [&hellip;]","og_url":"https:\/\/protectie-electromagnetica.ro\/cmo\/utilizatori-recomanda-cmo\/cherie-blair\/","og_site_name":"Protec\u021bie electromagnetic\u0103","article_publisher":"https:\/\/www.facebook.com\/bioscem\/","og_image":[{"width":773,"height":286,"url":"https:\/\/protectie-electromagnetica.ro\/cmo\/wp-content\/uploads\/2016\/12\/Tecno-AO-UK-2-.png","type":"image\/png"}],"twitter_card":"summary_large_image","twitter_misc":{"Timp estimat pentru citire":"1 minut"},"schema":{"@context":"https:\/\/schema.org","@graph":[{"@type":"WebPage","@id":"https:\/\/protectie-electromagnetica.ro\/cmo\/utilizatori-recomanda-cmo\/cherie-blair\/","url":"https:\/\/protectie-electromagnetica.ro\/cmo\/utilizatori-recomanda-cmo\/cherie-blair\/","name":"Cherie Blair - Protec\u021bie electromagnetic\u0103","isPartOf":{"@id":"https:\/\/protectie-electromagnetica.ro\/cmo\/#website"},"primaryImageOfPage":{"@id":"https:\/\/protectie-electromagnetica.ro\/cmo\/utilizatori-recomanda-cmo\/cherie-blair\/#primaryimage"},"image":{"@id":"https:\/\/protectie-electromagnetica.ro\/cmo\/utilizatori-recomanda-cmo\/cherie-blair\/#primaryimage"},"thumbnailUrl":"http:\/\/protectie-electromagnetica.ro\/cmo\/wp-content\/uploads\/2016\/12\/Tecno-AO-UK-2-.png","datePublished":"2016-12-27T14:51:06+00:00","breadcrumb":{"@id":"https:\/\/protectie-electromagnetica.ro\/cmo\/utilizatori-recomanda-cmo\/cherie-blair\/#breadcrumb"},"inLanguage":"ro-RO","potentialAction":[{"@type":"ReadAction","target":["https:\/\/protectie-electromagnetica.ro\/cmo\/utilizatori-recomanda-cmo\/cherie-blair\/"]}]},{"@type":"ImageObject","inLanguage":"ro-RO","@id":"https:\/\/protectie-electromagnetica.ro\/cmo\/utilizatori-recomanda-cmo\/cherie-blair\/#primaryimage","url":"https:\/\/protectie-electromagnetica.ro\/cmo\/wp-content\/uploads\/2016\/12\/Tecno-AO-UK-2-.png","contentUrl":"https:\/\/protectie-electromagnetica.ro\/cmo\/wp-content\/uploads\/2016\/12\/Tecno-AO-UK-2-.png","width":773,"height":286},{"@type":"BreadcrumbList","@id":"https:\/\/protectie-electromagnetica.ro\/cmo\/utilizatori-recomanda-cmo\/cherie-blair\/#breadcrumb","itemListElement":[{"@type":"ListItem","position":1,"name":"Prima pagin\u0103","item":"https:\/\/protectie-electromagnetica.ro\/cmo\/"},{"@type":"ListItem","position":2,"name":"Utilizatori ce recomand\u0103 CMO","item":"https:\/\/protectie-electromagnetica.ro\/cmo\/utilizatori-recomanda-cmo\/"},{"@type":"ListItem","position":3,"name":"Cherie Blair"}]},{"@type":"WebSite","@id":"https:\/\/protectie-electromagnetica.ro\/cmo\/#website","url":"https:\/\/protectie-electromagnetica.ro\/cmo\/","name":"Protec\u021bie electromagnetic\u0103","description":"Protectie Electromagnetica cu dispozitive bio-compatibile CMO (Oscilator Magnetic de Compensare) cu validare stiintifica","potentialAction":[{"@type":"SearchAction","target":{"@type":"EntryPoint","urlTemplate":"https:\/\/protectie-electromagnetica.ro\/cmo\/?s={search_term_string}"},"query-input":{"@type":"PropertyValueSpecification","valueRequired":true,"valueName":"search_term_string"}}],"inLanguage":"ro-RO"}]}},"_links":{"self":[{"href":"https:\/\/protectie-electromagnetica.ro\/cmo\/wp-json\/wp\/v2\/pages\/3577","targetHints":{"allow":["GET"]}}],"collection":[{"href":"https:\/\/protectie-electromagnetica.ro\/cmo\/wp-json\/wp\/v2\/pages"}],"about":[{"href":"https:\/\/protectie-electromagnetica.ro\/cmo\/wp-json\/wp\/v2\/types\/page"}],"author":[{"embeddable":true,"href":"https:\/\/protectie-electromagnetica.ro\/cmo\/wp-json\/wp\/v2\/users\/1"}],"replies":[{"embeddable":true,"href":"https:\/\/protectie-electromagnetica.ro\/cmo\/wp-json\/wp\/v2\/comments?post=3577"}],"version-history":[{"count":0,"href":"https:\/\/protectie-electromagnetica.ro\/cmo\/wp-json\/wp\/v2\/pages\/3577\/revisions"}],"up":[{"embeddable":true,"href":"https:\/\/protectie-electromagnetica.ro\/cmo\/wp-json\/wp\/v2\/pages\/3351"}],"wp:attachment":[{"href":"https:\/\/protectie-electromagnetica.ro\/cmo\/wp-json\/wp\/v2\/media?parent=3577"}],"curies":[{"name":"wp","href":"https:\/\/api.w.org\/{rel}","templated":true}]}}