{"id":3756,"date":"2018-06-07T18:55:07","date_gmt":"2018-06-07T15:55:07","guid":{"rendered":"http:\/\/protectie-electromagnetica.ro\/?page_id=3756"},"modified":"2018-06-07T18:55:07","modified_gmt":"2018-06-07T15:55:07","slug":"prof-dr-sorin-riga","status":"publish","type":"page","link":"https:\/\/protectie-electromagnetica.ro\/cmo\/prof-dr-sorin-riga\/","title":{"rendered":"Prof. Habils. DrHC. Dr. Sorin Riga"},"content":{"rendered":"<a href=\"http:\/\/www.aosr.ro\/wp-content\/uploads\/CV-uriMembri\/s8-Sorin-Riga.pdf\">Prof. Habils. DrHC. Dr. Sorin Riga<\/a> este membru titular al Academiei Oamenilor de \u0218tiin\u021b\u0103 din Rom\u00e2nia. Cunoscu\u021b pe plan international impreuna cu fratele sau ca \u201cechipa Drs. Riga\u201d, ei sunt cunoscuti ca speciali\u0219ti \u00een neuro-\u0219tiin\u021be, medicina anti-\u00eemb\u0103tr\u00e2nire \u015fi \u0219tiin\u021bele longevit\u0103\u021bii, cu o continuitate scientometric\u0103 remarcabil\u0103, de peste 40 de ani, cita\u021bi din 1974 \u00een peste 65 de titluri diferite de reviste interna\u021bionale \u015fi \u00een peste 70 de tratate, majoritatea americane, fra\u021bii Riga sunt nume autorizate pentru a reaminti con\u0219tiin\u021bei publice contribu\u021biile de marc\u0103 ale medicinei romane\u0219ti la cea mondial\u0103.\nPe plan na\u021bional remarc\u0103m \u00een mod obiectiv experien\u021ba \u015fi rezultatele ob\u021binute de echipa Drs. Riga \u00een acest domeniu prioritar pentru cultura \u015fi \u0219tiin\u021ba rom\u00e2neasc\u0103: tripla restitu\u021bie \u2013 istoric\u0103, moral\u0103 \u015fi de patrimoniu \u2013 a lui Al. Obregia (1995-1998), realizarea a patru capitole definitorii \u00een Enciclopedia Medical\u0103 Rom\u00e2neasc\u0103 (2009), precum \u015fi numeroase lucr\u0103ri \u0219tiin\u021bifice publicate \u00een reviste \u015fi capitole tematice din monografii de profil (2009-2014).\n\n<div id=\"attachment_3752\" style=\"width: 586px\" class=\"wp-caption alignnone\"><img loading=\"lazy\" decoding=\"async\" aria-describedby=\"caption-attachment-3752\" class=\"size-full wp-image-3752\" src=\"http:\/\/protectie-electromagnetica.ro\/cmo\/wp-content\/uploads\/2018\/06\/23519146_549198692087591_901998433245443418_n.jpg\" alt=\"\u00a0 Profs. Habils. DrsHC. Drs. Dan Riga \u015fi Sorin Riga\" width=\"576\" height=\"960\" srcset=\"https:\/\/protectie-electromagnetica.ro\/cmo\/wp-content\/uploads\/2018\/06\/23519146_549198692087591_901998433245443418_n.jpg 576w, https:\/\/protectie-electromagnetica.ro\/cmo\/wp-content\/uploads\/2018\/06\/23519146_549198692087591_901998433245443418_n-180x300.jpg 180w\" sizes=\"auto, (max-width: 576px) 100vw, 576px\" \/><p id=\"caption-attachment-3752\" class=\"wp-caption-text\">Profs. Habils. DrsHC. Drs. Dan Riga \u015fi Sorin Riga<\/p><\/div>","protected":false},"excerpt":{"rendered":"<p>Prof. Habils. DrHC. Dr. Sorin Riga este membru titular al Academiei Oamenilor de \u0218tiin\u021b\u0103 din Rom\u00e2nia. Cunoscu\u021b pe plan international impreuna cu fratele sau ca \u201cechipa Drs. Riga\u201d, ei sunt cunoscuti ca speciali\u0219ti \u00een neuro-\u0219tiin\u021be, medicina anti-\u00eemb\u0103tr\u00e2nire \u015fi \u0219tiin\u021bele longevit\u0103\u021bii, cu o continuitate scientometric\u0103 remarcabil\u0103, de peste 40 de ani, cita\u021bi din 1974 \u00een peste [&hellip;]<\/p>\n","protected":false},"author":2,"featured_media":0,"parent":0,"menu_order":0,"comment_status":"closed","ping_status":"closed","template":"","meta":{"footnotes":""},"class_list":["post-3756","page","type-page","status-publish","hentry"],"yoast_head":"<!-- This site is optimized with the Yoast SEO plugin v27.5 - https:\/\/yoast.com\/product\/yoast-seo-wordpress\/ -->\n<title>Prof. Habils. DrHC. Dr. Sorin Riga - Protec\u021bie electromagnetic\u0103<\/title>\n<meta name=\"robots\" content=\"index, follow, max-snippet:-1, max-image-preview:large, max-video-preview:-1\" \/>\n<link rel=\"canonical\" href=\"https:\/\/protectie-electromagnetica.ro\/cmo\/prof-dr-sorin-riga\/\" \/>\n<meta property=\"og:locale\" content=\"ro_RO\" \/>\n<meta property=\"og:type\" content=\"article\" \/>\n<meta property=\"og:title\" content=\"Prof. Habils. DrHC. Dr. Sorin Riga - Protec\u021bie electromagnetic\u0103\" \/>\n<meta property=\"og:description\" content=\"Prof. Habils. DrHC. Dr. Sorin Riga este membru titular al Academiei Oamenilor de \u0218tiin\u021b\u0103 din Rom\u00e2nia. Cunoscu\u021b pe plan international impreuna cu fratele sau ca \u201cechipa Drs. Riga\u201d, ei sunt cunoscuti ca speciali\u0219ti \u00een neuro-\u0219tiin\u021be, medicina anti-\u00eemb\u0103tr\u00e2nire \u015fi \u0219tiin\u021bele longevit\u0103\u021bii, cu o continuitate scientometric\u0103 remarcabil\u0103, de peste 40 de ani, cita\u021bi din 1974 \u00een peste [&hellip;]\" \/>\n<meta property=\"og:url\" content=\"https:\/\/protectie-electromagnetica.ro\/cmo\/prof-dr-sorin-riga\/\" \/>\n<meta property=\"og:site_name\" content=\"Protec\u021bie electromagnetic\u0103\" \/>\n<meta property=\"article:publisher\" content=\"https:\/\/www.facebook.com\/bioscem\/\" \/>\n<meta property=\"og:image\" content=\"https:\/\/protectie-electromagnetica.ro\/cmo\/wp-content\/uploads\/2018\/06\/23519146_549198692087591_901998433245443418_n.jpg\" \/>\n\t<meta property=\"og:image:width\" content=\"576\" \/>\n\t<meta property=\"og:image:height\" content=\"960\" \/>\n\t<meta property=\"og:image:type\" content=\"image\/jpeg\" \/>\n<meta name=\"twitter:card\" content=\"summary_large_image\" \/>\n<meta name=\"twitter:label1\" content=\"Timp estimat pentru citire\" \/>\n\t<meta name=\"twitter:data1\" content=\"1 minut\" \/>\n<script type=\"application\/ld+json\" class=\"yoast-schema-graph\">{\"@context\":\"https:\\\/\\\/schema.org\",\"@graph\":[{\"@type\":\"WebPage\",\"@id\":\"https:\\\/\\\/protectie-electromagnetica.ro\\\/cmo\\\/prof-dr-sorin-riga\\\/\",\"url\":\"https:\\\/\\\/protectie-electromagnetica.ro\\\/cmo\\\/prof-dr-sorin-riga\\\/\",\"name\":\"Prof. Habils. DrHC. Dr. Sorin Riga - Protec\u021bie electromagnetic\u0103\",\"isPartOf\":{\"@id\":\"https:\\\/\\\/protectie-electromagnetica.ro\\\/cmo\\\/#website\"},\"primaryImageOfPage\":{\"@id\":\"https:\\\/\\\/protectie-electromagnetica.ro\\\/cmo\\\/prof-dr-sorin-riga\\\/#primaryimage\"},\"image\":{\"@id\":\"https:\\\/\\\/protectie-electromagnetica.ro\\\/cmo\\\/prof-dr-sorin-riga\\\/#primaryimage\"},\"thumbnailUrl\":\"http:\\\/\\\/protectie-electromagnetica.ro\\\/cmo\\\/wp-content\\\/uploads\\\/2018\\\/06\\\/23519146_549198692087591_901998433245443418_n.jpg\",\"datePublished\":\"2018-06-07T15:55:07+00:00\",\"breadcrumb\":{\"@id\":\"https:\\\/\\\/protectie-electromagnetica.ro\\\/cmo\\\/prof-dr-sorin-riga\\\/#breadcrumb\"},\"inLanguage\":\"ro-RO\",\"potentialAction\":[{\"@type\":\"ReadAction\",\"target\":[\"https:\\\/\\\/protectie-electromagnetica.ro\\\/cmo\\\/prof-dr-sorin-riga\\\/\"]}]},{\"@type\":\"ImageObject\",\"inLanguage\":\"ro-RO\",\"@id\":\"https:\\\/\\\/protectie-electromagnetica.ro\\\/cmo\\\/prof-dr-sorin-riga\\\/#primaryimage\",\"url\":\"https:\\\/\\\/protectie-electromagnetica.ro\\\/cmo\\\/wp-content\\\/uploads\\\/2018\\\/06\\\/23519146_549198692087591_901998433245443418_n.jpg\",\"contentUrl\":\"https:\\\/\\\/protectie-electromagnetica.ro\\\/cmo\\\/wp-content\\\/uploads\\\/2018\\\/06\\\/23519146_549198692087591_901998433245443418_n.jpg\",\"width\":576,\"height\":960,\"caption\":\"\u00a0 Profs. Habils. DrsHC. Drs. Dan Riga \u015fi Sorin Riga\"},{\"@type\":\"BreadcrumbList\",\"@id\":\"https:\\\/\\\/protectie-electromagnetica.ro\\\/cmo\\\/prof-dr-sorin-riga\\\/#breadcrumb\",\"itemListElement\":[{\"@type\":\"ListItem\",\"position\":1,\"name\":\"Prima pagin\u0103\",\"item\":\"https:\\\/\\\/protectie-electromagnetica.ro\\\/cmo\\\/\"},{\"@type\":\"ListItem\",\"position\":2,\"name\":\"Prof. Habils. DrHC. Dr. Sorin Riga\"}]},{\"@type\":\"WebSite\",\"@id\":\"https:\\\/\\\/protectie-electromagnetica.ro\\\/cmo\\\/#website\",\"url\":\"https:\\\/\\\/protectie-electromagnetica.ro\\\/cmo\\\/\",\"name\":\"Protec\u021bie electromagnetic\u0103\",\"description\":\"Protectie Electromagnetica cu dispozitive bio-compatibile CMO (Oscilator Magnetic de Compensare) cu validare stiintifica\",\"potentialAction\":[{\"@type\":\"SearchAction\",\"target\":{\"@type\":\"EntryPoint\",\"urlTemplate\":\"https:\\\/\\\/protectie-electromagnetica.ro\\\/cmo\\\/?s={search_term_string}\"},\"query-input\":{\"@type\":\"PropertyValueSpecification\",\"valueRequired\":true,\"valueName\":\"search_term_string\"}}],\"inLanguage\":\"ro-RO\"}]}<\/script>\n<!-- \/ Yoast SEO plugin. -->","yoast_head_json":{"title":"Prof. Habils. DrHC. Dr. Sorin Riga - Protec\u021bie electromagnetic\u0103","robots":{"index":"index","follow":"follow","max-snippet":"max-snippet:-1","max-image-preview":"max-image-preview:large","max-video-preview":"max-video-preview:-1"},"canonical":"https:\/\/protectie-electromagnetica.ro\/cmo\/prof-dr-sorin-riga\/","og_locale":"ro_RO","og_type":"article","og_title":"Prof. Habils. DrHC. Dr. Sorin Riga - Protec\u021bie electromagnetic\u0103","og_description":"Prof. Habils. DrHC. Dr. Sorin Riga este membru titular al Academiei Oamenilor de \u0218tiin\u021b\u0103 din Rom\u00e2nia. Cunoscu\u021b pe plan international impreuna cu fratele sau ca \u201cechipa Drs. Riga\u201d, ei sunt cunoscuti ca speciali\u0219ti \u00een neuro-\u0219tiin\u021be, medicina anti-\u00eemb\u0103tr\u00e2nire \u015fi \u0219tiin\u021bele longevit\u0103\u021bii, cu o continuitate scientometric\u0103 remarcabil\u0103, de peste 40 de ani, cita\u021bi din 1974 \u00een peste [&hellip;]","og_url":"https:\/\/protectie-electromagnetica.ro\/cmo\/prof-dr-sorin-riga\/","og_site_name":"Protec\u021bie electromagnetic\u0103","article_publisher":"https:\/\/www.facebook.com\/bioscem\/","og_image":[{"width":576,"height":960,"url":"https:\/\/protectie-electromagnetica.ro\/cmo\/wp-content\/uploads\/2018\/06\/23519146_549198692087591_901998433245443418_n.jpg","type":"image\/jpeg"}],"twitter_card":"summary_large_image","twitter_misc":{"Timp estimat pentru citire":"1 minut"},"schema":{"@context":"https:\/\/schema.org","@graph":[{"@type":"WebPage","@id":"https:\/\/protectie-electromagnetica.ro\/cmo\/prof-dr-sorin-riga\/","url":"https:\/\/protectie-electromagnetica.ro\/cmo\/prof-dr-sorin-riga\/","name":"Prof. Habils. DrHC. Dr. Sorin Riga - Protec\u021bie electromagnetic\u0103","isPartOf":{"@id":"https:\/\/protectie-electromagnetica.ro\/cmo\/#website"},"primaryImageOfPage":{"@id":"https:\/\/protectie-electromagnetica.ro\/cmo\/prof-dr-sorin-riga\/#primaryimage"},"image":{"@id":"https:\/\/protectie-electromagnetica.ro\/cmo\/prof-dr-sorin-riga\/#primaryimage"},"thumbnailUrl":"http:\/\/protectie-electromagnetica.ro\/cmo\/wp-content\/uploads\/2018\/06\/23519146_549198692087591_901998433245443418_n.jpg","datePublished":"2018-06-07T15:55:07+00:00","breadcrumb":{"@id":"https:\/\/protectie-electromagnetica.ro\/cmo\/prof-dr-sorin-riga\/#breadcrumb"},"inLanguage":"ro-RO","potentialAction":[{"@type":"ReadAction","target":["https:\/\/protectie-electromagnetica.ro\/cmo\/prof-dr-sorin-riga\/"]}]},{"@type":"ImageObject","inLanguage":"ro-RO","@id":"https:\/\/protectie-electromagnetica.ro\/cmo\/prof-dr-sorin-riga\/#primaryimage","url":"https:\/\/protectie-electromagnetica.ro\/cmo\/wp-content\/uploads\/2018\/06\/23519146_549198692087591_901998433245443418_n.jpg","contentUrl":"https:\/\/protectie-electromagnetica.ro\/cmo\/wp-content\/uploads\/2018\/06\/23519146_549198692087591_901998433245443418_n.jpg","width":576,"height":960,"caption":"\u00a0 Profs. Habils. DrsHC. Drs. Dan Riga \u015fi Sorin Riga"},{"@type":"BreadcrumbList","@id":"https:\/\/protectie-electromagnetica.ro\/cmo\/prof-dr-sorin-riga\/#breadcrumb","itemListElement":[{"@type":"ListItem","position":1,"name":"Prima pagin\u0103","item":"https:\/\/protectie-electromagnetica.ro\/cmo\/"},{"@type":"ListItem","position":2,"name":"Prof. Habils. DrHC. Dr. Sorin Riga"}]},{"@type":"WebSite","@id":"https:\/\/protectie-electromagnetica.ro\/cmo\/#website","url":"https:\/\/protectie-electromagnetica.ro\/cmo\/","name":"Protec\u021bie electromagnetic\u0103","description":"Protectie Electromagnetica cu dispozitive bio-compatibile CMO (Oscilator Magnetic de Compensare) cu validare stiintifica","potentialAction":[{"@type":"SearchAction","target":{"@type":"EntryPoint","urlTemplate":"https:\/\/protectie-electromagnetica.ro\/cmo\/?s={search_term_string}"},"query-input":{"@type":"PropertyValueSpecification","valueRequired":true,"valueName":"search_term_string"}}],"inLanguage":"ro-RO"}]}},"_links":{"self":[{"href":"https:\/\/protectie-electromagnetica.ro\/cmo\/wp-json\/wp\/v2\/pages\/3756","targetHints":{"allow":["GET"]}}],"collection":[{"href":"https:\/\/protectie-electromagnetica.ro\/cmo\/wp-json\/wp\/v2\/pages"}],"about":[{"href":"https:\/\/protectie-electromagnetica.ro\/cmo\/wp-json\/wp\/v2\/types\/page"}],"author":[{"embeddable":true,"href":"https:\/\/protectie-electromagnetica.ro\/cmo\/wp-json\/wp\/v2\/users\/2"}],"replies":[{"embeddable":true,"href":"https:\/\/protectie-electromagnetica.ro\/cmo\/wp-json\/wp\/v2\/comments?post=3756"}],"version-history":[{"count":0,"href":"https:\/\/protectie-electromagnetica.ro\/cmo\/wp-json\/wp\/v2\/pages\/3756\/revisions"}],"wp:attachment":[{"href":"https:\/\/protectie-electromagnetica.ro\/cmo\/wp-json\/wp\/v2\/media?parent=3756"}],"curies":[{"name":"wp","href":"https:\/\/api.w.org\/{rel}","templated":true}]}}