{"id":3768,"date":"2018-06-09T07:41:37","date_gmt":"2018-06-09T04:41:37","guid":{"rendered":"http:\/\/protectie-electromagnetica.ro\/?page_id=3768"},"modified":"2018-06-09T07:41:37","modified_gmt":"2018-06-09T04:41:37","slug":"florin-colceag","status":"publish","type":"page","link":"https:\/\/protectie-electromagnetica.ro\/cmo\/specialisti-recomanda-cmo\/florin-colceag\/","title":{"rendered":"Prof. Dr. Florin Colceag"},"content":{"rendered":"<a href=\"http:\/\/www.dela0.ro\/matematicianul-florian-colceag-pot-demonstra-ca-dumnezeu-exista-si-actioneaza\"><strong>Florin Colceag<\/strong><\/a>. Profesor, matematician, doctor in economie, pre\u0219edinte al Institutului Roman pentru Studii si Cercet\u0103ri Avansate Gifted Education, dar mai ales antrenor de genii. Un om care a \u0219tiut c\u00e2nd si cum sa sparg\u0103 barierele construite in jurul creativit\u0103\u021bii, iar acum, pe l\u00e2ng\u0103 numeroase activit\u0103\u021bi academice, \u00eendruma copiii dota\u021bi spre un viitor mai str\u0103lucit.\n\n<img loading=\"lazy\" decoding=\"async\" class=\"alignnone size-full wp-image-3772\" src=\"http:\/\/protectie-electromagnetica.ro\/cmo\/wp-content\/uploads\/2018\/06\/antrenorul-de-genii-prof-dr-florin-colceag-romanii-infloresc-in-haos-si-asta-este-partea-extraordinara-18459874.jpg\" alt=\"\" width=\"240\" height=\"159\" \/>\n\n&nbsp;","protected":false},"excerpt":{"rendered":"<p>Florin Colceag. Profesor, matematician, doctor in economie, pre\u0219edinte al Institutului Roman pentru Studii si Cercet\u0103ri Avansate Gifted Education, dar mai ales antrenor de genii. Un om care a \u0219tiut c\u00e2nd si cum sa sparg\u0103 barierele construite in jurul creativit\u0103\u021bii, iar acum, pe l\u00e2ng\u0103 numeroase activit\u0103\u021bi academice, \u00eendruma copiii dota\u021bi spre un viitor mai str\u0103lucit. &nbsp;<\/p>\n","protected":false},"author":2,"featured_media":0,"parent":961,"menu_order":0,"comment_status":"closed","ping_status":"closed","template":"","meta":{"footnotes":""},"class_list":["post-3768","page","type-page","status-publish","hentry"],"yoast_head":"<!-- This site is optimized with the Yoast SEO plugin v27.5 - https:\/\/yoast.com\/product\/yoast-seo-wordpress\/ -->\n<title>Prof. Dr. Florin Colceag - Protec\u021bie electromagnetic\u0103<\/title>\n<meta name=\"robots\" content=\"index, follow, max-snippet:-1, max-image-preview:large, max-video-preview:-1\" \/>\n<link rel=\"canonical\" href=\"https:\/\/protectie-electromagnetica.ro\/cmo\/specialisti-recomanda-cmo\/florin-colceag\/\" \/>\n<meta property=\"og:locale\" content=\"ro_RO\" \/>\n<meta property=\"og:type\" content=\"article\" \/>\n<meta property=\"og:title\" content=\"Prof. Dr. Florin Colceag - Protec\u021bie electromagnetic\u0103\" \/>\n<meta property=\"og:description\" content=\"Florin Colceag. Profesor, matematician, doctor in economie, pre\u0219edinte al Institutului Roman pentru Studii si Cercet\u0103ri Avansate Gifted Education, dar mai ales antrenor de genii. Un om care a \u0219tiut c\u00e2nd si cum sa sparg\u0103 barierele construite in jurul creativit\u0103\u021bii, iar acum, pe l\u00e2ng\u0103 numeroase activit\u0103\u021bi academice, \u00eendruma copiii dota\u021bi spre un viitor mai str\u0103lucit. &nbsp;\" \/>\n<meta property=\"og:url\" content=\"https:\/\/protectie-electromagnetica.ro\/cmo\/specialisti-recomanda-cmo\/florin-colceag\/\" \/>\n<meta property=\"og:site_name\" content=\"Protec\u021bie electromagnetic\u0103\" \/>\n<meta property=\"article:publisher\" content=\"https:\/\/www.facebook.com\/bioscem\/\" \/>\n<meta property=\"og:image\" content=\"https:\/\/protectie-electromagnetica.ro\/cmo\/wp-content\/uploads\/2018\/06\/antrenorul-de-genii-prof-dr-florin-colceag-romanii-infloresc-in-haos-si-asta-este-partea-extraordinara-18459874.jpg\" \/>\n\t<meta property=\"og:image:width\" content=\"240\" \/>\n\t<meta property=\"og:image:height\" content=\"159\" \/>\n\t<meta property=\"og:image:type\" content=\"image\/jpeg\" \/>\n<meta name=\"twitter:card\" content=\"summary_large_image\" \/>\n<script type=\"application\/ld+json\" class=\"yoast-schema-graph\">{\"@context\":\"https:\\\/\\\/schema.org\",\"@graph\":[{\"@type\":\"WebPage\",\"@id\":\"https:\\\/\\\/protectie-electromagnetica.ro\\\/cmo\\\/specialisti-recomanda-cmo\\\/florin-colceag\\\/\",\"url\":\"https:\\\/\\\/protectie-electromagnetica.ro\\\/cmo\\\/specialisti-recomanda-cmo\\\/florin-colceag\\\/\",\"name\":\"Prof. Dr. Florin Colceag - Protec\u021bie electromagnetic\u0103\",\"isPartOf\":{\"@id\":\"https:\\\/\\\/protectie-electromagnetica.ro\\\/cmo\\\/#website\"},\"primaryImageOfPage\":{\"@id\":\"https:\\\/\\\/protectie-electromagnetica.ro\\\/cmo\\\/specialisti-recomanda-cmo\\\/florin-colceag\\\/#primaryimage\"},\"image\":{\"@id\":\"https:\\\/\\\/protectie-electromagnetica.ro\\\/cmo\\\/specialisti-recomanda-cmo\\\/florin-colceag\\\/#primaryimage\"},\"thumbnailUrl\":\"http:\\\/\\\/protectie-electromagnetica.ro\\\/cmo\\\/wp-content\\\/uploads\\\/2018\\\/06\\\/antrenorul-de-genii-prof-dr-florin-colceag-romanii-infloresc-in-haos-si-asta-este-partea-extraordinara-18459874.jpg\",\"datePublished\":\"2018-06-09T04:41:37+00:00\",\"breadcrumb\":{\"@id\":\"https:\\\/\\\/protectie-electromagnetica.ro\\\/cmo\\\/specialisti-recomanda-cmo\\\/florin-colceag\\\/#breadcrumb\"},\"inLanguage\":\"ro-RO\",\"potentialAction\":[{\"@type\":\"ReadAction\",\"target\":[\"https:\\\/\\\/protectie-electromagnetica.ro\\\/cmo\\\/specialisti-recomanda-cmo\\\/florin-colceag\\\/\"]}]},{\"@type\":\"ImageObject\",\"inLanguage\":\"ro-RO\",\"@id\":\"https:\\\/\\\/protectie-electromagnetica.ro\\\/cmo\\\/specialisti-recomanda-cmo\\\/florin-colceag\\\/#primaryimage\",\"url\":\"https:\\\/\\\/protectie-electromagnetica.ro\\\/cmo\\\/wp-content\\\/uploads\\\/2018\\\/06\\\/antrenorul-de-genii-prof-dr-florin-colceag-romanii-infloresc-in-haos-si-asta-este-partea-extraordinara-18459874.jpg\",\"contentUrl\":\"https:\\\/\\\/protectie-electromagnetica.ro\\\/cmo\\\/wp-content\\\/uploads\\\/2018\\\/06\\\/antrenorul-de-genii-prof-dr-florin-colceag-romanii-infloresc-in-haos-si-asta-este-partea-extraordinara-18459874.jpg\",\"width\":240,\"height\":159},{\"@type\":\"BreadcrumbList\",\"@id\":\"https:\\\/\\\/protectie-electromagnetica.ro\\\/cmo\\\/specialisti-recomanda-cmo\\\/florin-colceag\\\/#breadcrumb\",\"itemListElement\":[{\"@type\":\"ListItem\",\"position\":1,\"name\":\"Prima pagin\u0103\",\"item\":\"https:\\\/\\\/protectie-electromagnetica.ro\\\/cmo\\\/\"},{\"@type\":\"ListItem\",\"position\":2,\"name\":\"Speciali\u015fti ce recomand\u0103 CMO\",\"item\":\"https:\\\/\\\/protectie-electromagnetica.ro\\\/cmo\\\/specialisti-recomanda-cmo\\\/\"},{\"@type\":\"ListItem\",\"position\":3,\"name\":\"Prof. Dr. Florin Colceag\"}]},{\"@type\":\"WebSite\",\"@id\":\"https:\\\/\\\/protectie-electromagnetica.ro\\\/cmo\\\/#website\",\"url\":\"https:\\\/\\\/protectie-electromagnetica.ro\\\/cmo\\\/\",\"name\":\"Protec\u021bie electromagnetic\u0103\",\"description\":\"Protectie Electromagnetica cu dispozitive bio-compatibile CMO (Oscilator Magnetic de Compensare) cu validare stiintifica\",\"potentialAction\":[{\"@type\":\"SearchAction\",\"target\":{\"@type\":\"EntryPoint\",\"urlTemplate\":\"https:\\\/\\\/protectie-electromagnetica.ro\\\/cmo\\\/?s={search_term_string}\"},\"query-input\":{\"@type\":\"PropertyValueSpecification\",\"valueRequired\":true,\"valueName\":\"search_term_string\"}}],\"inLanguage\":\"ro-RO\"}]}<\/script>\n<!-- \/ Yoast SEO plugin. -->","yoast_head_json":{"title":"Prof. Dr. Florin Colceag - Protec\u021bie electromagnetic\u0103","robots":{"index":"index","follow":"follow","max-snippet":"max-snippet:-1","max-image-preview":"max-image-preview:large","max-video-preview":"max-video-preview:-1"},"canonical":"https:\/\/protectie-electromagnetica.ro\/cmo\/specialisti-recomanda-cmo\/florin-colceag\/","og_locale":"ro_RO","og_type":"article","og_title":"Prof. Dr. Florin Colceag - Protec\u021bie electromagnetic\u0103","og_description":"Florin Colceag. Profesor, matematician, doctor in economie, pre\u0219edinte al Institutului Roman pentru Studii si Cercet\u0103ri Avansate Gifted Education, dar mai ales antrenor de genii. Un om care a \u0219tiut c\u00e2nd si cum sa sparg\u0103 barierele construite in jurul creativit\u0103\u021bii, iar acum, pe l\u00e2ng\u0103 numeroase activit\u0103\u021bi academice, \u00eendruma copiii dota\u021bi spre un viitor mai str\u0103lucit. &nbsp;","og_url":"https:\/\/protectie-electromagnetica.ro\/cmo\/specialisti-recomanda-cmo\/florin-colceag\/","og_site_name":"Protec\u021bie electromagnetic\u0103","article_publisher":"https:\/\/www.facebook.com\/bioscem\/","og_image":[{"width":240,"height":159,"url":"https:\/\/protectie-electromagnetica.ro\/cmo\/wp-content\/uploads\/2018\/06\/antrenorul-de-genii-prof-dr-florin-colceag-romanii-infloresc-in-haos-si-asta-este-partea-extraordinara-18459874.jpg","type":"image\/jpeg"}],"twitter_card":"summary_large_image","schema":{"@context":"https:\/\/schema.org","@graph":[{"@type":"WebPage","@id":"https:\/\/protectie-electromagnetica.ro\/cmo\/specialisti-recomanda-cmo\/florin-colceag\/","url":"https:\/\/protectie-electromagnetica.ro\/cmo\/specialisti-recomanda-cmo\/florin-colceag\/","name":"Prof. Dr. Florin Colceag - Protec\u021bie electromagnetic\u0103","isPartOf":{"@id":"https:\/\/protectie-electromagnetica.ro\/cmo\/#website"},"primaryImageOfPage":{"@id":"https:\/\/protectie-electromagnetica.ro\/cmo\/specialisti-recomanda-cmo\/florin-colceag\/#primaryimage"},"image":{"@id":"https:\/\/protectie-electromagnetica.ro\/cmo\/specialisti-recomanda-cmo\/florin-colceag\/#primaryimage"},"thumbnailUrl":"http:\/\/protectie-electromagnetica.ro\/cmo\/wp-content\/uploads\/2018\/06\/antrenorul-de-genii-prof-dr-florin-colceag-romanii-infloresc-in-haos-si-asta-este-partea-extraordinara-18459874.jpg","datePublished":"2018-06-09T04:41:37+00:00","breadcrumb":{"@id":"https:\/\/protectie-electromagnetica.ro\/cmo\/specialisti-recomanda-cmo\/florin-colceag\/#breadcrumb"},"inLanguage":"ro-RO","potentialAction":[{"@type":"ReadAction","target":["https:\/\/protectie-electromagnetica.ro\/cmo\/specialisti-recomanda-cmo\/florin-colceag\/"]}]},{"@type":"ImageObject","inLanguage":"ro-RO","@id":"https:\/\/protectie-electromagnetica.ro\/cmo\/specialisti-recomanda-cmo\/florin-colceag\/#primaryimage","url":"https:\/\/protectie-electromagnetica.ro\/cmo\/wp-content\/uploads\/2018\/06\/antrenorul-de-genii-prof-dr-florin-colceag-romanii-infloresc-in-haos-si-asta-este-partea-extraordinara-18459874.jpg","contentUrl":"https:\/\/protectie-electromagnetica.ro\/cmo\/wp-content\/uploads\/2018\/06\/antrenorul-de-genii-prof-dr-florin-colceag-romanii-infloresc-in-haos-si-asta-este-partea-extraordinara-18459874.jpg","width":240,"height":159},{"@type":"BreadcrumbList","@id":"https:\/\/protectie-electromagnetica.ro\/cmo\/specialisti-recomanda-cmo\/florin-colceag\/#breadcrumb","itemListElement":[{"@type":"ListItem","position":1,"name":"Prima pagin\u0103","item":"https:\/\/protectie-electromagnetica.ro\/cmo\/"},{"@type":"ListItem","position":2,"name":"Speciali\u015fti ce recomand\u0103 CMO","item":"https:\/\/protectie-electromagnetica.ro\/cmo\/specialisti-recomanda-cmo\/"},{"@type":"ListItem","position":3,"name":"Prof. Dr. Florin Colceag"}]},{"@type":"WebSite","@id":"https:\/\/protectie-electromagnetica.ro\/cmo\/#website","url":"https:\/\/protectie-electromagnetica.ro\/cmo\/","name":"Protec\u021bie electromagnetic\u0103","description":"Protectie Electromagnetica cu dispozitive bio-compatibile CMO (Oscilator Magnetic de Compensare) cu validare stiintifica","potentialAction":[{"@type":"SearchAction","target":{"@type":"EntryPoint","urlTemplate":"https:\/\/protectie-electromagnetica.ro\/cmo\/?s={search_term_string}"},"query-input":{"@type":"PropertyValueSpecification","valueRequired":true,"valueName":"search_term_string"}}],"inLanguage":"ro-RO"}]}},"_links":{"self":[{"href":"https:\/\/protectie-electromagnetica.ro\/cmo\/wp-json\/wp\/v2\/pages\/3768","targetHints":{"allow":["GET"]}}],"collection":[{"href":"https:\/\/protectie-electromagnetica.ro\/cmo\/wp-json\/wp\/v2\/pages"}],"about":[{"href":"https:\/\/protectie-electromagnetica.ro\/cmo\/wp-json\/wp\/v2\/types\/page"}],"author":[{"embeddable":true,"href":"https:\/\/protectie-electromagnetica.ro\/cmo\/wp-json\/wp\/v2\/users\/2"}],"replies":[{"embeddable":true,"href":"https:\/\/protectie-electromagnetica.ro\/cmo\/wp-json\/wp\/v2\/comments?post=3768"}],"version-history":[{"count":0,"href":"https:\/\/protectie-electromagnetica.ro\/cmo\/wp-json\/wp\/v2\/pages\/3768\/revisions"}],"up":[{"embeddable":true,"href":"https:\/\/protectie-electromagnetica.ro\/cmo\/wp-json\/wp\/v2\/pages\/961"}],"wp:attachment":[{"href":"https:\/\/protectie-electromagnetica.ro\/cmo\/wp-json\/wp\/v2\/media?parent=3768"}],"curies":[{"name":"wp","href":"https:\/\/api.w.org\/{rel}","templated":true}]}}