{"id":3921,"date":"2018-06-19T18:39:25","date_gmt":"2018-06-19T15:39:25","guid":{"rendered":"http:\/\/protectie-electromagnetica.ro\/?page_id=3921"},"modified":"2021-06-18T20:04:52","modified_gmt":"2021-06-18T17:04:52","slug":"politica-cookies","status":"publish","type":"page","link":"https:\/\/protectie-electromagnetica.ro\/cmo\/politica-cookies\/","title":{"rendered":"Politica de cookies"},"content":{"rendered":"<h3>POLITICA DE UTILIZARE COOKIE-URI<\/h3>\r\n<p>Site-ul <a href=\"http:\/\/protectie-electromagnetica.ro\">www.protectie-electromagnetica.ro<\/a> utilizeaz\u0103 cookie-uri pentru a oferi vizitatorilor s\u0103i o experien\u021b\u0103 mai bun\u0103 de navigare \u0219i servicii adaptate intereselor fiec\u0103rui vizitator. V\u0103 prezent\u0103m mai jos informa\u021biile necesare pentru a v\u0103 aduce la cuno\u0219tin\u021b\u0103 detaliile legate de plasarea, utilizarea \u0219i administrarea cookie-urilor utilizate de site-ul www.protectie-electromagnetica.ro.<\/p>\r\n<h3>Aplicabilitatea acestei Politici<\/h3>\r\n<p>Aceast\u0103 Politic\u0103 se aplic\u0103 site-ului www.protectie-electromagnetica.ro.<\/p>\r\n<p>De asemenea, pentru identitate, informa\u021biile din acest document se aplic\u0103 \u0219i altor platforme online care sunt operate de sau \u00een numele firmei Bioscem SRL.<\/p>\r\n<p>Utiliz\u00e2nd acest site, sunte\u021bi de acord cu modul de utilizare de c\u0103tre noi a cookie-urilor, \u00een conformitate cu aceast\u0103 Politic\u0103 privind utilizarea lor.<\/p>\r\n<p>Dac\u0103 nu sunte\u021bi de acord cu modul nostru de utilizare a cookie-urilor, trebuie s\u0103 seta\u021bi corespunz\u0103tor set\u0103rile browser-ului dumneavoastr\u0103.<\/p>\r\n<p>Decuplarea cookie-urilor pe care le utiliz\u0103m ar putea afecta experien\u021ba dumneavoastr\u0103 ca utilizator pe acest site.<\/p>\r\n<h3>Ce sunt cookie-urile?<\/h3>\r\n<p>Cookie-urile sunt fi\u0219iere de mici dimensiuni, formate din litere \u0219i numere, care vor fi stocate pe computerul, terminalul mobil sau alte echipamente ale unui utilizator de pe care se acceseaz\u0103 internetul.<\/p>\r\n<p>Cookie-urile sunt instalate prin solicitarea emis\u0103 de c\u0103tre un web-server unui browser (ex: Internet Explorer, Chrome).<\/p>\r\n<p>Cookie-urile sunt complet \u201cpasive\u201d (nu con\u021bin programe software, viru\u0219i sau spyware \u0219i nu pot accesa informa\u021biile de pe hard driverul utilizatorului).<\/p>\r\n<p>Un cookie este format din 2 p\u0103r\u021bi: numele \u0219i con\u021binutul sau valoarea cookie-ului. Durata de existen\u021b\u0103 a unui cookie este determinat\u0103; tehnic, doar webserverul care a trimis cookie-ul \u00eel poate accesa din nou \u00een momentul \u00een care un utilizator se \u00eentoarce pe website-ul asociat web-serverului respectiv.<\/p>\r\n<p>Cookie-urile \u00een sine nu solicit\u0103 informa\u021bii cu caracter personal pentru a putea fi utilizate \u0219i, \u00een cele mai multe cazuri, nu identific\u0103 personal utilizatorii de internet.<\/p>\r\n<p>Exist\u0103 2 categorii mari de cookie-uri:<\/p>\r\n<ol>\r\n<li><strong>cookie-uri de sesiune<\/strong>: sunt stocate temporar \u00een dosarul de cookie-uri al browserului web pentru ca acesta s\u0103 le memoreze p\u00e2n\u0103 c\u00e2nd utilizatorul iese de pe web-siteul respectiv sau \u00eenchide fereastra browserului;<\/li>\r\n<li><strong>cookie-uri persistente<\/strong>: sunt stocate pe hard-drive-ul unui computer sau echipament \u0219i sunt activate din nou c\u00e2nd vizita\u021bi site-ul care a creat acel cookie specific. Cookie-urile persistente le includ \u0219i pe cele plasate de un alt website dec\u00e2t cel pe care il viziteaz\u0103 utilizatorul la momentul respectiv. Acestea sunt cunoscute sub numele de \u201cthird party cookies\u201d respectiv cookie-uri plasate de ter\u021bi.  Acestea memoreaz\u0103 interesele unui utilizator pentru a livra publicitate c\u00e2t mai relevant\u0103 pentru acesta.<\/li>\r\n<\/ol>\r\n<h3>Care este durata de via\u021b\u0103 a unui cookie?<\/h3>\r\n<p>Durata de via\u021b\u0103 a unui cookie poate varia semnificativ \u00een func\u021bie de scopul pentru care acesta este plasat. Unele cookie-uri sunt menite unei singure utiliz\u0103ri (cum este cazul cookie-urilor de sesiune), prin urmare nu sunt men\u021binute odat\u0103 ce utilizatorul p\u0103r\u0103se\u0219te site-ul. Alte cookie-uri sunt men\u021binute \u0219i reutilizate de fiecare dat\u0103 c\u00e2nd utilizatorul revine pe site (cookie-uri persistente). Totu\u0219i, cookie-urile pot fi \u0219terse de utilizator \u00een orice moment prin utilizarea set\u0103rilor browser-ului.<\/p>\r\n<h3>Ce sunt cookie-urile plasate de ter\u021bi?<\/h3>\r\n<p>Unele sec\u021biuni de con\u021binut ale unor site-uri pot fi furnizate prin cookie-uri ale ter\u021bilor cum este cazul unei reclame. Astfel de cookie-uri pot fi plasate pe site \u0219i sunt denumite cookie-uri plasate de ter\u021bi \u00eentruc\u00e2t nu sunt plasate de proprietarul site-ului. Astfel de ter\u021bi sunt la r\u00e2ndul lor obliga\u021bi s\u0103 respecte reglement\u0103rile legale aplicabile \u0219i politicile de confiden\u021bialitate ale proprietarului site-ului respectiv.<\/p>\r\n<h3>De ce sunt cookie-urile importante pentru internet?<\/h3>\r\n<p>Cookie-urile reprezint\u0103 punctul central al func\u021bion\u0103rii eficiente a Internetului, ajut\u00e2nd la generarea unei experien\u021be de navigare prietenoase \u0219i adaptat\u0103 preferin\u021belor \u0219i intereselor fiec\u0103rui utilizator. Refuzarea sau dezactivarea cookie-urilor poate face unele site-uri imposibil de folosit. Refuzarea sau dezactivarea cookie-urilor nu \u00eenseamn\u0103 c\u0103 nu ve\u021bi mai primi publicitate online \u2013 ci doar c\u0103 aceasta nu va mai putea \u021bine cont de preferin\u021bele \u0219i interesele dvs, eviden\u021biate prin comportamentul de navigare. Exemple de \u00eentrebuin\u021b\u0103ri importante ale cookie-urilor (care nu necesit\u0103 autentificarea unui utilizator prin intermediul unui cont):<\/p>\r\n<ol>\r\n<li>Con\u021binut \u0219i servicii adaptate preferin\u021belor utilizatorului \u2013 categorii de produse \u0219i servicii;<\/li>\r\n<li>Oferte adaptate pe interesele utilizatorilor \u2013 re\u021binerea parolelor;<\/li>\r\n<li>Re\u021binerea filtrelor de protec\u021bie a copiilor privind con\u021binutul pe Internet (op\u021biuni family mode, func\u021bii de safe search);<\/li>\r\n<li>Limitarea frecven\u021bei de difuzare a reclamelor \u2013 limitarea num\u0103rului de afi\u0219\u0103ri a unei reclame pentru un anumit utilizator pe un site;<\/li>\r\n<li>Furnizarea de publicitate mai relevant\u0103 pentru utilizator;<\/li>\r\n<li>M\u0103surarea, optimizarea \u0219i caracteristicile de Analytics \u2013 cum ar fi confirmarea unui anumit nivel de trafic pe un website, ce tip de con\u021binut este vizualizat \u0219i modul cum un utilizator ajunge pe un website (exemplu: prin motoare de c\u0103utare, direct, din alte website-uri etc). Website-urile deruleaz\u0103 aceste analize ale utiliz\u0103rii lor pentru a \u00eembun\u0103t\u0103\u021bi site-urile \u00een beneficiul utilizatorilor.<\/li>\r\n<\/ol>\r\n<h3>Ce tipuri de cookie-uri  folosim?<\/h3>\r\n<p>Acces\u00e2nd acest site se pot plasa urm\u0103toarele tipuri de cookie-uri:<\/p>\r\n<ul>\r\n<li>de performan\u021b\u0103 a site-ului: acestea re\u021bin preferin\u021bele utilizatorului pe acest site;<\/li>\r\n<li>de analiz\u0103 a vizitatorilor: acestea ne spun dac\u0103 a\u021bi mai vizitat acest site p\u00e2n\u0103 acum; browserul ne va spune dac\u0103 ave\u021bi acest cookie, iar dac\u0103 nu, vom genera unul;<\/li>\r\n<li>pentru geotargeting: acestea sunt utilizate de c\u0103tre un soft care stabile\u0219te din ce \u021bar\u0103 proveni\u021bi, sunt complet anonime \u0219i sunt folosite doar pentru targetarea con\u021binutului;<\/li>\r\n<\/ul>\r\n<h3>Cookie-urile con\u021bin date personale?<\/h3>\r\n<p>Cookie-urile \u00een sine nu solicit\u0103 informa\u021bii cu caracter personal pentru a putea fi utilizate \u0219i, \u00een cele mai multe cazuri, nu identific\u0103 personal utilizatorii de internet. Datele personale pot fi colectate prin utilizarea Cookie-urilor doar pentru a facilita anumite func\u021bionalit\u0103\u021bi pentru utilizator.<\/p>\r\n<h3>Cum pute\u021bi modifica set\u0103rile cookie din browser-ul dumneavoastr\u0103?<\/h3>\r\n<h4>\u0218tergerea Cookie-urilor<\/h4>\r\n<p>Aplica\u021biile folosite pentru accesarea paginilor web permit salvarea Cookie-urilor pe terminal \u00een mod implicit. Aceste set\u0103ri pot fi schimbate \u00een a\u0219a fel inc\u00e2t administrarea automat\u0103 a Cookie-urilor s\u0103 fie blocat\u0103 de browser-ul web sau utilizatorul s\u0103 fie informat de fiecare dat\u0103 c\u00e2nd Cookie-uri sunt trimise c\u0103tre terminalul s\u0103u. Informa\u021bii detaliate despre posibilit\u0103\u021bile \u0219i modurile de administrare a Cookie-urilor pot fi g\u0103site \u00een zona de set\u0103ri a aplica\u021biei (browser-ului web). Limitarea folosirii Cookie-urilor poate afecta anumite func\u021bionalit\u0103\u021bi ale paginii web.<\/p>\r\n<p>Majoritatea browserelor ofer\u0103 posibilitatea de a schimba set\u0103rile cookie-urilor. Aceste set\u0103ri se g\u0103sesc de regul\u0103 \u00een \u201cop\u021biuni\u201d sau \u00een meniul de \u201cpreferin\u021be\u201d al browserului t\u0103u.<\/p>\r\n<p>Pentru a \u00een\u021belege aceste set\u0103ri, urm\u0103toarele linkuri pot fi folositoare, altfel pute\u021bi folosi op\u021biunea \u201cajutor\u201d a browserului pentru mai multe detalii.<\/p>\r\n<p><u><a href=\"http:\/\/support.microsoft.com\/kb\/196955\">Cookie settings in Internet Explorer<\/a><\/u><\/p>\r\n<p><u><a href=\"https:\/\/support.mozilla.org\/en-US\/kb\/cookies-information-websites-store-on-your-computer?redirectlocale=en-US&amp;redirectslug=Cookies\">Cookie settings in Firefox<\/a><\/u><\/p>\r\n<p><u><a href=\"https:\/\/support.google.com\/chrome\/answer\/95647?hl=en\">Cookie settings in Chrome<\/a><\/u><\/p>\r\n<p><u><a href=\"http:\/\/support.apple.com\/kb\/PH5042\">Cookie settings in Safari<\/a><\/u><\/p>\r\n<p>Pentru set\u0103rile cookie-urilor generate de ter\u021bi, pute\u021bi consulta \u0219i site-ul:<\/p>\r\n<p><u><a href=\"http:\/\/www.youronlinechoices.com\/ro\/\">http:\/\/www.youronlinechoices.com\/ro\/<br \/>\r\n<\/a><\/u><\/p>\r\n<h3>Link-uri utile<\/h3>\r\n<p>Pentru a afla mai multe informa\u021bii despre cookie-uri \u0219i la ce sunt utilizate, recomand\u0103m urm\u0103toarele linkuri:<\/p>\r\n<p><u><a href=\"http:\/\/www.microsoft.com\/info\/cookies.mspx\">Microsoft Cookies guide<\/a><\/u><\/p>\r\n<p><u><a href=\"http:\/\/www.allaboutcookies.org\/\">All About Cookies<\/a><\/u><\/p>\r\n<p><u><a href=\"http:\/\/www.youronlinechoices.com\/ro\/\">http:\/\/www.youronlinechoices.com\/ro\/<\/a><\/u><\/p>\r\n<p><u><a href=\"http:\/\/www.legi-internet.ro\/legislatie-itc\/date-cu-caracter-personal\/legea-privind-prelucrarea-datelor-cu-caracter-personal-si-protectia-vietii-private-in-sectorul-comunicatiilor-electronice\/oug-13-2012.html\">http:\/\/www.legi-internet.ro\/legislatie-itc\/date-cu-caracter-personal\/legea-privind-prelucrarea-datelor-cu-caracter-personal-si-protectia-vietii-private-in-sectorul-comunicatiilor-electronice\/oug-13-2012.html<\/a><\/u><\/p>\r\n<p>\u00cen cazul \u00een care dori\u021bi s\u0103 ne adresa\u021bi orice solicitare cu privire la detaliile de mai sus, v\u0103 rug\u0103m s\u0103 ne scrie\u021bi la email <a href=\"mailto: contact@bioscem.ro\">contact@bioscem.ro<\/a>.<\/p>","protected":false},"excerpt":{"rendered":"<p>POLITICA DE UTILIZARE COOKIE-URI Site-ul www.protectie-electromagnetica.ro utilizeaz\u0103 cookie-uri pentru a oferi vizitatorilor s\u0103i o experien\u021b\u0103 mai bun\u0103 de navigare \u0219i servicii adaptate intereselor fiec\u0103rui vizitator. V\u0103 prezent\u0103m mai jos informa\u021biile necesare pentru a v\u0103 aduce la cuno\u0219tin\u021b\u0103 detaliile legate de plasarea, utilizarea \u0219i administrarea cookie-urilor utilizate de site-ul www.protectie-electromagnetica.ro. Aplicabilitatea acestei Politici Aceast\u0103 Politic\u0103 se [&hellip;]<\/p>\n","protected":false},"author":2,"featured_media":0,"parent":0,"menu_order":0,"comment_status":"closed","ping_status":"closed","template":"","meta":{"footnotes":""},"class_list":["post-3921","page","type-page","status-publish","hentry"],"yoast_head":"<!-- This site is optimized with the Yoast SEO plugin v27.4 - https:\/\/yoast.com\/product\/yoast-seo-wordpress\/ -->\n<title>Politica de cookies - Protec\u021bie electromagnetic\u0103<\/title>\n<meta name=\"robots\" content=\"index, follow, max-snippet:-1, max-image-preview:large, max-video-preview:-1\" \/>\n<link rel=\"canonical\" href=\"https:\/\/protectie-electromagnetica.ro\/cmo\/politica-cookies\/\" \/>\n<meta property=\"og:locale\" content=\"ro_RO\" \/>\n<meta property=\"og:type\" content=\"article\" \/>\n<meta property=\"og:title\" content=\"Politica de cookies - Protec\u021bie electromagnetic\u0103\" \/>\n<meta property=\"og:description\" content=\"POLITICA DE UTILIZARE COOKIE-URI Site-ul www.protectie-electromagnetica.ro utilizeaz\u0103 cookie-uri pentru a oferi vizitatorilor s\u0103i o experien\u021b\u0103 mai bun\u0103 de navigare \u0219i servicii adaptate intereselor fiec\u0103rui vizitator. V\u0103 prezent\u0103m mai jos informa\u021biile necesare pentru a v\u0103 aduce la cuno\u0219tin\u021b\u0103 detaliile legate de plasarea, utilizarea \u0219i administrarea cookie-urilor utilizate de site-ul www.protectie-electromagnetica.ro. Aplicabilitatea acestei Politici Aceast\u0103 Politic\u0103 se [&hellip;]\" \/>\n<meta property=\"og:url\" content=\"https:\/\/protectie-electromagnetica.ro\/cmo\/politica-cookies\/\" \/>\n<meta property=\"og:site_name\" content=\"Protec\u021bie electromagnetic\u0103\" \/>\n<meta property=\"article:publisher\" content=\"https:\/\/www.facebook.com\/bioscem\/\" \/>\n<meta property=\"article:modified_time\" content=\"2021-06-18T17:04:52+00:00\" \/>\n<meta name=\"twitter:card\" content=\"summary_large_image\" \/>\n<meta name=\"twitter:label1\" content=\"Timp estimat pentru citire\" \/>\n\t<meta name=\"twitter:data1\" content=\"6 minute\" \/>\n<script type=\"application\/ld+json\" class=\"yoast-schema-graph\">{\"@context\":\"https:\\\/\\\/schema.org\",\"@graph\":[{\"@type\":\"WebPage\",\"@id\":\"https:\\\/\\\/protectie-electromagnetica.ro\\\/cmo\\\/politica-cookies\\\/\",\"url\":\"https:\\\/\\\/protectie-electromagnetica.ro\\\/cmo\\\/politica-cookies\\\/\",\"name\":\"Politica de cookies - Protec\u021bie electromagnetic\u0103\",\"isPartOf\":{\"@id\":\"https:\\\/\\\/protectie-electromagnetica.ro\\\/cmo\\\/#website\"},\"datePublished\":\"2018-06-19T15:39:25+00:00\",\"dateModified\":\"2021-06-18T17:04:52+00:00\",\"breadcrumb\":{\"@id\":\"https:\\\/\\\/protectie-electromagnetica.ro\\\/cmo\\\/politica-cookies\\\/#breadcrumb\"},\"inLanguage\":\"ro-RO\",\"potentialAction\":[{\"@type\":\"ReadAction\",\"target\":[\"https:\\\/\\\/protectie-electromagnetica.ro\\\/cmo\\\/politica-cookies\\\/\"]}]},{\"@type\":\"BreadcrumbList\",\"@id\":\"https:\\\/\\\/protectie-electromagnetica.ro\\\/cmo\\\/politica-cookies\\\/#breadcrumb\",\"itemListElement\":[{\"@type\":\"ListItem\",\"position\":1,\"name\":\"Prima pagin\u0103\",\"item\":\"https:\\\/\\\/protectie-electromagnetica.ro\\\/cmo\\\/\"},{\"@type\":\"ListItem\",\"position\":2,\"name\":\"Politica de cookies\"}]},{\"@type\":\"WebSite\",\"@id\":\"https:\\\/\\\/protectie-electromagnetica.ro\\\/cmo\\\/#website\",\"url\":\"https:\\\/\\\/protectie-electromagnetica.ro\\\/cmo\\\/\",\"name\":\"Protec\u021bie electromagnetic\u0103\",\"description\":\"Protectie Electromagnetica cu dispozitive bio-compatibile CMO (Oscilator Magnetic de Compensare) cu validare stiintifica\",\"potentialAction\":[{\"@type\":\"SearchAction\",\"target\":{\"@type\":\"EntryPoint\",\"urlTemplate\":\"https:\\\/\\\/protectie-electromagnetica.ro\\\/cmo\\\/?s={search_term_string}\"},\"query-input\":{\"@type\":\"PropertyValueSpecification\",\"valueRequired\":true,\"valueName\":\"search_term_string\"}}],\"inLanguage\":\"ro-RO\"}]}<\/script>\n<!-- \/ Yoast SEO plugin. -->","yoast_head_json":{"title":"Politica de cookies - Protec\u021bie electromagnetic\u0103","robots":{"index":"index","follow":"follow","max-snippet":"max-snippet:-1","max-image-preview":"max-image-preview:large","max-video-preview":"max-video-preview:-1"},"canonical":"https:\/\/protectie-electromagnetica.ro\/cmo\/politica-cookies\/","og_locale":"ro_RO","og_type":"article","og_title":"Politica de cookies - Protec\u021bie electromagnetic\u0103","og_description":"POLITICA DE UTILIZARE COOKIE-URI Site-ul www.protectie-electromagnetica.ro utilizeaz\u0103 cookie-uri pentru a oferi vizitatorilor s\u0103i o experien\u021b\u0103 mai bun\u0103 de navigare \u0219i servicii adaptate intereselor fiec\u0103rui vizitator. V\u0103 prezent\u0103m mai jos informa\u021biile necesare pentru a v\u0103 aduce la cuno\u0219tin\u021b\u0103 detaliile legate de plasarea, utilizarea \u0219i administrarea cookie-urilor utilizate de site-ul www.protectie-electromagnetica.ro. Aplicabilitatea acestei Politici Aceast\u0103 Politic\u0103 se [&hellip;]","og_url":"https:\/\/protectie-electromagnetica.ro\/cmo\/politica-cookies\/","og_site_name":"Protec\u021bie electromagnetic\u0103","article_publisher":"https:\/\/www.facebook.com\/bioscem\/","article_modified_time":"2021-06-18T17:04:52+00:00","twitter_card":"summary_large_image","twitter_misc":{"Timp estimat pentru citire":"6 minute"},"schema":{"@context":"https:\/\/schema.org","@graph":[{"@type":"WebPage","@id":"https:\/\/protectie-electromagnetica.ro\/cmo\/politica-cookies\/","url":"https:\/\/protectie-electromagnetica.ro\/cmo\/politica-cookies\/","name":"Politica de cookies - Protec\u021bie electromagnetic\u0103","isPartOf":{"@id":"https:\/\/protectie-electromagnetica.ro\/cmo\/#website"},"datePublished":"2018-06-19T15:39:25+00:00","dateModified":"2021-06-18T17:04:52+00:00","breadcrumb":{"@id":"https:\/\/protectie-electromagnetica.ro\/cmo\/politica-cookies\/#breadcrumb"},"inLanguage":"ro-RO","potentialAction":[{"@type":"ReadAction","target":["https:\/\/protectie-electromagnetica.ro\/cmo\/politica-cookies\/"]}]},{"@type":"BreadcrumbList","@id":"https:\/\/protectie-electromagnetica.ro\/cmo\/politica-cookies\/#breadcrumb","itemListElement":[{"@type":"ListItem","position":1,"name":"Prima pagin\u0103","item":"https:\/\/protectie-electromagnetica.ro\/cmo\/"},{"@type":"ListItem","position":2,"name":"Politica de cookies"}]},{"@type":"WebSite","@id":"https:\/\/protectie-electromagnetica.ro\/cmo\/#website","url":"https:\/\/protectie-electromagnetica.ro\/cmo\/","name":"Protec\u021bie electromagnetic\u0103","description":"Protectie Electromagnetica cu dispozitive bio-compatibile CMO (Oscilator Magnetic de Compensare) cu validare stiintifica","potentialAction":[{"@type":"SearchAction","target":{"@type":"EntryPoint","urlTemplate":"https:\/\/protectie-electromagnetica.ro\/cmo\/?s={search_term_string}"},"query-input":{"@type":"PropertyValueSpecification","valueRequired":true,"valueName":"search_term_string"}}],"inLanguage":"ro-RO"}]}},"_links":{"self":[{"href":"https:\/\/protectie-electromagnetica.ro\/cmo\/wp-json\/wp\/v2\/pages\/3921","targetHints":{"allow":["GET"]}}],"collection":[{"href":"https:\/\/protectie-electromagnetica.ro\/cmo\/wp-json\/wp\/v2\/pages"}],"about":[{"href":"https:\/\/protectie-electromagnetica.ro\/cmo\/wp-json\/wp\/v2\/types\/page"}],"author":[{"embeddable":true,"href":"https:\/\/protectie-electromagnetica.ro\/cmo\/wp-json\/wp\/v2\/users\/2"}],"replies":[{"embeddable":true,"href":"https:\/\/protectie-electromagnetica.ro\/cmo\/wp-json\/wp\/v2\/comments?post=3921"}],"version-history":[{"count":1,"href":"https:\/\/protectie-electromagnetica.ro\/cmo\/wp-json\/wp\/v2\/pages\/3921\/revisions"}],"predecessor-version":[{"id":5563,"href":"https:\/\/protectie-electromagnetica.ro\/cmo\/wp-json\/wp\/v2\/pages\/3921\/revisions\/5563"}],"wp:attachment":[{"href":"https:\/\/protectie-electromagnetica.ro\/cmo\/wp-json\/wp\/v2\/media?parent=3921"}],"curies":[{"name":"wp","href":"https:\/\/api.w.org\/{rel}","templated":true}]}}