{"id":5440,"date":"2019-11-14T15:51:26","date_gmt":"2019-11-14T13:51:26","guid":{"rendered":"http:\/\/protectie-electromagnetica.ro\/cmo\/?page_id=5440"},"modified":"2019-11-14T20:23:38","modified_gmt":"2019-11-14T18:23:38","slug":"cmo-mp24-easycall","status":"publish","type":"page","link":"https:\/\/protectie-electromagnetica.ro\/cmo\/dispozitive-cmo\/cmo-mp24-easycall\/","title":{"rendered":"CMO EASYCALL"},"content":{"rendered":"<div class=\"wk-scope\">\n<div class=\" \" wk-slider=\"sets: true; autoplay: true ; autoplay-interval: 3000\">\n\n    \n    <div class=\"wk-position-relative wk-visible-toggle wk-margin\">\n\n        <ul class=\"wk-slider-items wk-grid wk-grid-match wk-child-width-1-1 wk-child-width-1-1@s wk-child-width-1-1@m wk-child-width-1-1@l wk-child-width-1-1@xl wk-grid-small\">\n        \n            <li >\n\n                <div class=\"wk-panel wk-text-center\">\n\n                    \n                    \n                    \n                    \n                                                <div class=\"wk-margin wk-text-center\"><img decoding=\"async\" src=\"\/cmo\/wp-content\/uploads\/cmo-easycall.jpg\" class=\" wk-transition-scale wk-transition-opaque\" alt=\"CMO Easycall\"><\/div>\n                        \n                        \n                        \n                        \n                        \n                        \n                        \n                    \n                <\/div>\n\n            <\/li>\n\n        \n            <li >\n\n                <div class=\"wk-panel wk-text-center\">\n\n                    \n                    \n                    \n                    \n                                                <div class=\"wk-margin wk-text-center\"><img decoding=\"async\" src=\"\/cmo\/wp-content\/uploads\/cmo-easycall2.jpg\" class=\" wk-transition-scale wk-transition-opaque\" alt=\"CMO Easycall\"><\/div>\n                        \n                        \n                        \n                        \n                        \n                        \n                        \n                    \n                <\/div>\n\n            <\/li>\n\n                <\/ul>\n\n        \n    <\/div>\n\n    \n    \n    \n<\/div>\n<\/div>\r\n<p><strong>CMO MP24 Easycall<\/strong> compenseaz\u0103 efectele biologice ale radia\u021biilor electromagnetice generate de:<br>\r\n\u2022 telefoane mobile, smartphone, tablete<br>\r\n\u2022 BabyPhone, telefoane f\u0103r\u0103 fir DECT<br>\r\n\u2022 GPS, orice aparat ce emite semnale GSM, EDGE, GPRS, UMTS, 3G, 4G, BlueTooth, Wi-Fi, CDMA.<\/p>\r\n\r\n<p><strong>CMO Easycall<\/strong> este singura protec\u021bie din lume pentru telefonul mobil care are validare biologic\u0103 &#8222;in Vivo&#8221;.<br>\r\n<a href=\"https:\/\/protectie-electromagnetica.ro\/cmo\/cercetatori-cmo\/martin-blank\/\" target=\"_blank\" rel=\"noopener noreferrer\">Cercet\u0103torii<\/a> de la Columbia University <a href=\"https:\/\/protectie-electromagnetica.ro\/cmo\/wp-content\/uploads\/Blank-Goodman-CMO-HSP70-DNA.pdf\" target=\"_blank\" rel=\"noopener noreferrer\">au demonstrat<\/a> c\u0103 Protec\u021bia CMO reduce riscul de cancerogenez\u0103 la nivel celular cu 90%!<\/a><br>\r\nDin 1990 p\u00e2n\u0103 ast\u0103zi nenum\u0103ra\u021bi <a href=\"https:\/\/protectie-electromagnetica.ro\/cmo\/specialisti-recomanda-cmo\/\" target=\"_blank\" rel=\"noopener noreferrer\">speciali\u0219ti<\/a> si <a href=\"https:\/\/protectie-electromagnetica.ro\/cmo\/utilizatori-recomanda-cmo\/\" target=\"_blank\" rel=\"noopener noreferrer\">utilizatori<\/a> au acordat \u00eencredere deplin\u0103 dispozitivelor de protec\u021bie CMO.<\/p>\r\n\r\n<p><strong>Caracteristici<\/strong>:<br>\r\n\u2022 Pastil\u0103 adeziv\u0103 de 2,5 cm diametru x 0,3 cm grosime \u2022 Greutate: 2 g<\/p>\r\n\r\n<p><strong>Mod de utilizare<\/strong>:<br>\r\n\u2022 pastila se lipe\u015fte pe o suprafa\u0163\u0103 plan\u0103 a aparatului; de exemplu, pe spatele telefonului mobil sau a carcasei rigide a smartphone-ului.<\/p>\r\n\r\n<strong><a class=\"uk-button uk-button-large uk-button-primary\" href=\"https:\/\/bioscem.ro\/produs\/easycall\/\" target=\"_blank\" rel=\"noopener noreferrer\">Comand\u0103 CMO EASYCALL<\/a><\/strong>","protected":false},"excerpt":{"rendered":"<p>CMO MP24 Easycall compenseaz\u0103 efectele biologice ale radia\u021biilor electromagnetice generate de: \u2022 telefoane mobile, smartphone, tablete \u2022 BabyPhone, telefoane f\u0103r\u0103 fir DECT \u2022 GPS, orice aparat ce emite semnale GSM, EDGE, GPRS, UMTS, 3G, 4G, BlueTooth, Wi-Fi, CDMA. CMO Easycall este singura protec\u021bie din lume pentru telefonul mobil care are validare biologic\u0103 &#8222;in Vivo&#8221;. Cercet\u0103torii [&hellip;]<\/p>\n","protected":false},"author":1,"featured_media":0,"parent":5492,"menu_order":0,"comment_status":"closed","ping_status":"closed","template":"","meta":{"footnotes":""},"class_list":["post-5440","page","type-page","status-publish","hentry"],"yoast_head":"<!-- This site is optimized with the Yoast SEO plugin v27.4 - https:\/\/yoast.com\/product\/yoast-seo-wordpress\/ -->\n<title>CMO EASYCALL - Protec\u021bie electromagnetic\u0103<\/title>\n<meta name=\"robots\" content=\"index, follow, max-snippet:-1, max-image-preview:large, max-video-preview:-1\" \/>\n<link rel=\"canonical\" href=\"https:\/\/protectie-electromagnetica.ro\/cmo\/dispozitive-cmo\/cmo-mp24-easycall\/\" \/>\n<meta property=\"og:locale\" content=\"ro_RO\" \/>\n<meta property=\"og:type\" content=\"article\" \/>\n<meta property=\"og:title\" content=\"CMO EASYCALL - Protec\u021bie electromagnetic\u0103\" \/>\n<meta property=\"og:description\" content=\"CMO MP24 Easycall compenseaz\u0103 efectele biologice ale radia\u021biilor electromagnetice generate de: \u2022 telefoane mobile, smartphone, tablete \u2022 BabyPhone, telefoane f\u0103r\u0103 fir DECT \u2022 GPS, orice aparat ce emite semnale GSM, EDGE, GPRS, UMTS, 3G, 4G, BlueTooth, Wi-Fi, CDMA. CMO Easycall este singura protec\u021bie din lume pentru telefonul mobil care are validare biologic\u0103 &#8222;in Vivo&#8221;. Cercet\u0103torii [&hellip;]\" \/>\n<meta property=\"og:url\" content=\"https:\/\/protectie-electromagnetica.ro\/cmo\/dispozitive-cmo\/cmo-mp24-easycall\/\" \/>\n<meta property=\"og:site_name\" content=\"Protec\u021bie electromagnetic\u0103\" \/>\n<meta property=\"article:publisher\" content=\"https:\/\/www.facebook.com\/bioscem\/\" \/>\n<meta property=\"article:modified_time\" content=\"2019-11-14T18:23:38+00:00\" \/>\n<meta name=\"twitter:card\" content=\"summary_large_image\" \/>\n<meta name=\"twitter:label1\" content=\"Timp estimat pentru citire\" \/>\n\t<meta name=\"twitter:data1\" content=\"1 minut\" \/>\n<script type=\"application\/ld+json\" class=\"yoast-schema-graph\">{\"@context\":\"https:\\\/\\\/schema.org\",\"@graph\":[{\"@type\":\"WebPage\",\"@id\":\"https:\\\/\\\/protectie-electromagnetica.ro\\\/cmo\\\/dispozitive-cmo\\\/cmo-mp24-easycall\\\/\",\"url\":\"https:\\\/\\\/protectie-electromagnetica.ro\\\/cmo\\\/dispozitive-cmo\\\/cmo-mp24-easycall\\\/\",\"name\":\"CMO EASYCALL - Protec\u021bie electromagnetic\u0103\",\"isPartOf\":{\"@id\":\"https:\\\/\\\/protectie-electromagnetica.ro\\\/cmo\\\/#website\"},\"datePublished\":\"2019-11-14T13:51:26+00:00\",\"dateModified\":\"2019-11-14T18:23:38+00:00\",\"breadcrumb\":{\"@id\":\"https:\\\/\\\/protectie-electromagnetica.ro\\\/cmo\\\/dispozitive-cmo\\\/cmo-mp24-easycall\\\/#breadcrumb\"},\"inLanguage\":\"ro-RO\",\"potentialAction\":[{\"@type\":\"ReadAction\",\"target\":[\"https:\\\/\\\/protectie-electromagnetica.ro\\\/cmo\\\/dispozitive-cmo\\\/cmo-mp24-easycall\\\/\"]}]},{\"@type\":\"BreadcrumbList\",\"@id\":\"https:\\\/\\\/protectie-electromagnetica.ro\\\/cmo\\\/dispozitive-cmo\\\/cmo-mp24-easycall\\\/#breadcrumb\",\"itemListElement\":[{\"@type\":\"ListItem\",\"position\":1,\"name\":\"Prima pagin\u0103\",\"item\":\"https:\\\/\\\/protectie-electromagnetica.ro\\\/cmo\\\/\"},{\"@type\":\"ListItem\",\"position\":2,\"name\":\"Dispozitive CMO\",\"item\":\"https:\\\/\\\/protectie-electromagnetica.ro\\\/cmo\\\/dispozitive-cmo\\\/\"},{\"@type\":\"ListItem\",\"position\":3,\"name\":\"CMO EASYCALL\"}]},{\"@type\":\"WebSite\",\"@id\":\"https:\\\/\\\/protectie-electromagnetica.ro\\\/cmo\\\/#website\",\"url\":\"https:\\\/\\\/protectie-electromagnetica.ro\\\/cmo\\\/\",\"name\":\"Protec\u021bie electromagnetic\u0103\",\"description\":\"Protectie Electromagnetica cu dispozitive bio-compatibile CMO (Oscilator Magnetic de Compensare) cu validare stiintifica\",\"potentialAction\":[{\"@type\":\"SearchAction\",\"target\":{\"@type\":\"EntryPoint\",\"urlTemplate\":\"https:\\\/\\\/protectie-electromagnetica.ro\\\/cmo\\\/?s={search_term_string}\"},\"query-input\":{\"@type\":\"PropertyValueSpecification\",\"valueRequired\":true,\"valueName\":\"search_term_string\"}}],\"inLanguage\":\"ro-RO\"}]}<\/script>\n<!-- \/ Yoast SEO plugin. -->","yoast_head_json":{"title":"CMO EASYCALL - Protec\u021bie electromagnetic\u0103","robots":{"index":"index","follow":"follow","max-snippet":"max-snippet:-1","max-image-preview":"max-image-preview:large","max-video-preview":"max-video-preview:-1"},"canonical":"https:\/\/protectie-electromagnetica.ro\/cmo\/dispozitive-cmo\/cmo-mp24-easycall\/","og_locale":"ro_RO","og_type":"article","og_title":"CMO EASYCALL - Protec\u021bie electromagnetic\u0103","og_description":"CMO MP24 Easycall compenseaz\u0103 efectele biologice ale radia\u021biilor electromagnetice generate de: \u2022 telefoane mobile, smartphone, tablete \u2022 BabyPhone, telefoane f\u0103r\u0103 fir DECT \u2022 GPS, orice aparat ce emite semnale GSM, EDGE, GPRS, UMTS, 3G, 4G, BlueTooth, Wi-Fi, CDMA. CMO Easycall este singura protec\u021bie din lume pentru telefonul mobil care are validare biologic\u0103 &#8222;in Vivo&#8221;. Cercet\u0103torii [&hellip;]","og_url":"https:\/\/protectie-electromagnetica.ro\/cmo\/dispozitive-cmo\/cmo-mp24-easycall\/","og_site_name":"Protec\u021bie electromagnetic\u0103","article_publisher":"https:\/\/www.facebook.com\/bioscem\/","article_modified_time":"2019-11-14T18:23:38+00:00","twitter_card":"summary_large_image","twitter_misc":{"Timp estimat pentru citire":"1 minut"},"schema":{"@context":"https:\/\/schema.org","@graph":[{"@type":"WebPage","@id":"https:\/\/protectie-electromagnetica.ro\/cmo\/dispozitive-cmo\/cmo-mp24-easycall\/","url":"https:\/\/protectie-electromagnetica.ro\/cmo\/dispozitive-cmo\/cmo-mp24-easycall\/","name":"CMO EASYCALL - Protec\u021bie electromagnetic\u0103","isPartOf":{"@id":"https:\/\/protectie-electromagnetica.ro\/cmo\/#website"},"datePublished":"2019-11-14T13:51:26+00:00","dateModified":"2019-11-14T18:23:38+00:00","breadcrumb":{"@id":"https:\/\/protectie-electromagnetica.ro\/cmo\/dispozitive-cmo\/cmo-mp24-easycall\/#breadcrumb"},"inLanguage":"ro-RO","potentialAction":[{"@type":"ReadAction","target":["https:\/\/protectie-electromagnetica.ro\/cmo\/dispozitive-cmo\/cmo-mp24-easycall\/"]}]},{"@type":"BreadcrumbList","@id":"https:\/\/protectie-electromagnetica.ro\/cmo\/dispozitive-cmo\/cmo-mp24-easycall\/#breadcrumb","itemListElement":[{"@type":"ListItem","position":1,"name":"Prima pagin\u0103","item":"https:\/\/protectie-electromagnetica.ro\/cmo\/"},{"@type":"ListItem","position":2,"name":"Dispozitive CMO","item":"https:\/\/protectie-electromagnetica.ro\/cmo\/dispozitive-cmo\/"},{"@type":"ListItem","position":3,"name":"CMO EASYCALL"}]},{"@type":"WebSite","@id":"https:\/\/protectie-electromagnetica.ro\/cmo\/#website","url":"https:\/\/protectie-electromagnetica.ro\/cmo\/","name":"Protec\u021bie electromagnetic\u0103","description":"Protectie Electromagnetica cu dispozitive bio-compatibile CMO (Oscilator Magnetic de Compensare) cu validare stiintifica","potentialAction":[{"@type":"SearchAction","target":{"@type":"EntryPoint","urlTemplate":"https:\/\/protectie-electromagnetica.ro\/cmo\/?s={search_term_string}"},"query-input":{"@type":"PropertyValueSpecification","valueRequired":true,"valueName":"search_term_string"}}],"inLanguage":"ro-RO"}]}},"_links":{"self":[{"href":"https:\/\/protectie-electromagnetica.ro\/cmo\/wp-json\/wp\/v2\/pages\/5440","targetHints":{"allow":["GET"]}}],"collection":[{"href":"https:\/\/protectie-electromagnetica.ro\/cmo\/wp-json\/wp\/v2\/pages"}],"about":[{"href":"https:\/\/protectie-electromagnetica.ro\/cmo\/wp-json\/wp\/v2\/types\/page"}],"author":[{"embeddable":true,"href":"https:\/\/protectie-electromagnetica.ro\/cmo\/wp-json\/wp\/v2\/users\/1"}],"replies":[{"embeddable":true,"href":"https:\/\/protectie-electromagnetica.ro\/cmo\/wp-json\/wp\/v2\/comments?post=5440"}],"version-history":[{"count":31,"href":"https:\/\/protectie-electromagnetica.ro\/cmo\/wp-json\/wp\/v2\/pages\/5440\/revisions"}],"predecessor-version":[{"id":5442,"href":"https:\/\/protectie-electromagnetica.ro\/cmo\/wp-json\/wp\/v2\/pages\/5440\/revisions\/5442"}],"up":[{"embeddable":true,"href":"https:\/\/protectie-electromagnetica.ro\/cmo\/wp-json\/wp\/v2\/pages\/5492"}],"wp:attachment":[{"href":"https:\/\/protectie-electromagnetica.ro\/cmo\/wp-json\/wp\/v2\/media?parent=5440"}],"curies":[{"name":"wp","href":"https:\/\/api.w.org\/{rel}","templated":true}]}}