{"id":5497,"date":"2019-11-14T20:21:27","date_gmt":"2019-11-14T18:21:27","guid":{"rendered":"http:\/\/protectie-electromagnetica.ro\/cmo\/?page_id=5497"},"modified":"2024-09-25T08:54:19","modified_gmt":"2024-09-25T05:54:19","slug":"cmo-traveller","status":"publish","type":"page","link":"https:\/\/protectie-electromagnetica.ro\/cmo\/dispozitive-cmo\/cmo-traveller\/","title":{"rendered":"CMO TRAVELLER"},"content":{"rendered":"<div class=\"wk-scope\">\n<div class=\" \" wk-slider=\"sets: true; autoplay: true ; autoplay-interval: 3000\">\n\n    \n    <div class=\"wk-position-relative wk-visible-toggle wk-margin\">\n\n        <ul class=\"wk-slider-items wk-grid wk-grid-match wk-child-width-1-1 wk-child-width-1-1@s wk-child-width-1-1@m wk-child-width-1-1@l wk-child-width-1-1@xl wk-grid-small\">\n        \n            <li >\n\n                <div class=\"wk-panel wk-text-center\">\n\n                    \n                    \n                    \n                    \n                                                <div class=\"wk-margin wk-text-center\"><img decoding=\"async\" src=\"\/cmo\/wp-content\/uploads\/cmo-traveller.jpg\" class=\" wk-transition-scale wk-transition-opaque\" alt=\"CMO Easycall\"><\/div>\n                        \n                        \n                        \n                        \n                        \n                        \n                        \n                    \n                <\/div>\n\n            <\/li>\n\n        \n            <li >\n\n                <div class=\"wk-panel wk-text-center\">\n\n                    \n                    \n                    \n                    \n                                                <div class=\"wk-margin wk-text-center\"><img decoding=\"async\" src=\"\/cmo\/wp-content\/uploads\/cmo-traveller2.jpg\" class=\" wk-transition-scale wk-transition-opaque\" alt=\"CMO Easycall\"><\/div>\n                        \n                        \n                        \n                        \n                        \n                        \n                        \n                    \n                <\/div>\n\n            <\/li>\n\n                <\/ul>\n\n        \n    <\/div>\n\n    \n    \n    \n<\/div>\n<\/div>\r\n<p><strong>CMO TRAVELLER TR26<\/strong> este versiunea portabil\u0103 a <a href=\"..\/cmo-harmony\/\" target=\"_blank\" rel=\"noopener noreferrer\">CMO HARMONY<\/a>. Asigur\u0103 o protec\u021bie personal\u0103 \u015fi portabil\u0103.<\/p>\r\n\r\n<p>Eficacitatea sa a fost <a href=\"http:\/\/protectie-electromagnetica.ro\/melatonina-antioxidant-hormoni\/\">testata<\/a> de unul din cei mai mari speciali\u0219ti \u00een imunologie: <a href=\"http:\/\/protectie-electromagnetica.ro\/cercetatori-cmo\/madeleine-bastide\/\">Dr. Madeleine Bastide.<\/a><\/p>\r\n\r\n<p><strong>Compenseaz\u0103<\/strong> efectele biologice ale radia\u021biilor electromagnetice generate de:<br>\r\n\u2022 semnale wireless de tip Wi-Fi, WiMAX, WLAN, Bluetooth<br>\r\n\u2022 telefoane f\u0103r\u0103 fir DECT, radiocomunica\u021bii profesionale Tetra<br>\r\n\u2022 cuptoare cu microunde<br>\r\n\u2022 semnale de telefonie mobil\u0103, comunica\u021bii prin satelit<br>\r\n\u2022 linii electrice de joas\u0103, medie \u015fi \u00eenalt\u0103 tensiune, transformatoare electrice, contoare electrice inteligente<br>\r\n\u2022 perturb\u0103ri geomagnetice<br>\r\n\u2022 mijloace de transport: ma\u015fina, tren, metrou, avion etc.<\/p>\r\n\r\n<p><strong>Caracteristici<\/strong>:<br>\r\n\u2022 Disc de 4,5 cm diametru x 9 mm grosime \u2022 Greutate: 34 g<br>\r\n\u2022 Sfer\u0103 de protec\u0163ie cu diametru de 3 m.<\/p>\r\n\r\n<p><strong>Mod de utilizare<\/strong>:<br>\r\n\u2022 discul se poart\u0103 \u00een buzunar, geant\u0103; se poate agata la trusa de chei sau la curea.<br>\r\n\u2022 poate fi plasat \u015fi pe un birou sau la capul patului, astfel \u00eenc\u00e2t s\u0103 fim permanent \u00een raza sa de ac\u0163iune de 1.5 m.<\/p>\r\n\r\n<strong><a class=\"uk-button uk-button-large uk-button-primary\" href=\"https:\/\/bioscem.ro\/produs\/traveller\/\" target=\"_blank\" rel=\"noopener noreferrer\">Comand\u0103 CMO TRAVELLER<\/a><\/strong>\r\n","protected":false},"excerpt":{"rendered":"<p>CMO TRAVELLER TR26 este versiunea portabil\u0103 a CMO HARMONY. Asigur\u0103 o protec\u021bie personal\u0103 \u015fi portabil\u0103. Eficacitatea sa a fost testata de unul din cei mai mari speciali\u0219ti \u00een imunologie: Dr. Madeleine Bastide. Compenseaz\u0103 efectele biologice ale radia\u021biilor electromagnetice generate de: \u2022 semnale wireless de tip Wi-Fi, WiMAX, WLAN, Bluetooth \u2022 telefoane f\u0103r\u0103 fir DECT, radiocomunica\u021bii [&hellip;]<\/p>\n","protected":false},"author":1,"featured_media":0,"parent":5492,"menu_order":0,"comment_status":"closed","ping_status":"closed","template":"","meta":{"footnotes":""},"class_list":["post-5497","page","type-page","status-publish","hentry"],"yoast_head":"<!-- This site is optimized with the Yoast SEO plugin v27.4 - https:\/\/yoast.com\/product\/yoast-seo-wordpress\/ -->\n<title>CMO TRAVELLER - Protec\u021bie electromagnetic\u0103<\/title>\n<meta name=\"robots\" content=\"index, follow, max-snippet:-1, max-image-preview:large, max-video-preview:-1\" \/>\n<link rel=\"canonical\" href=\"https:\/\/protectie-electromagnetica.ro\/cmo\/dispozitive-cmo\/cmo-traveller\/\" \/>\n<meta property=\"og:locale\" content=\"ro_RO\" \/>\n<meta property=\"og:type\" content=\"article\" \/>\n<meta property=\"og:title\" content=\"CMO TRAVELLER - Protec\u021bie electromagnetic\u0103\" \/>\n<meta property=\"og:description\" content=\"CMO TRAVELLER TR26 este versiunea portabil\u0103 a CMO HARMONY. Asigur\u0103 o protec\u021bie personal\u0103 \u015fi portabil\u0103. Eficacitatea sa a fost testata de unul din cei mai mari speciali\u0219ti \u00een imunologie: Dr. Madeleine Bastide. Compenseaz\u0103 efectele biologice ale radia\u021biilor electromagnetice generate de: \u2022 semnale wireless de tip Wi-Fi, WiMAX, WLAN, Bluetooth \u2022 telefoane f\u0103r\u0103 fir DECT, radiocomunica\u021bii [&hellip;]\" \/>\n<meta property=\"og:url\" content=\"https:\/\/protectie-electromagnetica.ro\/cmo\/dispozitive-cmo\/cmo-traveller\/\" \/>\n<meta property=\"og:site_name\" content=\"Protec\u021bie electromagnetic\u0103\" \/>\n<meta property=\"article:publisher\" content=\"https:\/\/www.facebook.com\/bioscem\/\" \/>\n<meta property=\"article:modified_time\" content=\"2024-09-25T05:54:19+00:00\" \/>\n<meta name=\"twitter:card\" content=\"summary_large_image\" \/>\n<meta name=\"twitter:label1\" content=\"Timp estimat pentru citire\" \/>\n\t<meta name=\"twitter:data1\" content=\"1 minut\" \/>\n<script type=\"application\/ld+json\" class=\"yoast-schema-graph\">{\"@context\":\"https:\\\/\\\/schema.org\",\"@graph\":[{\"@type\":\"WebPage\",\"@id\":\"https:\\\/\\\/protectie-electromagnetica.ro\\\/cmo\\\/dispozitive-cmo\\\/cmo-traveller\\\/\",\"url\":\"https:\\\/\\\/protectie-electromagnetica.ro\\\/cmo\\\/dispozitive-cmo\\\/cmo-traveller\\\/\",\"name\":\"CMO TRAVELLER - Protec\u021bie electromagnetic\u0103\",\"isPartOf\":{\"@id\":\"https:\\\/\\\/protectie-electromagnetica.ro\\\/cmo\\\/#website\"},\"datePublished\":\"2019-11-14T18:21:27+00:00\",\"dateModified\":\"2024-09-25T05:54:19+00:00\",\"breadcrumb\":{\"@id\":\"https:\\\/\\\/protectie-electromagnetica.ro\\\/cmo\\\/dispozitive-cmo\\\/cmo-traveller\\\/#breadcrumb\"},\"inLanguage\":\"ro-RO\",\"potentialAction\":[{\"@type\":\"ReadAction\",\"target\":[\"https:\\\/\\\/protectie-electromagnetica.ro\\\/cmo\\\/dispozitive-cmo\\\/cmo-traveller\\\/\"]}]},{\"@type\":\"BreadcrumbList\",\"@id\":\"https:\\\/\\\/protectie-electromagnetica.ro\\\/cmo\\\/dispozitive-cmo\\\/cmo-traveller\\\/#breadcrumb\",\"itemListElement\":[{\"@type\":\"ListItem\",\"position\":1,\"name\":\"Prima pagin\u0103\",\"item\":\"https:\\\/\\\/protectie-electromagnetica.ro\\\/cmo\\\/\"},{\"@type\":\"ListItem\",\"position\":2,\"name\":\"Dispozitive CMO\",\"item\":\"https:\\\/\\\/protectie-electromagnetica.ro\\\/cmo\\\/dispozitive-cmo\\\/\"},{\"@type\":\"ListItem\",\"position\":3,\"name\":\"CMO TRAVELLER\"}]},{\"@type\":\"WebSite\",\"@id\":\"https:\\\/\\\/protectie-electromagnetica.ro\\\/cmo\\\/#website\",\"url\":\"https:\\\/\\\/protectie-electromagnetica.ro\\\/cmo\\\/\",\"name\":\"Protec\u021bie electromagnetic\u0103\",\"description\":\"Protectie Electromagnetica cu dispozitive bio-compatibile CMO (Oscilator Magnetic de Compensare) cu validare stiintifica\",\"potentialAction\":[{\"@type\":\"SearchAction\",\"target\":{\"@type\":\"EntryPoint\",\"urlTemplate\":\"https:\\\/\\\/protectie-electromagnetica.ro\\\/cmo\\\/?s={search_term_string}\"},\"query-input\":{\"@type\":\"PropertyValueSpecification\",\"valueRequired\":true,\"valueName\":\"search_term_string\"}}],\"inLanguage\":\"ro-RO\"}]}<\/script>\n<!-- \/ Yoast SEO plugin. -->","yoast_head_json":{"title":"CMO TRAVELLER - Protec\u021bie electromagnetic\u0103","robots":{"index":"index","follow":"follow","max-snippet":"max-snippet:-1","max-image-preview":"max-image-preview:large","max-video-preview":"max-video-preview:-1"},"canonical":"https:\/\/protectie-electromagnetica.ro\/cmo\/dispozitive-cmo\/cmo-traveller\/","og_locale":"ro_RO","og_type":"article","og_title":"CMO TRAVELLER - Protec\u021bie electromagnetic\u0103","og_description":"CMO TRAVELLER TR26 este versiunea portabil\u0103 a CMO HARMONY. Asigur\u0103 o protec\u021bie personal\u0103 \u015fi portabil\u0103. Eficacitatea sa a fost testata de unul din cei mai mari speciali\u0219ti \u00een imunologie: Dr. Madeleine Bastide. Compenseaz\u0103 efectele biologice ale radia\u021biilor electromagnetice generate de: \u2022 semnale wireless de tip Wi-Fi, WiMAX, WLAN, Bluetooth \u2022 telefoane f\u0103r\u0103 fir DECT, radiocomunica\u021bii [&hellip;]","og_url":"https:\/\/protectie-electromagnetica.ro\/cmo\/dispozitive-cmo\/cmo-traveller\/","og_site_name":"Protec\u021bie electromagnetic\u0103","article_publisher":"https:\/\/www.facebook.com\/bioscem\/","article_modified_time":"2024-09-25T05:54:19+00:00","twitter_card":"summary_large_image","twitter_misc":{"Timp estimat pentru citire":"1 minut"},"schema":{"@context":"https:\/\/schema.org","@graph":[{"@type":"WebPage","@id":"https:\/\/protectie-electromagnetica.ro\/cmo\/dispozitive-cmo\/cmo-traveller\/","url":"https:\/\/protectie-electromagnetica.ro\/cmo\/dispozitive-cmo\/cmo-traveller\/","name":"CMO TRAVELLER - Protec\u021bie electromagnetic\u0103","isPartOf":{"@id":"https:\/\/protectie-electromagnetica.ro\/cmo\/#website"},"datePublished":"2019-11-14T18:21:27+00:00","dateModified":"2024-09-25T05:54:19+00:00","breadcrumb":{"@id":"https:\/\/protectie-electromagnetica.ro\/cmo\/dispozitive-cmo\/cmo-traveller\/#breadcrumb"},"inLanguage":"ro-RO","potentialAction":[{"@type":"ReadAction","target":["https:\/\/protectie-electromagnetica.ro\/cmo\/dispozitive-cmo\/cmo-traveller\/"]}]},{"@type":"BreadcrumbList","@id":"https:\/\/protectie-electromagnetica.ro\/cmo\/dispozitive-cmo\/cmo-traveller\/#breadcrumb","itemListElement":[{"@type":"ListItem","position":1,"name":"Prima pagin\u0103","item":"https:\/\/protectie-electromagnetica.ro\/cmo\/"},{"@type":"ListItem","position":2,"name":"Dispozitive CMO","item":"https:\/\/protectie-electromagnetica.ro\/cmo\/dispozitive-cmo\/"},{"@type":"ListItem","position":3,"name":"CMO TRAVELLER"}]},{"@type":"WebSite","@id":"https:\/\/protectie-electromagnetica.ro\/cmo\/#website","url":"https:\/\/protectie-electromagnetica.ro\/cmo\/","name":"Protec\u021bie electromagnetic\u0103","description":"Protectie Electromagnetica cu dispozitive bio-compatibile CMO (Oscilator Magnetic de Compensare) cu validare stiintifica","potentialAction":[{"@type":"SearchAction","target":{"@type":"EntryPoint","urlTemplate":"https:\/\/protectie-electromagnetica.ro\/cmo\/?s={search_term_string}"},"query-input":{"@type":"PropertyValueSpecification","valueRequired":true,"valueName":"search_term_string"}}],"inLanguage":"ro-RO"}]}},"_links":{"self":[{"href":"https:\/\/protectie-electromagnetica.ro\/cmo\/wp-json\/wp\/v2\/pages\/5497","targetHints":{"allow":["GET"]}}],"collection":[{"href":"https:\/\/protectie-electromagnetica.ro\/cmo\/wp-json\/wp\/v2\/pages"}],"about":[{"href":"https:\/\/protectie-electromagnetica.ro\/cmo\/wp-json\/wp\/v2\/types\/page"}],"author":[{"embeddable":true,"href":"https:\/\/protectie-electromagnetica.ro\/cmo\/wp-json\/wp\/v2\/users\/1"}],"replies":[{"embeddable":true,"href":"https:\/\/protectie-electromagnetica.ro\/cmo\/wp-json\/wp\/v2\/comments?post=5497"}],"version-history":[{"count":12,"href":"https:\/\/protectie-electromagnetica.ro\/cmo\/wp-json\/wp\/v2\/pages\/5497\/revisions"}],"predecessor-version":[{"id":5592,"href":"https:\/\/protectie-electromagnetica.ro\/cmo\/wp-json\/wp\/v2\/pages\/5497\/revisions\/5592"}],"up":[{"embeddable":true,"href":"https:\/\/protectie-electromagnetica.ro\/cmo\/wp-json\/wp\/v2\/pages\/5492"}],"wp:attachment":[{"href":"https:\/\/protectie-electromagnetica.ro\/cmo\/wp-json\/wp\/v2\/media?parent=5497"}],"curies":[{"name":"wp","href":"https:\/\/api.w.org\/{rel}","templated":true}]}}