{"id":5510,"date":"2019-11-14T20:46:26","date_gmt":"2019-11-14T18:46:26","guid":{"rendered":"http:\/\/protectie-electromagnetica.ro\/cmo\/?page_id=5510"},"modified":"2019-11-14T20:46:26","modified_gmt":"2019-11-14T18:46:26","slug":"protectie-electromagnetica-cu-dispozitive-cmo","status":"publish","type":"page","link":"https:\/\/protectie-electromagnetica.ro\/cmo\/","title":{"rendered":"Protec\u0163ie electromagnetic\u0103 cu dispozitive CMO"},"content":{"rendered":"<div class=\"wk-scope\">\n\n    <div id=\"wk-grid075\" class=\"wk-child-width-1-1 wk-child-width-1-2@s wk-child-width-1-2@m wk-child-width-1-3@l wk-child-width-1-3@xl wk-grid-small wk-grid-match wk-text-center \" wk-height-match=\"target: &gt; div &gt; .wk-panel, &gt; div &gt; .wk-card; row: true\" wk-grid  wk-scrollspy=\"cls: wk-animation-fade; target: &gt; div &gt; .wk-panel, &gt; div &gt; .wk-card; delay: 200\">\n\n    \n        <div >\n            <div class=\"wk-card wk-card-hover\">\n\n                                <a class=\"wk-position-cover wk-position-z-index\" href=\"https:\/\/protectie-electromagnetica.ro\/cmo\/dispozitive-cmo\/cmo-mp24-easycall\/\" title=\"CMO EASYCALL\"><\/a>\n                \n                \n                \n                \n                                        <div class=\"wk-card-body\">\n                    \n                        \n                                                <h3 class=\"wk-h2 wk-margin-remove-top\">\n\n                                                            <a class=\"wk-link-reset\" href=\"https:\/\/protectie-electromagnetica.ro\/cmo\/dispozitive-cmo\/cmo-mp24-easycall\/\">CMO EASYCALL<\/a>\n                            \n                            \n                        <\/h3>\n                        \n                        \n                                                <div class=\"wk-margin wk-text-center\"><img decoding=\"async\" src=\"\/cmo\/wp-content\/uploads\/cmo-easycall.jpg\" alt=\"CMO EASYCALL\"><\/div>\n                        \n                                                <div class=\"wk-margin\"><span style=\"margin:none;\">CMO pentru telefon mobil, smartphone, tablet\u0103<\/span><\/div>\n                        \n                        \n                                                <p><a class=\"wk-button wk-button-default\" href=\"https:\/\/protectie-electromagnetica.ro\/cmo\/dispozitive-cmo\/cmo-mp24-easycall\/\">Vezi mai mult...<\/a><\/p>\n                        \n                                        <\/div>\n                    \n                \n            <\/div>\n        <\/div>\n\n    \n        <div >\n            <div class=\"wk-card wk-card-hover\">\n\n                                <a class=\"wk-position-cover wk-position-z-index\" href=\"https:\/\/protectie-electromagnetica.ro\/cmo\/dispozitive-cmo\/cmo-pczone\/\" title=\"CMO PCZONE\"><\/a>\n                \n                \n                \n                \n                                        <div class=\"wk-card-body\">\n                    \n                        \n                                                <h3 class=\"wk-h2 wk-margin-remove-top\">\n\n                                                            <a class=\"wk-link-reset\" href=\"https:\/\/protectie-electromagnetica.ro\/cmo\/dispozitive-cmo\/cmo-pczone\/\">CMO PCZONE<\/a>\n                            \n                            \n                        <\/h3>\n                        \n                        \n                                                <div class=\"wk-margin wk-text-center\"><img decoding=\"async\" src=\"\/cmo\/wp-content\/uploads\/cmo-pczone.jpg\" alt=\"CMO PCZONE\"><\/div>\n                        \n                                                <div class=\"wk-margin\"><span style=\"margin:none;\">CMO pentru computer, laptop, orice tip de ecran<\/span><\/div>\n                        \n                        \n                                                <p><a class=\"wk-button wk-button-default\" href=\"https:\/\/protectie-electromagnetica.ro\/cmo\/dispozitive-cmo\/cmo-pczone\/\">Vezi mai mult...<\/a><\/p>\n                        \n                                        <\/div>\n                    \n                \n            <\/div>\n        <\/div>\n\n    \n        <div >\n            <div class=\"wk-card wk-card-hover\">\n\n                                <a class=\"wk-position-cover wk-position-z-index\" href=\"https:\/\/protectie-electromagnetica.ro\/cmo\/dispozitive-cmo\/cmo-traveller\/\" title=\"CMO TRAVELLER\"><\/a>\n                \n                \n                \n                \n                                        <div class=\"wk-card-body\">\n                    \n                        \n                                                <h3 class=\"wk-h2 wk-margin-remove-top\">\n\n                                                            <a class=\"wk-link-reset\" href=\"https:\/\/protectie-electromagnetica.ro\/cmo\/dispozitive-cmo\/cmo-traveller\/\">CMO TRAVELLER<\/a>\n                            \n                            \n                        <\/h3>\n                        \n                        \n                                                <div class=\"wk-margin wk-text-center\"><img decoding=\"async\" src=\"\/cmo\/wp-content\/uploads\/cmo-traveller.jpg\" alt=\"CMO TRAVELLER\"><\/div>\n                        \n                                                <div class=\"wk-margin\"><span style=\"margin:none;\">CMO portabil pentru protec\u021bie \u00een c\u0103l\u0103torii sau deplas\u0103ri<\/span><\/div>\n                        \n                        \n                                                <p><a class=\"wk-button wk-button-default\" href=\"https:\/\/protectie-electromagnetica.ro\/cmo\/dispozitive-cmo\/cmo-traveller\/\">Vezi mai mult...<\/a><\/p>\n                        \n                                        <\/div>\n                    \n                \n            <\/div>\n        <\/div>\n\n    \n        <div >\n            <div class=\"wk-card wk-card-hover\">\n\n                                <a class=\"wk-position-cover wk-position-z-index\" href=\"https:\/\/protectie-electromagnetica.ro\/cmo\/dispozitive-cmo\/cmo-safekid\/\" title=\"CMO SAFEKID\"><\/a>\n                \n                \n                \n                \n                                        <div class=\"wk-card-body\">\n                    \n                        \n                                                <h3 class=\"wk-h2 wk-margin-remove-top\">\n\n                                                            <a class=\"wk-link-reset\" href=\"https:\/\/protectie-electromagnetica.ro\/cmo\/dispozitive-cmo\/cmo-safekid\/\">CMO SAFEKID<\/a>\n                            \n                            \n                        <\/h3>\n                        \n                        \n                                                <div class=\"wk-margin wk-text-center\"><img decoding=\"async\" src=\"\/cmo\/wp-content\/uploads\/cmo-safekid-1.jpg\" alt=\"CMO SAFEKID\"><\/div>\n                        \n                                                <div class=\"wk-margin\"><span style=\"margin:none;\">CMO portabil pentru copii<\/span><\/div>\n                        \n                        \n                                                <p><a class=\"wk-button wk-button-default\" href=\"https:\/\/protectie-electromagnetica.ro\/cmo\/dispozitive-cmo\/cmo-safekid\/\">Vezi mai mult...<\/a><\/p>\n                        \n                                        <\/div>\n                    \n                \n            <\/div>\n        <\/div>\n\n    \n        <div >\n            <div class=\"wk-card wk-card-hover\">\n\n                                <a class=\"wk-position-cover wk-position-z-index\" href=\"https:\/\/protectie-electromagnetica.ro\/cmo\/dispozitive-cmo\/cmo-harmony\/\" title=\"CMO HARMONY\"><\/a>\n                \n                \n                \n                \n                                        <div class=\"wk-card-body\">\n                    \n                        \n                                                <h3 class=\"wk-h2 wk-margin-remove-top\">\n\n                                                            <a class=\"wk-link-reset\" href=\"https:\/\/protectie-electromagnetica.ro\/cmo\/dispozitive-cmo\/cmo-harmony\/\">CMO HARMONY<\/a>\n                            \n                            \n                        <\/h3>\n                        \n                        \n                                                <div class=\"wk-margin wk-text-center\"><img decoding=\"async\" src=\"\/cmo\/wp-content\/uploads\/cmo-harmony.jpg\" alt=\"CMO HARMONY\"><\/div>\n                        \n                                                <div class=\"wk-margin\"><span style=\"margin:none;\">CMO pentru protec\u021bia casei\/biroului<\/span><\/div>\n                        \n                        \n                                                <p><a class=\"wk-button wk-button-default\" href=\"https:\/\/protectie-electromagnetica.ro\/cmo\/dispozitive-cmo\/cmo-harmony\/\">Vezi mai mult...<\/a><\/p>\n                        \n                                        <\/div>\n                    \n                \n            <\/div>\n        <\/div>\n\n    \n        <div >\n            <div class=\"wk-card wk-card-hover\">\n\n                                <a class=\"wk-position-cover wk-position-z-index\" href=\"https:\/\/protectie-electromagnetica.ro\/cmo\/dispozitive-cmo\/cmo-harmony-xl\/\" title=\"CMO HARMONY XL\"><\/a>\n                \n                \n                \n                \n                                        <div class=\"wk-card-body\">\n                    \n                        \n                                                <h3 class=\"wk-h2 wk-margin-remove-top\">\n\n                                                            <a class=\"wk-link-reset\" href=\"https:\/\/protectie-electromagnetica.ro\/cmo\/dispozitive-cmo\/cmo-harmony-xl\/\">CMO HARMONY XL<\/a>\n                            \n                            \n                        <\/h3>\n                        \n                        \n                                                <div class=\"wk-margin wk-text-center\"><img decoding=\"async\" src=\"\/cmo\/wp-content\/uploads\/cmo-harmony-xl.jpg\" alt=\"CMO HARMONY XL\"><\/div>\n                        \n                                                <div class=\"wk-margin\"><span style=\"margin:none;\">CMO XL pentru protec\u021bia casei\/biroului<\/span><\/div>\n                        \n                        \n                                                <p><a class=\"wk-button wk-button-default\" href=\"https:\/\/protectie-electromagnetica.ro\/cmo\/dispozitive-cmo\/cmo-harmony-xl\/\">Vezi mai mult...<\/a><\/p>\n                        \n                                        <\/div>\n                    \n                \n            <\/div>\n        <\/div>\n\n    \n    <\/div>\n\n<\/div>","protected":false},"excerpt":{"rendered":"","protected":false},"author":1,"featured_media":0,"parent":0,"menu_order":0,"comment_status":"closed","ping_status":"closed","template":"","meta":{"footnotes":""},"class_list":["post-5510","page","type-page","status-publish","hentry"],"yoast_head":"<!-- This site is optimized with the Yoast SEO plugin v27.4 - https:\/\/yoast.com\/product\/yoast-seo-wordpress\/ -->\n<title>Protec\u0163ie electromagnetic\u0103 cu dispozitive CMO - Protec\u021bie electromagnetic\u0103<\/title>\n<meta name=\"robots\" content=\"index, follow, max-snippet:-1, max-image-preview:large, max-video-preview:-1\" \/>\n<link rel=\"canonical\" href=\"https:\/\/protectie-electromagnetica.ro\/cmo\/\" \/>\n<meta property=\"og:locale\" content=\"ro_RO\" \/>\n<meta property=\"og:type\" content=\"article\" \/>\n<meta property=\"og:title\" content=\"Protec\u0163ie electromagnetic\u0103 cu dispozitive CMO - Protec\u021bie electromagnetic\u0103\" \/>\n<meta property=\"og:url\" content=\"https:\/\/protectie-electromagnetica.ro\/cmo\/\" \/>\n<meta property=\"og:site_name\" content=\"Protec\u021bie electromagnetic\u0103\" \/>\n<meta property=\"article:publisher\" content=\"https:\/\/www.facebook.com\/bioscem\/\" \/>\n<meta name=\"twitter:card\" content=\"summary_large_image\" \/>\n<script type=\"application\/ld+json\" class=\"yoast-schema-graph\">{\"@context\":\"https:\\\/\\\/schema.org\",\"@graph\":[{\"@type\":\"WebPage\",\"@id\":\"https:\\\/\\\/protectie-electromagnetica.ro\\\/cmo\\\/\",\"url\":\"https:\\\/\\\/protectie-electromagnetica.ro\\\/cmo\\\/\",\"name\":\"Protec\u0163ie electromagnetic\u0103 cu dispozitive CMO - Protec\u021bie electromagnetic\u0103\",\"isPartOf\":{\"@id\":\"https:\\\/\\\/protectie-electromagnetica.ro\\\/cmo\\\/#website\"},\"datePublished\":\"2019-11-14T18:46:26+00:00\",\"breadcrumb\":{\"@id\":\"https:\\\/\\\/protectie-electromagnetica.ro\\\/cmo\\\/#breadcrumb\"},\"inLanguage\":\"ro-RO\",\"potentialAction\":[{\"@type\":\"ReadAction\",\"target\":[\"https:\\\/\\\/protectie-electromagnetica.ro\\\/cmo\\\/\"]}]},{\"@type\":\"BreadcrumbList\",\"@id\":\"https:\\\/\\\/protectie-electromagnetica.ro\\\/cmo\\\/#breadcrumb\",\"itemListElement\":[{\"@type\":\"ListItem\",\"position\":1,\"name\":\"Prima pagin\u0103\",\"item\":\"https:\\\/\\\/protectie-electromagnetica.ro\\\/cmo\\\/\"},{\"@type\":\"ListItem\",\"position\":2,\"name\":\"Protec\u0163ie electromagnetic\u0103 cu dispozitive CMO\"}]},{\"@type\":\"WebSite\",\"@id\":\"https:\\\/\\\/protectie-electromagnetica.ro\\\/cmo\\\/#website\",\"url\":\"https:\\\/\\\/protectie-electromagnetica.ro\\\/cmo\\\/\",\"name\":\"Protec\u021bie electromagnetic\u0103\",\"description\":\"Protectie Electromagnetica cu dispozitive bio-compatibile CMO (Oscilator Magnetic de Compensare) cu validare stiintifica\",\"potentialAction\":[{\"@type\":\"SearchAction\",\"target\":{\"@type\":\"EntryPoint\",\"urlTemplate\":\"https:\\\/\\\/protectie-electromagnetica.ro\\\/cmo\\\/?s={search_term_string}\"},\"query-input\":{\"@type\":\"PropertyValueSpecification\",\"valueRequired\":true,\"valueName\":\"search_term_string\"}}],\"inLanguage\":\"ro-RO\"}]}<\/script>\n<!-- \/ Yoast SEO plugin. -->","yoast_head_json":{"title":"Protec\u0163ie electromagnetic\u0103 cu dispozitive CMO - Protec\u021bie electromagnetic\u0103","robots":{"index":"index","follow":"follow","max-snippet":"max-snippet:-1","max-image-preview":"max-image-preview:large","max-video-preview":"max-video-preview:-1"},"canonical":"https:\/\/protectie-electromagnetica.ro\/cmo\/","og_locale":"ro_RO","og_type":"article","og_title":"Protec\u0163ie electromagnetic\u0103 cu dispozitive CMO - Protec\u021bie electromagnetic\u0103","og_url":"https:\/\/protectie-electromagnetica.ro\/cmo\/","og_site_name":"Protec\u021bie electromagnetic\u0103","article_publisher":"https:\/\/www.facebook.com\/bioscem\/","twitter_card":"summary_large_image","schema":{"@context":"https:\/\/schema.org","@graph":[{"@type":"WebPage","@id":"https:\/\/protectie-electromagnetica.ro\/cmo\/","url":"https:\/\/protectie-electromagnetica.ro\/cmo\/","name":"Protec\u0163ie electromagnetic\u0103 cu dispozitive CMO - Protec\u021bie electromagnetic\u0103","isPartOf":{"@id":"https:\/\/protectie-electromagnetica.ro\/cmo\/#website"},"datePublished":"2019-11-14T18:46:26+00:00","breadcrumb":{"@id":"https:\/\/protectie-electromagnetica.ro\/cmo\/#breadcrumb"},"inLanguage":"ro-RO","potentialAction":[{"@type":"ReadAction","target":["https:\/\/protectie-electromagnetica.ro\/cmo\/"]}]},{"@type":"BreadcrumbList","@id":"https:\/\/protectie-electromagnetica.ro\/cmo\/#breadcrumb","itemListElement":[{"@type":"ListItem","position":1,"name":"Prima pagin\u0103","item":"https:\/\/protectie-electromagnetica.ro\/cmo\/"},{"@type":"ListItem","position":2,"name":"Protec\u0163ie electromagnetic\u0103 cu dispozitive CMO"}]},{"@type":"WebSite","@id":"https:\/\/protectie-electromagnetica.ro\/cmo\/#website","url":"https:\/\/protectie-electromagnetica.ro\/cmo\/","name":"Protec\u021bie electromagnetic\u0103","description":"Protectie Electromagnetica cu dispozitive bio-compatibile CMO (Oscilator Magnetic de Compensare) cu validare stiintifica","potentialAction":[{"@type":"SearchAction","target":{"@type":"EntryPoint","urlTemplate":"https:\/\/protectie-electromagnetica.ro\/cmo\/?s={search_term_string}"},"query-input":{"@type":"PropertyValueSpecification","valueRequired":true,"valueName":"search_term_string"}}],"inLanguage":"ro-RO"}]}},"_links":{"self":[{"href":"https:\/\/protectie-electromagnetica.ro\/cmo\/wp-json\/wp\/v2\/pages\/5510","targetHints":{"allow":["GET"]}}],"collection":[{"href":"https:\/\/protectie-electromagnetica.ro\/cmo\/wp-json\/wp\/v2\/pages"}],"about":[{"href":"https:\/\/protectie-electromagnetica.ro\/cmo\/wp-json\/wp\/v2\/types\/page"}],"author":[{"embeddable":true,"href":"https:\/\/protectie-electromagnetica.ro\/cmo\/wp-json\/wp\/v2\/users\/1"}],"replies":[{"embeddable":true,"href":"https:\/\/protectie-electromagnetica.ro\/cmo\/wp-json\/wp\/v2\/comments?post=5510"}],"version-history":[{"count":1,"href":"https:\/\/protectie-electromagnetica.ro\/cmo\/wp-json\/wp\/v2\/pages\/5510\/revisions"}],"predecessor-version":[{"id":5511,"href":"https:\/\/protectie-electromagnetica.ro\/cmo\/wp-json\/wp\/v2\/pages\/5510\/revisions\/5511"}],"wp:attachment":[{"href":"https:\/\/protectie-electromagnetica.ro\/cmo\/wp-json\/wp\/v2\/media?parent=5510"}],"curies":[{"name":"wp","href":"https:\/\/api.w.org\/{rel}","templated":true}]}}