{"id":864,"date":"2015-09-14T16:03:31","date_gmt":"2015-09-14T13:03:31","guid":{"rendered":"http:\/\/protectie-electromagnetica.ro\/?page_id=864"},"modified":"2024-04-23T19:25:31","modified_gmt":"2024-04-23T16:25:31","slug":"contact","status":"publish","type":"page","link":"https:\/\/protectie-electromagnetica.ro\/cmo\/contact\/","title":{"rendered":"Contact"},"content":{"rendered":"<p><div class=\"uk-h2\"><strong>BIOSCEM SRL<\/strong><\/div>Importator exclusiv <strong>ComoSystems<\/strong> \u00een Rom\u00e2nia<\/p>\r\n<p>Sediul: Str. Georgian Constantin, nr. 24, Sector 2, cod 0217622, Bucuresti, Romania<\/p>\r\n<p>Pentru detalii suplimentare despre produsele CMO, ne pute\u0163i contacta la:<\/p>\r\n<div class=\"uk-h4\">Tel: 0740.667.194<\/div>\r\n<div class=\"uk-h4\">E-mail: contact(at)bioscem.ro<\/div>\r\n\r\n\r\n","protected":false},"excerpt":{"rendered":"<p>BIOSCEM SRLImportator exclusiv ComoSystems \u00een Rom\u00e2nia Sediul: Str. Georgian Constantin, nr. 24, Sector 2, cod 0217622, Bucuresti, Romania Pentru detalii suplimentare despre produsele CMO, ne pute\u0163i contacta la: Tel: 0740.667.194 E-mail: contact(at)bioscem.ro<\/p>\n","protected":false},"author":2,"featured_media":992,"parent":0,"menu_order":0,"comment_status":"closed","ping_status":"closed","template":"","meta":{"footnotes":""},"class_list":["post-864","page","type-page","status-publish","has-post-thumbnail","hentry"],"yoast_head":"<!-- This site is optimized with the Yoast SEO plugin v27.6 - https:\/\/yoast.com\/product\/yoast-seo-wordpress\/ -->\n<title>Contact - Protec\u021bie electromagnetic\u0103<\/title>\n<meta name=\"robots\" content=\"index, follow, max-snippet:-1, max-image-preview:large, max-video-preview:-1\" \/>\n<link rel=\"canonical\" href=\"https:\/\/protectie-electromagnetica.ro\/cmo\/contact\/\" \/>\n<meta property=\"og:locale\" content=\"ro_RO\" \/>\n<meta property=\"og:type\" content=\"article\" \/>\n<meta property=\"og:title\" content=\"Contact - Protec\u021bie electromagnetic\u0103\" \/>\n<meta property=\"og:description\" content=\"BIOSCEM SRLImportator exclusiv ComoSystems \u00een Rom\u00e2nia Sediul: Str. Georgian Constantin, nr. 24, Sector 2, cod 0217622, Bucuresti, Romania Pentru detalii suplimentare despre produsele CMO, ne pute\u0163i contacta la: Tel: 0740.667.194 E-mail: contact(at)bioscem.ro\" \/>\n<meta property=\"og:url\" content=\"https:\/\/protectie-electromagnetica.ro\/cmo\/contact\/\" \/>\n<meta property=\"og:site_name\" content=\"Protec\u021bie electromagnetic\u0103\" \/>\n<meta property=\"article:publisher\" content=\"https:\/\/www.facebook.com\/bioscem\/\" \/>\n<meta property=\"article:modified_time\" content=\"2024-04-23T16:25:31+00:00\" \/>\n<meta property=\"og:image\" content=\"https:\/\/protectie-electromagnetica.ro\/cmo\/wp-content\/uploads\/2015\/11\/contact-cmo.jpg\" \/>\n\t<meta property=\"og:image:width\" content=\"630\" \/>\n\t<meta property=\"og:image:height\" content=\"420\" \/>\n\t<meta property=\"og:image:type\" content=\"image\/jpeg\" \/>\n<meta name=\"twitter:card\" content=\"summary_large_image\" \/>\n<script type=\"application\/ld+json\" class=\"yoast-schema-graph\">{\"@context\":\"https:\\\/\\\/schema.org\",\"@graph\":[{\"@type\":\"WebPage\",\"@id\":\"https:\\\/\\\/protectie-electromagnetica.ro\\\/cmo\\\/contact\\\/\",\"url\":\"https:\\\/\\\/protectie-electromagnetica.ro\\\/cmo\\\/contact\\\/\",\"name\":\"Contact - Protec\u021bie electromagnetic\u0103\",\"isPartOf\":{\"@id\":\"https:\\\/\\\/protectie-electromagnetica.ro\\\/cmo\\\/#website\"},\"primaryImageOfPage\":{\"@id\":\"https:\\\/\\\/protectie-electromagnetica.ro\\\/cmo\\\/contact\\\/#primaryimage\"},\"image\":{\"@id\":\"https:\\\/\\\/protectie-electromagnetica.ro\\\/cmo\\\/contact\\\/#primaryimage\"},\"thumbnailUrl\":\"https:\\\/\\\/protectie-electromagnetica.ro\\\/cmo\\\/wp-content\\\/uploads\\\/2015\\\/11\\\/contact-cmo.jpg\",\"datePublished\":\"2015-09-14T13:03:31+00:00\",\"dateModified\":\"2024-04-23T16:25:31+00:00\",\"breadcrumb\":{\"@id\":\"https:\\\/\\\/protectie-electromagnetica.ro\\\/cmo\\\/contact\\\/#breadcrumb\"},\"inLanguage\":\"ro-RO\",\"potentialAction\":[{\"@type\":\"ReadAction\",\"target\":[\"https:\\\/\\\/protectie-electromagnetica.ro\\\/cmo\\\/contact\\\/\"]}]},{\"@type\":\"ImageObject\",\"inLanguage\":\"ro-RO\",\"@id\":\"https:\\\/\\\/protectie-electromagnetica.ro\\\/cmo\\\/contact\\\/#primaryimage\",\"url\":\"https:\\\/\\\/protectie-electromagnetica.ro\\\/cmo\\\/wp-content\\\/uploads\\\/2015\\\/11\\\/contact-cmo.jpg\",\"contentUrl\":\"https:\\\/\\\/protectie-electromagnetica.ro\\\/cmo\\\/wp-content\\\/uploads\\\/2015\\\/11\\\/contact-cmo.jpg\",\"width\":630,\"height\":420},{\"@type\":\"BreadcrumbList\",\"@id\":\"https:\\\/\\\/protectie-electromagnetica.ro\\\/cmo\\\/contact\\\/#breadcrumb\",\"itemListElement\":[{\"@type\":\"ListItem\",\"position\":1,\"name\":\"Prima pagin\u0103\",\"item\":\"https:\\\/\\\/protectie-electromagnetica.ro\\\/cmo\\\/\"},{\"@type\":\"ListItem\",\"position\":2,\"name\":\"Contact\"}]},{\"@type\":\"WebSite\",\"@id\":\"https:\\\/\\\/protectie-electromagnetica.ro\\\/cmo\\\/#website\",\"url\":\"https:\\\/\\\/protectie-electromagnetica.ro\\\/cmo\\\/\",\"name\":\"Protec\u021bie electromagnetic\u0103\",\"description\":\"Protectie Electromagnetica cu dispozitive bio-compatibile CMO (Oscilator Magnetic de Compensare) cu validare stiintifica\",\"potentialAction\":[{\"@type\":\"SearchAction\",\"target\":{\"@type\":\"EntryPoint\",\"urlTemplate\":\"https:\\\/\\\/protectie-electromagnetica.ro\\\/cmo\\\/?s={search_term_string}\"},\"query-input\":{\"@type\":\"PropertyValueSpecification\",\"valueRequired\":true,\"valueName\":\"search_term_string\"}}],\"inLanguage\":\"ro-RO\"}]}<\/script>\n<!-- \/ Yoast SEO plugin. -->","yoast_head_json":{"title":"Contact - Protec\u021bie electromagnetic\u0103","robots":{"index":"index","follow":"follow","max-snippet":"max-snippet:-1","max-image-preview":"max-image-preview:large","max-video-preview":"max-video-preview:-1"},"canonical":"https:\/\/protectie-electromagnetica.ro\/cmo\/contact\/","og_locale":"ro_RO","og_type":"article","og_title":"Contact - Protec\u021bie electromagnetic\u0103","og_description":"BIOSCEM SRLImportator exclusiv ComoSystems \u00een Rom\u00e2nia Sediul: Str. Georgian Constantin, nr. 24, Sector 2, cod 0217622, Bucuresti, Romania Pentru detalii suplimentare despre produsele CMO, ne pute\u0163i contacta la: Tel: 0740.667.194 E-mail: contact(at)bioscem.ro","og_url":"https:\/\/protectie-electromagnetica.ro\/cmo\/contact\/","og_site_name":"Protec\u021bie electromagnetic\u0103","article_publisher":"https:\/\/www.facebook.com\/bioscem\/","article_modified_time":"2024-04-23T16:25:31+00:00","og_image":[{"width":630,"height":420,"url":"https:\/\/protectie-electromagnetica.ro\/cmo\/wp-content\/uploads\/2015\/11\/contact-cmo.jpg","type":"image\/jpeg"}],"twitter_card":"summary_large_image","schema":{"@context":"https:\/\/schema.org","@graph":[{"@type":"WebPage","@id":"https:\/\/protectie-electromagnetica.ro\/cmo\/contact\/","url":"https:\/\/protectie-electromagnetica.ro\/cmo\/contact\/","name":"Contact - Protec\u021bie electromagnetic\u0103","isPartOf":{"@id":"https:\/\/protectie-electromagnetica.ro\/cmo\/#website"},"primaryImageOfPage":{"@id":"https:\/\/protectie-electromagnetica.ro\/cmo\/contact\/#primaryimage"},"image":{"@id":"https:\/\/protectie-electromagnetica.ro\/cmo\/contact\/#primaryimage"},"thumbnailUrl":"https:\/\/protectie-electromagnetica.ro\/cmo\/wp-content\/uploads\/2015\/11\/contact-cmo.jpg","datePublished":"2015-09-14T13:03:31+00:00","dateModified":"2024-04-23T16:25:31+00:00","breadcrumb":{"@id":"https:\/\/protectie-electromagnetica.ro\/cmo\/contact\/#breadcrumb"},"inLanguage":"ro-RO","potentialAction":[{"@type":"ReadAction","target":["https:\/\/protectie-electromagnetica.ro\/cmo\/contact\/"]}]},{"@type":"ImageObject","inLanguage":"ro-RO","@id":"https:\/\/protectie-electromagnetica.ro\/cmo\/contact\/#primaryimage","url":"https:\/\/protectie-electromagnetica.ro\/cmo\/wp-content\/uploads\/2015\/11\/contact-cmo.jpg","contentUrl":"https:\/\/protectie-electromagnetica.ro\/cmo\/wp-content\/uploads\/2015\/11\/contact-cmo.jpg","width":630,"height":420},{"@type":"BreadcrumbList","@id":"https:\/\/protectie-electromagnetica.ro\/cmo\/contact\/#breadcrumb","itemListElement":[{"@type":"ListItem","position":1,"name":"Prima pagin\u0103","item":"https:\/\/protectie-electromagnetica.ro\/cmo\/"},{"@type":"ListItem","position":2,"name":"Contact"}]},{"@type":"WebSite","@id":"https:\/\/protectie-electromagnetica.ro\/cmo\/#website","url":"https:\/\/protectie-electromagnetica.ro\/cmo\/","name":"Protec\u021bie electromagnetic\u0103","description":"Protectie Electromagnetica cu dispozitive bio-compatibile CMO (Oscilator Magnetic de Compensare) cu validare stiintifica","potentialAction":[{"@type":"SearchAction","target":{"@type":"EntryPoint","urlTemplate":"https:\/\/protectie-electromagnetica.ro\/cmo\/?s={search_term_string}"},"query-input":{"@type":"PropertyValueSpecification","valueRequired":true,"valueName":"search_term_string"}}],"inLanguage":"ro-RO"}]}},"_links":{"self":[{"href":"https:\/\/protectie-electromagnetica.ro\/cmo\/wp-json\/wp\/v2\/pages\/864","targetHints":{"allow":["GET"]}}],"collection":[{"href":"https:\/\/protectie-electromagnetica.ro\/cmo\/wp-json\/wp\/v2\/pages"}],"about":[{"href":"https:\/\/protectie-electromagnetica.ro\/cmo\/wp-json\/wp\/v2\/types\/page"}],"author":[{"embeddable":true,"href":"https:\/\/protectie-electromagnetica.ro\/cmo\/wp-json\/wp\/v2\/users\/2"}],"replies":[{"embeddable":true,"href":"https:\/\/protectie-electromagnetica.ro\/cmo\/wp-json\/wp\/v2\/comments?post=864"}],"version-history":[{"count":1,"href":"https:\/\/protectie-electromagnetica.ro\/cmo\/wp-json\/wp\/v2\/pages\/864\/revisions"}],"predecessor-version":[{"id":5588,"href":"https:\/\/protectie-electromagnetica.ro\/cmo\/wp-json\/wp\/v2\/pages\/864\/revisions\/5588"}],"wp:featuredmedia":[{"embeddable":true,"href":"https:\/\/protectie-electromagnetica.ro\/cmo\/wp-json\/wp\/v2\/media\/992"}],"wp:attachment":[{"href":"https:\/\/protectie-electromagnetica.ro\/cmo\/wp-json\/wp\/v2\/media?parent=864"}],"curies":[{"name":"wp","href":"https:\/\/api.w.org\/{rel}","templated":true}]}}